{"id":996,"date":"2020-03-12T15:21:44","date_gmt":"2020-03-12T14:21:44","guid":{"rendered":"https:\/\/www.led-llt.eu\/?post_type=product&#038;p=996"},"modified":"2020-03-12T15:29:11","modified_gmt":"2020-03-12T14:29:11","slug":"805003-12w","status":"publish","type":"product","link":"https:\/\/www.led-llt.eu\/?product=805003-12w","title":{"rendered":"805003 &#8211; 12W"},"content":{"rendered":"<p>Pou\u017eit\u00ed &#8211;\u00a0kancel\u00e1\u0159, zasedac\u00ed m\u00edstnost, hala, hotel, supermarket, obchod atd.<\/p>\n<p>&nbsp;<\/p>\n<p>&nbsp;<\/p>\n","protected":false},"excerpt":{"rendered":"<h4>Vlastnosti<\/h4>\n<p>\u2022 SMD2835 jako sv\u011bteln\u00fd zdroj<\/p>\n<p>\u2022 Ovlada\u010d schv\u00e1len\u00fd CB<\/p>\n<p>\u2022 Vlastn\u00ed design<\/p>\n<p>\u2022 Snadn\u00e1 zapu\u0161t\u011bn\u00e1 instalace<\/p>\n<p>\u2022 ENEC, CE, ROHS, CB<\/p>\n<p>\u2022 5 let\u00e1 z\u00e1ruka<\/p>\n","protected":false},"featured_media":997,"comment_status":"open","ping_status":"closed","template":"","meta":{"_et_pb_use_builder":"","_et_pb_old_content":"","_et_gb_content_width":""},"_links":{"self":[{"href":"https:\/\/www.led-llt.eu\/index.php?rest_route=\/wp\/v2\/product\/996"}],"collection":[{"href":"https:\/\/www.led-llt.eu\/index.php?rest_route=\/wp\/v2\/product"}],"about":[{"href":"https:\/\/www.led-llt.eu\/index.php?rest_route=\/wp\/v2\/types\/product"}],"replies":[{"embeddable":true,"href":"https:\/\/www.led-llt.eu\/index.php?rest_route=%2Fwp%2Fv2%2Fcomments&post=996"}],"wp:featuredmedia":[{"embeddable":true,"href":"https:\/\/www.led-llt.eu\/index.php?rest_route=\/wp\/v2\/media\/997"}],"wp:attachment":[{"href":"https:\/\/www.led-llt.eu\/index.php?rest_route=%2Fwp%2Fv2%2Fmedia&parent=996"}],"curies":[{"name":"wp","href":"https:\/\/api.w.org\/{rel}","templated":true}]}}