{"id":971,"date":"2020-03-08T20:10:13","date_gmt":"2020-03-08T19:10:13","guid":{"rendered":"https:\/\/www.led-llt.eu\/?post_type=product&#038;p=971"},"modified":"2020-03-08T20:12:03","modified_gmt":"2020-03-08T19:12:03","slug":"803007-18w-36w-54w","status":"publish","type":"product","link":"https:\/\/www.led-llt.eu\/?product=803007-18w-36w-54w","title":{"rendered":"803007 &#8211; 18W\/36W\/54W"},"content":{"rendered":"<p>Pou\u017eit\u00ed -Osv\u011btlen\u00ed chladic\u00edch sklad\u016f a osv\u011btlen\u00ed chladn\u00fdch \u0159et\u011bz\u016f, parkovi\u0161t\u011b, supermarket, potravin\u00e1\u0159sk\u00e1 tov\u00e1rna<\/p>\n<p><img decoding=\"async\" loading=\"lazy\" class=\"alignnone size-medium wp-image-545\" src=\"https:\/\/www.led-llt.eu\/wp-content\/uploads\/2020\/03\/20190605015458247-300x144.jpg\" alt=\"\" width=\"300\" height=\"144\" \/> <img decoding=\"async\" loading=\"lazy\" class=\"alignnone size-medium wp-image-546\" src=\"https:\/\/www.led-llt.eu\/wp-content\/uploads\/2020\/03\/20190605015458944-300x111.jpg\" alt=\"\" width=\"300\" height=\"111\" \/><img decoding=\"async\" loading=\"lazy\" class=\"alignnone size-medium wp-image-544\" src=\"https:\/\/www.led-llt.eu\/wp-content\/uploads\/2020\/03\/20190605015458192-300x106.jpg\" alt=\"\" width=\"300\" height=\"106\" \/><\/p>\n<p>&nbsp;<\/p>\n","protected":false},"excerpt":{"rendered":"<h4>Vlastnosti<\/h4>\n<p>\u2022 Ochrana IP: IP65<\/p>\n<p>\u2022 Ochrana IK: IK10<\/p>\n<p>\u2022 Stabiln\u00ed spolehlivost, dlouh\u00e1 \u017eivotnost a \u00faspora energie<\/p>\n<p>\u2022 Snadn\u00e1 v\u00fdm\u011bna a instalace<\/p>\n<p>\u2022 Vysok\u00fd v\u00fdkon lumen\u016f: 100 lm \/ W<\/p>\n<p>\u2022 Schv\u00e1len\u00ed CE RoHS<\/p>\n","protected":false},"featured_media":972,"comment_status":"open","ping_status":"closed","template":"","meta":{"_et_pb_use_builder":"","_et_pb_old_content":"","_et_gb_content_width":""},"_links":{"self":[{"href":"https:\/\/www.led-llt.eu\/index.php?rest_route=\/wp\/v2\/product\/971"}],"collection":[{"href":"https:\/\/www.led-llt.eu\/index.php?rest_route=\/wp\/v2\/product"}],"about":[{"href":"https:\/\/www.led-llt.eu\/index.php?rest_route=\/wp\/v2\/types\/product"}],"replies":[{"embeddable":true,"href":"https:\/\/www.led-llt.eu\/index.php?rest_route=%2Fwp%2Fv2%2Fcomments&post=971"}],"wp:featuredmedia":[{"embeddable":true,"href":"https:\/\/www.led-llt.eu\/index.php?rest_route=\/wp\/v2\/media\/972"}],"wp:attachment":[{"href":"https:\/\/www.led-llt.eu\/index.php?rest_route=%2Fwp%2Fv2%2Fmedia&parent=971"}],"curies":[{"name":"wp","href":"https:\/\/api.w.org\/{rel}","templated":true}]}}