{"id":943,"date":"2020-03-08T19:35:33","date_gmt":"2020-03-08T18:35:33","guid":{"rendered":"https:\/\/www.led-llt.eu\/?post_type=product&#038;p=943"},"modified":"2020-03-08T19:42:19","modified_gmt":"2020-03-08T18:42:19","slug":"803001-30w","status":"publish","type":"product","link":"https:\/\/www.led-llt.eu\/?product=803001-30w","title":{"rendered":"803001 &#8211; 30W"},"content":{"rendered":"<p>Pou\u017eit\u00ed -Osv\u011btlen\u00ed chladic\u00edch sklad\u016f a osv\u011btlen\u00ed chladn\u00fdch \u0159et\u011bz\u016f, parkovi\u0161t\u011b, supermarket, potravin\u00e1\u0159sk\u00e1 tov\u00e1rna<\/p>\n<p><img decoding=\"async\" loading=\"lazy\" class=\"alignnone size-medium wp-image-545\" src=\"https:\/\/www.led-llt.eu\/wp-content\/uploads\/2020\/03\/20190605015458247-300x144.jpg\" alt=\"\" width=\"300\" height=\"144\" \/> <img decoding=\"async\" loading=\"lazy\" class=\"alignnone size-medium wp-image-546\" src=\"https:\/\/www.led-llt.eu\/wp-content\/uploads\/2020\/03\/20190605015458944-300x111.jpg\" alt=\"\" width=\"300\" height=\"111\" \/><img decoding=\"async\" loading=\"lazy\" class=\"alignnone size-medium wp-image-544\" src=\"https:\/\/www.led-llt.eu\/wp-content\/uploads\/2020\/03\/20190605015458192-300x106.jpg\" alt=\"\" width=\"300\" height=\"106\" \/><\/p>\n<p>&nbsp;<\/p>\n","protected":false},"excerpt":{"rendered":"<h4>Vlastnosti<\/h4>\n<p>\u2022 Zelen\u00e9 produkty<\/p>\n<p>\u2022 Snadn\u00e1 v\u00fdm\u011bna a instalace<\/p>\n<p>\u2022 80 lm \/ w a \u017eivotnost 50 000H<\/p>\n<p>\u2022 Vysok\u00e1 \u00fa\u010dinnost, \u00faspora energie a \u00fa\u010dinnost sv\u011btla<\/p>\n<p>\u2022 Schv\u00e1len\u00ed CE RoHS<\/p>\n","protected":false},"featured_media":944,"comment_status":"open","ping_status":"closed","template":"","meta":{"_et_pb_use_builder":"","_et_pb_old_content":"","_et_gb_content_width":""},"_links":{"self":[{"href":"https:\/\/www.led-llt.eu\/index.php?rest_route=\/wp\/v2\/product\/943"}],"collection":[{"href":"https:\/\/www.led-llt.eu\/index.php?rest_route=\/wp\/v2\/product"}],"about":[{"href":"https:\/\/www.led-llt.eu\/index.php?rest_route=\/wp\/v2\/types\/product"}],"replies":[{"embeddable":true,"href":"https:\/\/www.led-llt.eu\/index.php?rest_route=%2Fwp%2Fv2%2Fcomments&post=943"}],"wp:featuredmedia":[{"embeddable":true,"href":"https:\/\/www.led-llt.eu\/index.php?rest_route=\/wp\/v2\/media\/944"}],"wp:attachment":[{"href":"https:\/\/www.led-llt.eu\/index.php?rest_route=%2Fwp%2Fv2%2Fmedia&parent=943"}],"curies":[{"name":"wp","href":"https:\/\/api.w.org\/{rel}","templated":true}]}}