{"id":939,"date":"2020-03-08T19:26:24","date_gmt":"2020-03-08T18:26:24","guid":{"rendered":"https:\/\/www.led-llt.eu\/?post_type=product&#038;p=939"},"modified":"2020-03-08T19:32:35","modified_gmt":"2020-03-08T18:32:35","slug":"804007-39w-40w","status":"publish","type":"product","link":"https:\/\/www.led-llt.eu\/?product=804007-39w-40w","title":{"rendered":"804007 &#8211; 39W\/40W"},"content":{"rendered":"<p>Pou\u017eit\u00ed &#8211; Pou\u017e\u00edv\u00e1 se pro venkovn\u00ed reklamy, mokr\u00e9 m\u00edsto, venkovn\u00ed chodbu, koupelnu, plaveck\u00fd klub<\/p>\n<p><img decoding=\"async\" loading=\"lazy\" class=\"alignnone size-medium wp-image-560\" src=\"https:\/\/www.led-llt.eu\/wp-content\/uploads\/2020\/03\/20190610083800985-300x106.jpg\" alt=\"\" width=\"300\" height=\"106\" \/> <img decoding=\"async\" loading=\"lazy\" class=\"alignnone size-medium wp-image-561\" src=\"https:\/\/www.led-llt.eu\/wp-content\/uploads\/2020\/03\/20190610083943309-300x85.jpg\" alt=\"\" width=\"300\" height=\"85\" \/> <img decoding=\"async\" loading=\"lazy\" class=\"alignnone size-medium wp-image-562\" src=\"https:\/\/www.led-llt.eu\/wp-content\/uploads\/2020\/03\/20190610083908855-300x108.jpg\" alt=\"\" width=\"300\" height=\"108\" \/><\/p>\n<p>&nbsp;<\/p>\n","protected":false},"excerpt":{"rendered":"<h4>Kl\u00ed\u010dov\u00e9 vlastnosti<\/h4>\n<p>\u2022 LED certifikace LM-80 jako sv\u011bteln\u00fd zdroj<\/p>\n<p>\u2022 Speci\u00e1ln\u00ed pro zapu\u0161t\u011bnou instalaci<\/p>\n<p>\u2022 PWM dim, 26 \u00farovn\u00ed, (1% -100% dim) nebo 3 \u00farovn\u011b (30%, 50% a 80%) podle v\u00fdb\u011bru<\/p>\n<p>\u2022 Senzor denn\u00edho sv\u011btla, 3 pevn\u00e9 lux na v\u00fdb\u011br (300lux, 400lux a 500 lux)<\/p>\n<p>\u2022 P\u0159ijm\u011bte technologii sv\u011bteln\u00e9ho pr\u016fvodce TV pomoc\u00ed laserov\u00e9ho tisku LGP<\/p>\n","protected":false},"featured_media":940,"comment_status":"open","ping_status":"closed","template":"","meta":{"_et_pb_use_builder":"","_et_pb_old_content":"","_et_gb_content_width":""},"_links":{"self":[{"href":"https:\/\/www.led-llt.eu\/index.php?rest_route=\/wp\/v2\/product\/939"}],"collection":[{"href":"https:\/\/www.led-llt.eu\/index.php?rest_route=\/wp\/v2\/product"}],"about":[{"href":"https:\/\/www.led-llt.eu\/index.php?rest_route=\/wp\/v2\/types\/product"}],"replies":[{"embeddable":true,"href":"https:\/\/www.led-llt.eu\/index.php?rest_route=%2Fwp%2Fv2%2Fcomments&post=939"}],"wp:featuredmedia":[{"embeddable":true,"href":"https:\/\/www.led-llt.eu\/index.php?rest_route=\/wp\/v2\/media\/940"}],"wp:attachment":[{"href":"https:\/\/www.led-llt.eu\/index.php?rest_route=%2Fwp%2Fv2%2Fmedia&parent=939"}],"curies":[{"name":"wp","href":"https:\/\/api.w.org\/{rel}","templated":true}]}}