{"id":931,"date":"2020-03-08T14:55:40","date_gmt":"2020-03-08T13:55:40","guid":{"rendered":"https:\/\/www.led-llt.eu\/?post_type=product&#038;p=931"},"modified":"2020-03-08T14:58:01","modified_gmt":"2020-03-08T13:58:01","slug":"804006-10w-12w-16w-20w","status":"publish","type":"product","link":"https:\/\/www.led-llt.eu\/?product=804006-10w-12w-16w-20w","title":{"rendered":"804006 &#8211; 10W\/12W\/16W\/20W"},"content":{"rendered":"<p>Pou\u017eit\u00ed &#8211; Pou\u017e\u00edv\u00e1 se pro venkovn\u00ed reklamy, mokr\u00e9 m\u00edsto, venkovn\u00ed chodbu, koupelnu, plaveck\u00fd klub<\/p>\n<p><img decoding=\"async\" loading=\"lazy\" class=\"alignnone size-medium wp-image-560\" src=\"https:\/\/www.led-llt.eu\/wp-content\/uploads\/2020\/03\/20190610083800985-300x106.jpg\" alt=\"\" width=\"300\" height=\"106\" \/> <img decoding=\"async\" loading=\"lazy\" class=\"alignnone size-medium wp-image-561\" src=\"https:\/\/www.led-llt.eu\/wp-content\/uploads\/2020\/03\/20190610083943309-300x85.jpg\" alt=\"\" width=\"300\" height=\"85\" \/> <img decoding=\"async\" loading=\"lazy\" class=\"alignnone size-medium wp-image-562\" src=\"https:\/\/www.led-llt.eu\/wp-content\/uploads\/2020\/03\/20190610083908855-300x108.jpg\" alt=\"\" width=\"300\" height=\"108\" \/><\/p>\n<p>&nbsp;<\/p>\n","protected":false},"excerpt":{"rendered":"<h4>Kl\u00ed\u010dov\u00e9 vlastnosti<\/h4>\n<p>\u2022 Odn\u00edmateln\u00fd ovlada\u010d, stylov\u00fd vzhled;<\/p>\n<p>\u2022 Zm\u011bna CCT p\u0159ed instalac\u00ed, ulo\u017een\u00ed va\u0161ich z\u00e1sob<\/p>\n<p>\u2022 Vysok\u00e1 \u00fa\u010dinnost a \u00faspora energie<\/p>\n<p>\u2022 Dlouh\u00fd design s lehk\u00fdm rozp\u011bt\u00edm v\u00edce ne\u017e 20 000 hodin<\/p>\n<p>\u2022 Nab\u00eddkov\u00e9 \u0159\u00edzen\u00ed a blik\u00e1n\u00ed<\/p>\n","protected":false},"featured_media":932,"comment_status":"open","ping_status":"closed","template":"","meta":{"_et_pb_use_builder":"","_et_pb_old_content":"","_et_gb_content_width":""},"_links":{"self":[{"href":"https:\/\/www.led-llt.eu\/index.php?rest_route=\/wp\/v2\/product\/931"}],"collection":[{"href":"https:\/\/www.led-llt.eu\/index.php?rest_route=\/wp\/v2\/product"}],"about":[{"href":"https:\/\/www.led-llt.eu\/index.php?rest_route=\/wp\/v2\/types\/product"}],"replies":[{"embeddable":true,"href":"https:\/\/www.led-llt.eu\/index.php?rest_route=%2Fwp%2Fv2%2Fcomments&post=931"}],"wp:featuredmedia":[{"embeddable":true,"href":"https:\/\/www.led-llt.eu\/index.php?rest_route=\/wp\/v2\/media\/932"}],"wp:attachment":[{"href":"https:\/\/www.led-llt.eu\/index.php?rest_route=%2Fwp%2Fv2%2Fmedia&parent=931"}],"curies":[{"name":"wp","href":"https:\/\/api.w.org\/{rel}","templated":true}]}}