{"id":914,"date":"2020-03-08T14:15:37","date_gmt":"2020-03-08T13:15:37","guid":{"rendered":"https:\/\/www.led-llt.eu\/?post_type=product&#038;p=914"},"modified":"2020-03-08T14:24:47","modified_gmt":"2020-03-08T13:24:47","slug":"804002-20w-32w-36w-40w-70w","status":"publish","type":"product","link":"https:\/\/www.led-llt.eu\/?product=804002-20w-32w-36w-40w-70w","title":{"rendered":"804002 &#8211; 20W\/32W\/36W\/40W\/70W"},"content":{"rendered":"<p>Pou\u017eit\u00ed &#8211; Pou\u017e\u00edv\u00e1 se pro venkovn\u00ed reklamy, mokr\u00e9 m\u00edsto, venkovn\u00ed chodbu, koupelnu, plaveck\u00fd klub<\/p>\n<p><img decoding=\"async\" loading=\"lazy\" class=\"alignnone size-medium wp-image-560\" src=\"https:\/\/www.led-llt.eu\/wp-content\/uploads\/2020\/03\/20190610083800985-300x106.jpg\" alt=\"\" width=\"300\" height=\"106\" \/> <img decoding=\"async\" loading=\"lazy\" class=\"alignnone size-medium wp-image-561\" src=\"https:\/\/www.led-llt.eu\/wp-content\/uploads\/2020\/03\/20190610083943309-300x85.jpg\" alt=\"\" width=\"300\" height=\"85\" \/> <img decoding=\"async\" loading=\"lazy\" class=\"alignnone size-medium wp-image-562\" src=\"https:\/\/www.led-llt.eu\/wp-content\/uploads\/2020\/03\/20190610083908855-300x108.jpg\" alt=\"\" width=\"300\" height=\"108\" \/><\/p>\n<p>&nbsp;<\/p>\n","protected":false},"excerpt":{"rendered":"<h4>Kl\u00ed\u010dov\u00e9 vlastnosti<\/h4>\n<p>\u2022 LED certifikace LM-80 jako sv\u011bteln\u00fd zdroj<\/p>\n<p>\u2022 Speci\u00e1ln\u00ed pro zapu\u0161t\u011bnou instalaci<\/p>\n<p>\u2022 R\u016fzn\u00e9 opa\u010dn\u00e9 stm\u00edv\u00e1n\u00ed: 0-10V stm\u00edv\u00e1n\u00ed \/ stm\u00edv\u00e1n\u00ed Triaku \/ stm\u00edv\u00e1n\u00ed DALI<\/p>\n<p>\u2022 P\u0159ijm\u011bte technologii sv\u011bteln\u00e9ho pr\u016fvodce TV pomoc\u00ed laserov\u00e9ho tisku LGP<\/p>\n","protected":false},"featured_media":915,"comment_status":"open","ping_status":"closed","template":"","meta":{"_et_pb_use_builder":"","_et_pb_old_content":"","_et_gb_content_width":""},"_links":{"self":[{"href":"https:\/\/www.led-llt.eu\/index.php?rest_route=\/wp\/v2\/product\/914"}],"collection":[{"href":"https:\/\/www.led-llt.eu\/index.php?rest_route=\/wp\/v2\/product"}],"about":[{"href":"https:\/\/www.led-llt.eu\/index.php?rest_route=\/wp\/v2\/types\/product"}],"replies":[{"embeddable":true,"href":"https:\/\/www.led-llt.eu\/index.php?rest_route=%2Fwp%2Fv2%2Fcomments&post=914"}],"wp:featuredmedia":[{"embeddable":true,"href":"https:\/\/www.led-llt.eu\/index.php?rest_route=\/wp\/v2\/media\/915"}],"wp:attachment":[{"href":"https:\/\/www.led-llt.eu\/index.php?rest_route=%2Fwp%2Fv2%2Fmedia&parent=914"}],"curies":[{"name":"wp","href":"https:\/\/api.w.org\/{rel}","templated":true}]}}