{"id":900,"date":"2020-03-08T12:13:05","date_gmt":"2020-03-08T11:13:05","guid":{"rendered":"https:\/\/www.led-llt.eu\/?post_type=product&#038;p=900"},"modified":"2020-09-28T20:55:07","modified_gmt":"2020-09-28T18:55:07","slug":"303001-20w-25w-30w-40w-45w-50w","status":"publish","type":"product","link":"https:\/\/www.led-llt.eu\/?product=303001-20w-25w-30w-40w-45w-50w","title":{"rendered":"303001 &#8211; 20W\/25W\/30W\/40W\/45W\/50W"},"content":{"rendered":"<p>Pou\u017eit\u00ed -Osv\u011btlen\u00ed chladic\u00edch sklad\u016f a osv\u011btlen\u00ed chladn\u00fdch \u0159et\u011bz\u016f, parkovi\u0161t\u011b, supermarket, potravin\u00e1\u0159sk\u00e1 tov\u00e1rna<\/p>\n<p><img decoding=\"async\" loading=\"lazy\" class=\"alignnone size-medium wp-image-545\" src=\"https:\/\/www.led-llt.eu\/wp-content\/uploads\/2020\/03\/20190605015458247-300x144.jpg\" alt=\"\" width=\"300\" height=\"144\" \/> <img decoding=\"async\" loading=\"lazy\" class=\"alignnone size-medium wp-image-546\" src=\"https:\/\/www.led-llt.eu\/wp-content\/uploads\/2020\/03\/20190605015458944-300x111.jpg\" alt=\"\" width=\"300\" height=\"111\" \/><img decoding=\"async\" loading=\"lazy\" class=\"alignnone size-medium wp-image-544\" src=\"https:\/\/www.led-llt.eu\/wp-content\/uploads\/2020\/03\/20190605015458192-300x106.jpg\" alt=\"\" width=\"300\" height=\"106\" \/><\/p>\n<p>&nbsp;<\/p>\n","protected":false},"excerpt":{"rendered":"<h4>Vlastnosti<\/h4>\n<p>Lze propojit do s\u00e9rie<\/p>\n<p>IK 10<\/p>\n<p>N\u00edzk\u00fd \u00fatlum sv\u011btla (1,5% ~ 3% \/ rok)<\/p>\n<p>Ovl\u00e1d\u00e1n\u00ed: ZAP \/ VYP, stm\u00edv\u00e1n\u00ed 0-10V, DALI, senzor<\/p>\n<p>Nouzov\u00e9 za\u0159\u00edzen\u00ed s nouzov\u00fdm nap\u00e1jen\u00edm 3 hodiny<\/p>\n<p>Instalace: Stropn\u00ed mont\u00e1\u017e pevn\u00e1<\/p>\n","protected":false},"featured_media":901,"comment_status":"open","ping_status":"closed","template":"","meta":{"_et_pb_use_builder":"","_et_pb_old_content":"","_et_gb_content_width":""},"_links":{"self":[{"href":"https:\/\/www.led-llt.eu\/index.php?rest_route=\/wp\/v2\/product\/900"}],"collection":[{"href":"https:\/\/www.led-llt.eu\/index.php?rest_route=\/wp\/v2\/product"}],"about":[{"href":"https:\/\/www.led-llt.eu\/index.php?rest_route=\/wp\/v2\/types\/product"}],"replies":[{"embeddable":true,"href":"https:\/\/www.led-llt.eu\/index.php?rest_route=%2Fwp%2Fv2%2Fcomments&post=900"}],"wp:featuredmedia":[{"embeddable":true,"href":"https:\/\/www.led-llt.eu\/index.php?rest_route=\/wp\/v2\/media\/901"}],"wp:attachment":[{"href":"https:\/\/www.led-llt.eu\/index.php?rest_route=%2Fwp%2Fv2%2Fmedia&parent=900"}],"curies":[{"name":"wp","href":"https:\/\/api.w.org\/{rel}","templated":true}]}}