{"id":883,"date":"2020-03-08T11:41:34","date_gmt":"2020-03-08T10:41:34","guid":{"rendered":"https:\/\/www.led-llt.eu\/?post_type=product&#038;p=883"},"modified":"2020-03-08T11:53:08","modified_gmt":"2020-03-08T10:53:08","slug":"309005-30w-50w-100w-150w-200w","status":"publish","type":"product","link":"https:\/\/www.led-llt.eu\/?product=309005-30w-50w-100w-150w-200w","title":{"rendered":"309005 &#8211; 30W\/50W\/100W\/150W\/200W"},"content":{"rendered":"<p>Pou\u017eit\u00ed &#8211; Osv\u011btlen\u00ed silnic, osv\u011btlen\u00ed vrat, osv\u011btlen\u00ed osv\u011btlen\u00ed, osv\u011btlen\u00ed ramen, osv\u011btlen\u00ed chodn\u00edk\u016f,\u00a0osv\u011btlen\u00ed dok\u016f lod\u00ed, osv\u011btlen\u00ed farmy a ran\u010d\u016f a divo\u010diny Osv\u011btlen\u00ed prostoru.<\/p>\n<p><img decoding=\"async\" loading=\"lazy\" class=\"alignnone wp-image-877\" src=\"https:\/\/www.led-llt.eu\/wp-content\/uploads\/2020\/03\/street-300x98.png\" alt=\"\" width=\"490\" height=\"160\" srcset=\"https:\/\/www.led-llt.eu\/wp-content\/uploads\/2020\/03\/street-300x98.png 490w, https:\/\/www.led-llt.eu\/wp-content\/uploads\/2020\/03\/street-480x157.png 480w\" sizes=\"(min-width: 0px) and (max-width: 480px) 480px, (min-width: 481px) 490px, 100vw\" \/><\/p>\n<p>&nbsp;<\/p>\n","protected":false},"excerpt":{"rendered":"<p>V\u00fdkon \uff1a30W\/50W\/100W\/150W\/200W<br \/>\nVstupn\u00ed nap\u011bt\u00ed \uff1a AC110-240V<br \/>\nLED \uff1a SMD<br \/>\nBarva: 2700-7000K<br \/>\n\u00dahel paprsku \uff1a 60&#215;120 stupn\u011b<br \/>\nSv\u011bteln\u00fd efekt.110-140LM\/W<br \/>\nZ\u00e1ruka \uff1a5 let<br \/>\nCRI \uff1a 80<br \/>\nZna\u010dka driver\/ Meanwell Driver<\/p>\n","protected":false},"featured_media":885,"comment_status":"open","ping_status":"closed","template":"","meta":{"_et_pb_use_builder":"","_et_pb_old_content":"","_et_gb_content_width":""},"_links":{"self":[{"href":"https:\/\/www.led-llt.eu\/index.php?rest_route=\/wp\/v2\/product\/883"}],"collection":[{"href":"https:\/\/www.led-llt.eu\/index.php?rest_route=\/wp\/v2\/product"}],"about":[{"href":"https:\/\/www.led-llt.eu\/index.php?rest_route=\/wp\/v2\/types\/product"}],"replies":[{"embeddable":true,"href":"https:\/\/www.led-llt.eu\/index.php?rest_route=%2Fwp%2Fv2%2Fcomments&post=883"}],"wp:featuredmedia":[{"embeddable":true,"href":"https:\/\/www.led-llt.eu\/index.php?rest_route=\/wp\/v2\/media\/885"}],"wp:attachment":[{"href":"https:\/\/www.led-llt.eu\/index.php?rest_route=%2Fwp%2Fv2%2Fmedia&parent=883"}],"curies":[{"name":"wp","href":"https:\/\/api.w.org\/{rel}","templated":true}]}}