{"id":787,"date":"2020-03-04T13:43:26","date_gmt":"2020-03-04T12:43:26","guid":{"rendered":"https:\/\/www.led-llt.eu\/?post_type=product&#038;p=787"},"modified":"2020-03-09T15:52:56","modified_gmt":"2020-03-09T14:52:56","slug":"301005-50w-100w-150w-200w-240w-300w","status":"publish","type":"product","link":"https:\/\/www.led-llt.eu\/?product=301005-50w-100w-150w-200w-240w-300w","title":{"rendered":"301005 &#8211; 50W\/100W\/150W\/200W\/240W\/300W"},"content":{"rendered":"<p>Pou\u017eit\u00ed &#8211; D\u00edlna, tunel, podchodn\u00ed tov\u00e1rna, stanice, hypermarket, v\u00fdstava, centrum, t\u011blocvi\u010dna, osv\u011btlen\u00ed parku, osv\u011btlen\u00ed zahrady, osv\u011btlen\u00ed budovy, reklamn\u00ed tabule, venkovn\u00ed reklama, ze\u010f, t\u011blocvi\u010dna atd.<\/p>\n<p>&nbsp;<\/p>\n<p>&nbsp;<\/p>\n","protected":false},"excerpt":{"rendered":"<h3><strong>50W-300W F Type module led flood\u00a0lighting<\/strong><\/h3>\n<h5>V\u00fdkon \uff1a50W\/100W\/150W\/200W\/240W\/300W<br \/>\nVstupn\u00ed nap\u011bt\u00ed \uff1a AC100-240V<br \/>\nLED \uff1a SMD3030<br \/>\nBarva: 2700-7000K<br \/>\n\u00dahel paprsku 8\/30\/45\/60\/90<br \/>\nZ\u00e1ruka \uff1a 5 let<br \/>\nCRI \uff1a 80<\/h5>\n","protected":false},"featured_media":788,"comment_status":"open","ping_status":"closed","template":"","meta":{"_et_pb_use_builder":"","_et_pb_old_content":"","_et_gb_content_width":""},"_links":{"self":[{"href":"https:\/\/www.led-llt.eu\/index.php?rest_route=\/wp\/v2\/product\/787"}],"collection":[{"href":"https:\/\/www.led-llt.eu\/index.php?rest_route=\/wp\/v2\/product"}],"about":[{"href":"https:\/\/www.led-llt.eu\/index.php?rest_route=\/wp\/v2\/types\/product"}],"replies":[{"embeddable":true,"href":"https:\/\/www.led-llt.eu\/index.php?rest_route=%2Fwp%2Fv2%2Fcomments&post=787"}],"wp:featuredmedia":[{"embeddable":true,"href":"https:\/\/www.led-llt.eu\/index.php?rest_route=\/wp\/v2\/media\/788"}],"wp:attachment":[{"href":"https:\/\/www.led-llt.eu\/index.php?rest_route=%2Fwp%2Fv2%2Fmedia&parent=787"}],"curies":[{"name":"wp","href":"https:\/\/api.w.org\/{rel}","templated":true}]}}