{"id":763,"date":"2020-03-03T15:44:50","date_gmt":"2020-03-03T14:44:50","guid":{"rendered":"https:\/\/www.led-llt.eu\/?post_type=product&#038;p=763"},"modified":"2020-03-04T15:05:35","modified_gmt":"2020-03-04T14:05:35","slug":"301001-0-w-100w-150w-200w-300w-400w-500w","status":"publish","type":"product","link":"https:\/\/www.led-llt.eu\/?product=301001-0-w-100w-150w-200w-300w-400w-500w","title":{"rendered":"301001 &#8211; 10W\/100W\/150W\/200W\/300W\/400W\/500W"},"content":{"rendered":"<p>Pou\u017eit\u00ed &#8211; D\u00edlna, tunel, podchodn\u00ed tov\u00e1rna, stanice, hypermarket, v\u00fdstava, centrum, t\u011blocvi\u010dna, osv\u011btlen\u00ed parku, osv\u011btlen\u00ed zahrady, osv\u011btlen\u00ed budovy, reklamn\u00ed tabule, venkovn\u00ed reklama, ze\u010f, t\u011blocvi\u010dna atd.<\/p>\n<p><img decoding=\"async\" loading=\"lazy\" class=\"alignnone size-medium wp-image-764\" src=\"https:\/\/www.led-llt.eu\/wp-content\/uploads\/2020\/03\/LEz-300x250.png\" alt=\"\" width=\"300\" height=\"250\" \/><\/p>\n<p>&nbsp;<\/p>\n","protected":false},"excerpt":{"rendered":"<h5>50W &#8211; 500W<br \/>\nV\u00fdkon \uff1a 50 W \/ 100 W \/ 150 W \/ 200 W \/ 300 W \/ 400 W \/ 500 W<br \/>\nVstupn\u00ed nap\u011bt\u00ed \uff1a AC100-265V<br \/>\nLED \uff1a SMD3030<br \/>\nBarva: 2700-7000K<br \/>\n\u00dahel paprsku degree 60&#215;60 \/ 90&#215;90 \/ 60&#215;150 stupn\u011b<br \/>\nSv\u011bteln\u00fd efekt.110-140lm\/w<br \/>\nZ\u00e1ruka \uff1a 5 let<br \/>\nCRI \uff1a 80<br \/>\nZna\u010dka \u0159idi\u010de \uff1a Meanwell Driver<\/h5>\n","protected":false},"featured_media":768,"comment_status":"open","ping_status":"closed","template":"","meta":{"_et_pb_use_builder":"","_et_pb_old_content":"","_et_gb_content_width":""},"_links":{"self":[{"href":"https:\/\/www.led-llt.eu\/index.php?rest_route=\/wp\/v2\/product\/763"}],"collection":[{"href":"https:\/\/www.led-llt.eu\/index.php?rest_route=\/wp\/v2\/product"}],"about":[{"href":"https:\/\/www.led-llt.eu\/index.php?rest_route=\/wp\/v2\/types\/product"}],"replies":[{"embeddable":true,"href":"https:\/\/www.led-llt.eu\/index.php?rest_route=%2Fwp%2Fv2%2Fcomments&post=763"}],"wp:featuredmedia":[{"embeddable":true,"href":"https:\/\/www.led-llt.eu\/index.php?rest_route=\/wp\/v2\/media\/768"}],"wp:attachment":[{"href":"https:\/\/www.led-llt.eu\/index.php?rest_route=%2Fwp%2Fv2%2Fmedia&parent=763"}],"curies":[{"name":"wp","href":"https:\/\/api.w.org\/{rel}","templated":true}]}}