{"id":750,"date":"2020-03-03T15:24:04","date_gmt":"2020-03-03T14:24:04","guid":{"rendered":"https:\/\/www.led-llt.eu\/?post_type=product&#038;p=750"},"modified":"2020-03-03T15:30:25","modified_gmt":"2020-03-03T14:30:25","slug":"706030-8w","status":"publish","type":"product","link":"https:\/\/www.led-llt.eu\/?product=706030-8w","title":{"rendered":"706030- 8W"},"content":{"rendered":"<p>Pou\u017eit\u00ed &#8211; Toto sol\u00e1rn\u00ed sv\u00edtidlo je vhodn\u00e9 pro soukrom\u00e9 i ve\u0159ejn\u00e9 pou\u017eit\u00ed, dod\u00e1 va\u0161emu domu v\u00edce kouzla a fantazie!<br \/>\nSoukrom\u00e9 aplikace: d\u016fm, dv\u016fr, zahrada, p\u0159\u00edjezdov\u00e1 cesta, balkon, gar\u00e1\u017e, vchod, baz\u00e9n atd.<br \/>\nVe\u0159ejn\u00e1 aplikace: zahrada, n\u00e1m\u011bst\u00ed, stezka, \u0161kola, parkovi\u0161t\u011b, stanice metra, budova atd.<\/p>\n<p><img decoding=\"async\" loading=\"lazy\" class=\"alignnone size-medium wp-image-751\" src=\"https:\/\/www.led-llt.eu\/wp-content\/uploads\/2020\/03\/8W\u5e94\u7528\u573a\u666f\u56fe-2-119x300.jpg\" alt=\"\" width=\"119\" height=\"300\" srcset=\"https:\/\/www.led-llt.eu\/wp-content\/uploads\/2020\/03\/8W\u5e94\u7528\u573a\u666f\u56fe-2-119x300.jpg 119w, https:\/\/www.led-llt.eu\/wp-content\/uploads\/2020\/03\/8W\u5e94\u7528\u573a\u666f\u56fe-2-407x1024.jpg 407w, https:\/\/www.led-llt.eu\/wp-content\/uploads\/2020\/03\/8W\u5e94\u7528\u573a\u666f\u56fe-2-610x1536.jpg 610w, https:\/\/www.led-llt.eu\/wp-content\/uploads\/2020\/03\/8W\u5e94\u7528\u573a\u666f\u56fe-2-480x1208.jpg 480w, https:\/\/www.led-llt.eu\/wp-content\/uploads\/2020\/03\/8W\u5e94\u7528\u573a\u666f\u56fe-2-600x1510.jpg 600w, https:\/\/www.led-llt.eu\/wp-content\/uploads\/2020\/03\/8W\u5e94\u7528\u573a\u666f\u56fe-2.jpg 670w\" sizes=\"(max-width: 119px) 100vw, 119px\" \/> <img decoding=\"async\" loading=\"lazy\" class=\"alignnone size-medium wp-image-754\" src=\"https:\/\/www.led-llt.eu\/wp-content\/uploads\/2020\/03\/\u8ba4\u8bc1-Pro-ST-FM-181211-1-212x300.jpg\" alt=\"\" width=\"212\" height=\"300\" srcset=\"https:\/\/www.led-llt.eu\/wp-content\/uploads\/2020\/03\/\u8ba4\u8bc1-Pro-ST-FM-181211-1-212x300.jpg 212w, https:\/\/www.led-llt.eu\/wp-content\/uploads\/2020\/03\/\u8ba4\u8bc1-Pro-ST-FM-181211-1-480x678.jpg 480w, https:\/\/www.led-llt.eu\/wp-content\/uploads\/2020\/03\/\u8ba4\u8bc1-Pro-ST-FM-181211-1-600x847.jpg 600w, https:\/\/www.led-llt.eu\/wp-content\/uploads\/2020\/03\/\u8ba4\u8bc1-Pro-ST-FM-181211-1.jpg 670w\" sizes=\"(max-width: 212px) 100vw, 212px\" \/><\/p>\n<p>&nbsp;<\/p>\n","protected":false},"excerpt":{"rendered":"<h6>Polykrystalick\u00fd k\u0159em\u00edkov\u00fd silikonov\u00fd sol\u00e1rn\u00ed panel s vysokou konverz\u00ed<br \/>\nDoba nab\u00edjen\u00ed 5-6 hodin od slune\u010dn\u00edho sv\u011btla za den<br \/>\nPracovn\u00ed doba nep\u0159etr\u017eit\u011b pracovat 3-4 noci<br \/>\nBarva povrchu\u00a0 \u010dern\u00e1<br \/>\nRozsah sn\u00edm\u00e1n\u00ed \u22648m<br \/>\nCelkov\u00fd Rozm\u011br 413 * 232 * 58MM<br \/>\nBaterie Li-ion baterie 3.7V<br \/>\nMateri\u00e1l ABS, siln\u00fd bezpe\u010dn\u00fd materi\u00e1l<br \/>\nPracovn\u00ed teplota -20 ~ 55 \u00b0 C<br \/>\nBezdr\u00e1tov\u00e1 instalace<\/h6>\n","protected":false},"featured_media":758,"comment_status":"open","ping_status":"closed","template":"","meta":{"_et_pb_use_builder":"","_et_pb_old_content":"","_et_gb_content_width":""},"_links":{"self":[{"href":"https:\/\/www.led-llt.eu\/index.php?rest_route=\/wp\/v2\/product\/750"}],"collection":[{"href":"https:\/\/www.led-llt.eu\/index.php?rest_route=\/wp\/v2\/product"}],"about":[{"href":"https:\/\/www.led-llt.eu\/index.php?rest_route=\/wp\/v2\/types\/product"}],"replies":[{"embeddable":true,"href":"https:\/\/www.led-llt.eu\/index.php?rest_route=%2Fwp%2Fv2%2Fcomments&post=750"}],"wp:featuredmedia":[{"embeddable":true,"href":"https:\/\/www.led-llt.eu\/index.php?rest_route=\/wp\/v2\/media\/758"}],"wp:attachment":[{"href":"https:\/\/www.led-llt.eu\/index.php?rest_route=%2Fwp%2Fv2%2Fmedia&parent=750"}],"curies":[{"name":"wp","href":"https:\/\/api.w.org\/{rel}","templated":true}]}}