{"id":730,"date":"2020-03-03T15:05:45","date_gmt":"2020-03-03T14:05:45","guid":{"rendered":"https:\/\/www.led-llt.eu\/?post_type=product&#038;p=730"},"modified":"2020-03-03T15:07:23","modified_gmt":"2020-03-03T14:07:23","slug":"706024-2w-cerna","status":"publish","type":"product","link":"https:\/\/www.led-llt.eu\/?product=706024-2w-cerna","title":{"rendered":"706024- 2W \u010dern\u00e1"},"content":{"rendered":"<p>Pou\u017eit\u00ed &#8211; Toto sol\u00e1rn\u00ed n\u00e1st\u011bnn\u00e9 sv\u00edtidlo je vhodn\u00e9 pro soukrom\u00e9 i ve\u0159ejn\u00e9 pou\u017eit\u00ed, dod\u00e1 va\u0161emu domu v\u00edce kouzla a fantazie!<br \/>\nSoukrom\u00e9 aplikace: d\u016fm, dv\u016fr, zahrada, p\u0159\u00edjezdov\u00e1 cesta, balkon, gar\u00e1\u017e, vchod, baz\u00e9n atd.<br \/>\nVe\u0159ejn\u00e1 aplikace: zahrada, n\u00e1m\u011bst\u00ed, stezka, \u0161kola, parkovi\u0161t\u011b, stanice metra, budova atd.<\/p>\n<p><img decoding=\"async\" loading=\"lazy\" class=\"alignnone size-medium wp-image-721\" src=\"https:\/\/www.led-llt.eu\/wp-content\/uploads\/2020\/03\/2W\u5e94\u7528\u573a\u666f\u56fe32-300x200.jpg\" alt=\"\" width=\"300\" height=\"200\" srcset=\"https:\/\/www.led-llt.eu\/wp-content\/uploads\/2020\/03\/2W\u5e94\u7528\u573a\u666f\u56fe32-300x200.jpg 300w, https:\/\/www.led-llt.eu\/wp-content\/uploads\/2020\/03\/2W\u5e94\u7528\u573a\u666f\u56fe32-480x320.jpg 480w, https:\/\/www.led-llt.eu\/wp-content\/uploads\/2020\/03\/2W\u5e94\u7528\u573a\u666f\u56fe32-600x399.jpg 600w, https:\/\/www.led-llt.eu\/wp-content\/uploads\/2020\/03\/2W\u5e94\u7528\u573a\u666f\u56fe32.jpg 670w\" sizes=\"(max-width: 300px) 100vw, 300px\" \/> <img decoding=\"async\" loading=\"lazy\" class=\"alignnone size-medium wp-image-722\" src=\"https:\/\/www.led-llt.eu\/wp-content\/uploads\/2020\/03\/2W\u5e94\u7528\u573a\u666f\u56fe63-300x199.jpg\" alt=\"\" width=\"300\" height=\"199\" srcset=\"https:\/\/www.led-llt.eu\/wp-content\/uploads\/2020\/03\/2W\u5e94\u7528\u573a\u666f\u56fe63-300x199.jpg 300w, https:\/\/www.led-llt.eu\/wp-content\/uploads\/2020\/03\/2W\u5e94\u7528\u573a\u666f\u56fe63-480x318.jpg 480w, https:\/\/www.led-llt.eu\/wp-content\/uploads\/2020\/03\/2W\u5e94\u7528\u573a\u666f\u56fe63-600x398.jpg 600w, https:\/\/www.led-llt.eu\/wp-content\/uploads\/2020\/03\/2W\u5e94\u7528\u573a\u666f\u56fe63.jpg 670w\" sizes=\"(max-width: 300px) 100vw, 300px\" \/> <img decoding=\"async\" loading=\"lazy\" class=\"alignnone size-medium wp-image-723\" src=\"https:\/\/www.led-llt.eu\/wp-content\/uploads\/2020\/03\/2W\u5e94\u7528\u573a\u666f\u56fe71-300x199.jpg\" alt=\"\" width=\"300\" height=\"199\" srcset=\"https:\/\/www.led-llt.eu\/wp-content\/uploads\/2020\/03\/2W\u5e94\u7528\u573a\u666f\u56fe71-300x199.jpg 300w, https:\/\/www.led-llt.eu\/wp-content\/uploads\/2020\/03\/2W\u5e94\u7528\u573a\u666f\u56fe71-480x318.jpg 480w, https:\/\/www.led-llt.eu\/wp-content\/uploads\/2020\/03\/2W\u5e94\u7528\u573a\u666f\u56fe71-600x398.jpg 600w, https:\/\/www.led-llt.eu\/wp-content\/uploads\/2020\/03\/2W\u5e94\u7528\u573a\u666f\u56fe71.jpg 670w\" sizes=\"(max-width: 300px) 100vw, 300px\" \/> <img decoding=\"async\" loading=\"lazy\" class=\"alignnone size-medium wp-image-724\" src=\"https:\/\/www.led-llt.eu\/wp-content\/uploads\/2020\/03\/2W\u5e94\u7528\u573a\u666f\u56fe11-300x192.jpg\" alt=\"\" width=\"300\" height=\"192\" srcset=\"https:\/\/www.led-llt.eu\/wp-content\/uploads\/2020\/03\/2W\u5e94\u7528\u573a\u666f\u56fe11-300x192.jpg 300w, https:\/\/www.led-llt.eu\/wp-content\/uploads\/2020\/03\/2W\u5e94\u7528\u573a\u666f\u56fe11-480x307.jpg 480w, https:\/\/www.led-llt.eu\/wp-content\/uploads\/2020\/03\/2W\u5e94\u7528\u573a\u666f\u56fe11-600x384.jpg 600w, https:\/\/www.led-llt.eu\/wp-content\/uploads\/2020\/03\/2W\u5e94\u7528\u573a\u666f\u56fe11.jpg 670w\" sizes=\"(max-width: 300px) 100vw, 300px\" \/><img decoding=\"async\" loading=\"lazy\" class=\"alignnone size-medium wp-image-725\" src=\"https:\/\/www.led-llt.eu\/wp-content\/uploads\/2020\/03\/\u8ba4\u8bc1-181211-3-160x300.jpg\" alt=\"\" width=\"160\" height=\"300\" srcset=\"https:\/\/www.led-llt.eu\/wp-content\/uploads\/2020\/03\/\u8ba4\u8bc1-181211-3-160x300.jpg 160w, https:\/\/www.led-llt.eu\/wp-content\/uploads\/2020\/03\/\u8ba4\u8bc1-181211-3-546x1024.jpg 546w, https:\/\/www.led-llt.eu\/wp-content\/uploads\/2020\/03\/\u8ba4\u8bc1-181211-3-480x901.jpg 480w, https:\/\/www.led-llt.eu\/wp-content\/uploads\/2020\/03\/\u8ba4\u8bc1-181211-3-600x1126.jpg 600w, https:\/\/www.led-llt.eu\/wp-content\/uploads\/2020\/03\/\u8ba4\u8bc1-181211-3.jpg 670w\" sizes=\"(max-width: 160px) 100vw, 160px\" \/><\/p>\n<p>&nbsp;<\/p>\n<p>&nbsp;<\/p>\n<p>&nbsp;<\/p>\n<p>&nbsp;<\/p>\n","protected":false},"excerpt":{"rendered":"<h6>Polykrystalick\u00fd k\u0159em\u00edkov\u00fd silikonov\u00fd sol\u00e1rn\u00ed panel s vysokou konverz\u00ed<br \/>\nDoba nab\u00edjen\u00ed 5-6 hodin od slune\u010dn\u00edho sv\u011btla za den<br \/>\nPracovn\u00ed doba nep\u0159etr\u017eit\u011b pracuje 3 noci, 4 ~ 7 dn\u00ed v de\u0161tiv\u00fdch dnech<br \/>\nBarva povrchu\u00a0 \u010dern\u00e1, st\u0159\u00edbrn\u00e1<br \/>\nRozsah sn\u00edm\u00e1n\u00ed \u22646m<br \/>\nVlhkost 5 ~ 95% R.H<br \/>\nBaterie 3,7 V \/ 1200 mAh<br \/>\nRozm\u011br 158.5*152*123.5mm<br \/>\nHmotnost 0,23 kg<br \/>\nMateri\u00e1l ABS, anti-UV, V0 neho\u0159lav\u00fd, bezpe\u010dn\u00fd a siln\u00fd<br \/>\nPracovn\u00ed teplota -20 ~ 50 \u00b0 C<br \/>\nPohybov\u00fd senzor<br \/>\nBezdr\u00e1tov\u00e1 instalace<\/h6>\n","protected":false},"featured_media":734,"comment_status":"open","ping_status":"closed","template":"","meta":{"_et_pb_use_builder":"","_et_pb_old_content":"","_et_gb_content_width":""},"_links":{"self":[{"href":"https:\/\/www.led-llt.eu\/index.php?rest_route=\/wp\/v2\/product\/730"}],"collection":[{"href":"https:\/\/www.led-llt.eu\/index.php?rest_route=\/wp\/v2\/product"}],"about":[{"href":"https:\/\/www.led-llt.eu\/index.php?rest_route=\/wp\/v2\/types\/product"}],"replies":[{"embeddable":true,"href":"https:\/\/www.led-llt.eu\/index.php?rest_route=%2Fwp%2Fv2%2Fcomments&post=730"}],"wp:featuredmedia":[{"embeddable":true,"href":"https:\/\/www.led-llt.eu\/index.php?rest_route=\/wp\/v2\/media\/734"}],"wp:attachment":[{"href":"https:\/\/www.led-llt.eu\/index.php?rest_route=%2Fwp%2Fv2%2Fmedia&parent=730"}],"curies":[{"name":"wp","href":"https:\/\/api.w.org\/{rel}","templated":true}]}}