{"id":711,"date":"2020-03-03T14:13:12","date_gmt":"2020-03-03T13:13:12","guid":{"rendered":"https:\/\/www.led-llt.eu\/?post_type=product&#038;p=711"},"modified":"2023-09-02T01:05:29","modified_gmt":"2023-09-01T23:05:29","slug":"706035-40w","status":"publish","type":"product","link":"https:\/\/www.led-llt.eu\/?product=706035-40w","title":{"rendered":"706035- 40W"},"content":{"rendered":"<p>Pou\u017eit\u00ed &#8211; Parkovac\u00ed plocha, vozovka, ulice atd.<\/p>\n<p><img decoding=\"async\" loading=\"lazy\" class=\"alignnone size-medium wp-image-712\" src=\"https:\/\/www.led-llt.eu\/wp-content\/uploads\/2020\/03\/Foto-solar-300x157.png\" alt=\"\" width=\"300\" height=\"157\" \/><\/p>\n<p>&nbsp;<\/p>\n","protected":false},"excerpt":{"rendered":"<h6>150LM \/ W<br \/>\nJednostrann\u00e9 a dvouhlav\u00e9 podpory<br \/>\nD\u00e1lkov\u00e9 ovl\u00e1d\u00e1n\u00ed<br \/>\n3 r\u016fzn\u00e9 pracovn\u00ed re\u017eimy<br \/>\nRozm\u011br: 711,0 * 386,2 * 244,0 mm<br \/>\nLi-ion baterie, 244Wh \/ 11,1V, 22AH<br \/>\nPln\u011b nabit\u00e1 pracovn\u00ed doba se pohybuje od 3 do 6 noc\u00ed v r\u016fzn\u00fdch pracovn\u00edch re\u017eimech.<br \/>\n\u00dahel paprsku 140X78 \u00b0<br \/>\nPIR senzor Rozsah \u00dahel detekce: 150 \u00b0, Detek\u010dn\u00ed oblast: &lt;12M<br \/>\nMateri\u00e1l pouzdra Hlin\u00edk<br \/>\nInstala\u010dn\u00ed v\u00fd\u0161ka 4-6M<br \/>\nInstala\u010dn\u00ed mezera 10-15M<\/h6>\n","protected":false},"featured_media":713,"comment_status":"open","ping_status":"closed","template":"","meta":{"_et_pb_use_builder":"","_et_pb_old_content":"","_et_gb_content_width":""},"_links":{"self":[{"href":"https:\/\/www.led-llt.eu\/index.php?rest_route=\/wp\/v2\/product\/711"}],"collection":[{"href":"https:\/\/www.led-llt.eu\/index.php?rest_route=\/wp\/v2\/product"}],"about":[{"href":"https:\/\/www.led-llt.eu\/index.php?rest_route=\/wp\/v2\/types\/product"}],"replies":[{"embeddable":true,"href":"https:\/\/www.led-llt.eu\/index.php?rest_route=%2Fwp%2Fv2%2Fcomments&post=711"}],"wp:featuredmedia":[{"embeddable":true,"href":"https:\/\/www.led-llt.eu\/index.php?rest_route=\/wp\/v2\/media\/713"}],"wp:attachment":[{"href":"https:\/\/www.led-llt.eu\/index.php?rest_route=%2Fwp%2Fv2%2Fmedia&parent=711"}],"curies":[{"name":"wp","href":"https:\/\/api.w.org\/{rel}","templated":true}]}}