{"id":685,"date":"2020-03-03T12:46:44","date_gmt":"2020-03-03T11:46:44","guid":{"rendered":"https:\/\/www.led-llt.eu\/?post_type=product&#038;p=685"},"modified":"2020-03-03T12:49:32","modified_gmt":"2020-03-03T11:49:32","slug":"706015-68w-cerna","status":"publish","type":"product","link":"https:\/\/www.led-llt.eu\/?product=706015-68w-cerna","title":{"rendered":"706015- 6,8W  \u010dern\u00e1"},"content":{"rendered":"<p>Toto sol\u00e1rn\u00ed n\u00e1st\u011bnn\u00e9 sv\u00edtidlo je vhodn\u00e9 pro soukrom\u00e9 i ve\u0159ejn\u00e9 pou\u017eit\u00ed, dod\u00e1 va\u0161emu domu v\u00edce kouzla a fantazie,<br \/>\nSoukrom\u00e9 aplikace: d\u016fm, dv\u016fr, zahrada, p\u0159\u00edjezdov\u00e1 cesta, balkon, gar\u00e1\u017e, vchod, baz\u00e9n atd.<br \/>\nVe\u0159ejn\u00e1 aplikace: zahrada, n\u00e1m\u011bst\u00ed, stezka, \u0161kola, parkovi\u0161t\u011b, stanice metra, budova atd.<\/p>\n<p><img decoding=\"async\" loading=\"lazy\" class=\"alignnone size-medium wp-image-676\" src=\"https:\/\/www.led-llt.eu\/wp-content\/uploads\/2020\/03\/6_8W\u4f18\u52bf\u56fe2-300x176.jpg\" alt=\"\" width=\"300\" height=\"176\" srcset=\"https:\/\/www.led-llt.eu\/wp-content\/uploads\/2020\/03\/6_8W\u4f18\u52bf\u56fe2-300x176.jpg 300w, https:\/\/www.led-llt.eu\/wp-content\/uploads\/2020\/03\/6_8W\u4f18\u52bf\u56fe2-480x282.jpg 480w, https:\/\/www.led-llt.eu\/wp-content\/uploads\/2020\/03\/6_8W\u4f18\u52bf\u56fe2-600x352.jpg 600w, https:\/\/www.led-llt.eu\/wp-content\/uploads\/2020\/03\/6_8W\u4f18\u52bf\u56fe2.jpg 670w\" sizes=\"(max-width: 300px) 100vw, 300px\" \/> <img decoding=\"async\" loading=\"lazy\" class=\"alignnone size-medium wp-image-677\" src=\"https:\/\/www.led-llt.eu\/wp-content\/uploads\/2020\/03\/6_8W\u4f18\u52bf\u56fe1-300x249.jpg\" alt=\"\" width=\"300\" height=\"249\" srcset=\"https:\/\/www.led-llt.eu\/wp-content\/uploads\/2020\/03\/6_8W\u4f18\u52bf\u56fe1-300x249.jpg 300w, https:\/\/www.led-llt.eu\/wp-content\/uploads\/2020\/03\/6_8W\u4f18\u52bf\u56fe1-480x398.jpg 480w, https:\/\/www.led-llt.eu\/wp-content\/uploads\/2020\/03\/6_8W\u4f18\u52bf\u56fe1-600x497.jpg 600w, https:\/\/www.led-llt.eu\/wp-content\/uploads\/2020\/03\/6_8W\u4f18\u52bf\u56fe1.jpg 670w\" sizes=\"(max-width: 300px) 100vw, 300px\" \/> <img decoding=\"async\" loading=\"lazy\" class=\"alignnone size-medium wp-image-678\" src=\"https:\/\/www.led-llt.eu\/wp-content\/uploads\/2020\/03\/6_8W\u4f18\u52bf\u56fe3-300x175.jpg\" alt=\"\" width=\"300\" height=\"175\" srcset=\"https:\/\/www.led-llt.eu\/wp-content\/uploads\/2020\/03\/6_8W\u4f18\u52bf\u56fe3-300x175.jpg 300w, https:\/\/www.led-llt.eu\/wp-content\/uploads\/2020\/03\/6_8W\u4f18\u52bf\u56fe3-480x280.jpg 480w, https:\/\/www.led-llt.eu\/wp-content\/uploads\/2020\/03\/6_8W\u4f18\u52bf\u56fe3-600x350.jpg 600w, https:\/\/www.led-llt.eu\/wp-content\/uploads\/2020\/03\/6_8W\u4f18\u52bf\u56fe3.jpg 670w\" sizes=\"(max-width: 300px) 100vw, 300px\" \/><\/p>\n<p><img decoding=\"async\" loading=\"lazy\" class=\"alignnone size-medium wp-image-686\" src=\"https:\/\/www.led-llt.eu\/wp-content\/uploads\/2020\/03\/6_8W\u5e94\u7528\u573a\u666f\u56fe4-225x300.jpg\" alt=\"\" width=\"225\" height=\"300\" srcset=\"https:\/\/www.led-llt.eu\/wp-content\/uploads\/2020\/03\/6_8W\u5e94\u7528\u573a\u666f\u56fe4-225x300.jpg 225w, https:\/\/www.led-llt.eu\/wp-content\/uploads\/2020\/03\/6_8W\u5e94\u7528\u573a\u666f\u56fe4-480x640.jpg 480w, https:\/\/www.led-llt.eu\/wp-content\/uploads\/2020\/03\/6_8W\u5e94\u7528\u573a\u666f\u56fe4-600x801.jpg 600w, https:\/\/www.led-llt.eu\/wp-content\/uploads\/2020\/03\/6_8W\u5e94\u7528\u573a\u666f\u56fe4.jpg 670w\" sizes=\"(max-width: 225px) 100vw, 225px\" \/> <img decoding=\"async\" loading=\"lazy\" class=\"alignnone size-medium wp-image-687\" src=\"https:\/\/www.led-llt.eu\/wp-content\/uploads\/2020\/03\/6_8W\u5e94\u7528\u573a\u666f\u56fe6-300x201.jpg\" alt=\"\" width=\"300\" height=\"201\" srcset=\"https:\/\/www.led-llt.eu\/wp-content\/uploads\/2020\/03\/6_8W\u5e94\u7528\u573a\u666f\u56fe6-300x201.jpg 300w, https:\/\/www.led-llt.eu\/wp-content\/uploads\/2020\/03\/6_8W\u5e94\u7528\u573a\u666f\u56fe6-480x322.jpg 480w, https:\/\/www.led-llt.eu\/wp-content\/uploads\/2020\/03\/6_8W\u5e94\u7528\u573a\u666f\u56fe6-600x402.jpg 600w, https:\/\/www.led-llt.eu\/wp-content\/uploads\/2020\/03\/6_8W\u5e94\u7528\u573a\u666f\u56fe6.jpg 670w\" sizes=\"(max-width: 300px) 100vw, 300px\" \/> <img decoding=\"async\" loading=\"lazy\" class=\"alignnone size-medium wp-image-688\" src=\"https:\/\/www.led-llt.eu\/wp-content\/uploads\/2020\/03\/6_8W\u5e94\u7528\u573a\u666f\u56fe31-300x199.jpg\" alt=\"\" width=\"300\" height=\"199\" srcset=\"https:\/\/www.led-llt.eu\/wp-content\/uploads\/2020\/03\/6_8W\u5e94\u7528\u573a\u666f\u56fe31-300x199.jpg 300w, https:\/\/www.led-llt.eu\/wp-content\/uploads\/2020\/03\/6_8W\u5e94\u7528\u573a\u666f\u56fe31-480x319.jpg 480w, https:\/\/www.led-llt.eu\/wp-content\/uploads\/2020\/03\/6_8W\u5e94\u7528\u573a\u666f\u56fe31-600x399.jpg 600w, https:\/\/www.led-llt.eu\/wp-content\/uploads\/2020\/03\/6_8W\u5e94\u7528\u573a\u666f\u56fe31.jpg 670w\" sizes=\"(max-width: 300px) 100vw, 300px\" \/><\/p>\n<p><img decoding=\"async\" loading=\"lazy\" class=\"alignnone size-medium wp-image-683\" src=\"https:\/\/www.led-llt.eu\/wp-content\/uploads\/2020\/03\/\u8ba4\u8bc1-181211-2-160x300.jpg\" alt=\"\" width=\"160\" height=\"300\" srcset=\"https:\/\/www.led-llt.eu\/wp-content\/uploads\/2020\/03\/\u8ba4\u8bc1-181211-2-160x300.jpg 160w, https:\/\/www.led-llt.eu\/wp-content\/uploads\/2020\/03\/\u8ba4\u8bc1-181211-2-546x1024.jpg 546w, https:\/\/www.led-llt.eu\/wp-content\/uploads\/2020\/03\/\u8ba4\u8bc1-181211-2-480x901.jpg 480w, https:\/\/www.led-llt.eu\/wp-content\/uploads\/2020\/03\/\u8ba4\u8bc1-181211-2-600x1126.jpg 600w, https:\/\/www.led-llt.eu\/wp-content\/uploads\/2020\/03\/\u8ba4\u8bc1-181211-2.jpg 670w\" sizes=\"(max-width: 160px) 100vw, 160px\" \/><\/p>\n<p>&nbsp;<\/p>\n","protected":false},"excerpt":{"rendered":"<h6>Polykrystalick\u00fd k\u0159em\u00edkov\u00fd silikonov\u00fd sol\u00e1rn\u00ed panel s vysokou konverz\u00ed<br \/>\nDoba nab\u00edjen\u00ed 5-6 hodin od slune\u010dn\u00edho sv\u011btla za den<br \/>\nPracovn\u00ed doba nep\u0159etr\u017eit\u011b pracuje 3 noci, 4 ~ 7 dn\u00ed v de\u0161tiv\u00fdch dnech<br \/>\nBarva povrchu b\u00edl\u00e1, \u010dern\u00e1, st\u0159\u00edbrn\u00e1<br \/>\nRozsah sn\u00edm\u00e1n\u00ed \u22646m<br \/>\nVlhkost 5 ~ 95% R.H<br \/>\nBaterie 3.7V\/4000mAh<br \/>\nRozm\u011br 270*221*109.2mm<br \/>\nMateri\u00e1l ABS, anti-UV, V0 neho\u0159lav\u00fd, bezpe\u010dn\u00fd a siln\u00fd<br \/>\nPracovn\u00ed teplota -20~50\u00b0C<br \/>\nPohybov\u00fd senzor<br \/>\nBezdr\u00e1tov\u00e1 instalace<\/h6>\n","protected":false},"featured_media":692,"comment_status":"open","ping_status":"closed","template":"","meta":{"_et_pb_use_builder":"","_et_pb_old_content":"","_et_gb_content_width":""},"_links":{"self":[{"href":"https:\/\/www.led-llt.eu\/index.php?rest_route=\/wp\/v2\/product\/685"}],"collection":[{"href":"https:\/\/www.led-llt.eu\/index.php?rest_route=\/wp\/v2\/product"}],"about":[{"href":"https:\/\/www.led-llt.eu\/index.php?rest_route=\/wp\/v2\/types\/product"}],"replies":[{"embeddable":true,"href":"https:\/\/www.led-llt.eu\/index.php?rest_route=%2Fwp%2Fv2%2Fcomments&post=685"}],"wp:featuredmedia":[{"embeddable":true,"href":"https:\/\/www.led-llt.eu\/index.php?rest_route=\/wp\/v2\/media\/692"}],"wp:attachment":[{"href":"https:\/\/www.led-llt.eu\/index.php?rest_route=%2Fwp%2Fv2%2Fmedia&parent=685"}],"curies":[{"name":"wp","href":"https:\/\/api.w.org\/{rel}","templated":true}]}}