{"id":634,"date":"2020-03-03T12:07:46","date_gmt":"2020-03-03T11:07:46","guid":{"rendered":"https:\/\/www.led-llt.eu\/?post_type=product&#038;p=634"},"modified":"2020-03-03T12:38:30","modified_gmt":"2020-03-03T11:38:30","slug":"706010-2w","status":"publish","type":"product","link":"https:\/\/www.led-llt.eu\/?product=706010-2w","title":{"rendered":"706010- 2W st\u0159\u00edbrn\u00e1"},"content":{"rendered":"<p>Toto sol\u00e1rn\u00ed n\u00e1st\u011bnn\u00e9 sv\u00edtidlo je vhodn\u00e9 pro soukrom\u00e9 i ve\u0159ejn\u00e9 pou\u017eit\u00ed, dod\u00e1 va\u0161emu domu v\u00edce kouzla a fantazie,<br \/>\nSoukrom\u00e9 aplikace: d\u016fm, dv\u016fr, zahrada, p\u0159\u00edjezdov\u00e1 cesta, balkon, gar\u00e1\u017e, vchod, baz\u00e9n atd.<br \/>\nVe\u0159ejn\u00e1 aplikace: zahrada, n\u00e1m\u011bst\u00ed, stezka, \u0161kola, parkovi\u0161t\u011b, stanice metra, budova atd.<\/p>\n<p><img decoding=\"async\" loading=\"lazy\" class=\"alignnone size-medium wp-image-617\" src=\"https:\/\/www.led-llt.eu\/wp-content\/uploads\/2020\/03\/2W\u5e94\u7528\u573a\u666f\u56fe4-225x300.jpg\" alt=\"\" width=\"225\" height=\"300\" srcset=\"https:\/\/www.led-llt.eu\/wp-content\/uploads\/2020\/03\/2W\u5e94\u7528\u573a\u666f\u56fe4-225x300.jpg 225w, https:\/\/www.led-llt.eu\/wp-content\/uploads\/2020\/03\/2W\u5e94\u7528\u573a\u666f\u56fe4-480x639.jpg 480w, https:\/\/www.led-llt.eu\/wp-content\/uploads\/2020\/03\/2W\u5e94\u7528\u573a\u666f\u56fe4-600x799.jpg 600w, https:\/\/www.led-llt.eu\/wp-content\/uploads\/2020\/03\/2W\u5e94\u7528\u573a\u666f\u56fe4.jpg 670w\" sizes=\"(max-width: 225px) 100vw, 225px\" \/> <img decoding=\"async\" loading=\"lazy\" class=\"alignnone size-medium wp-image-618\" src=\"https:\/\/www.led-llt.eu\/wp-content\/uploads\/2020\/03\/2W\u5e94\u7528\u573a\u666f\u56fe7-300x197.jpg\" alt=\"\" width=\"300\" height=\"197\" srcset=\"https:\/\/www.led-llt.eu\/wp-content\/uploads\/2020\/03\/2W\u5e94\u7528\u573a\u666f\u56fe7-300x197.jpg 300w, https:\/\/www.led-llt.eu\/wp-content\/uploads\/2020\/03\/2W\u5e94\u7528\u573a\u666f\u56fe7-480x315.jpg 480w, https:\/\/www.led-llt.eu\/wp-content\/uploads\/2020\/03\/2W\u5e94\u7528\u573a\u666f\u56fe7-600x393.jpg 600w, https:\/\/www.led-llt.eu\/wp-content\/uploads\/2020\/03\/2W\u5e94\u7528\u573a\u666f\u56fe7.jpg 670w\" sizes=\"(max-width: 300px) 100vw, 300px\" \/> <img decoding=\"async\" loading=\"lazy\" class=\"alignnone size-medium wp-image-619\" src=\"https:\/\/www.led-llt.eu\/wp-content\/uploads\/2020\/03\/2W\u5e94\u7528\u573a\u666f\u56fe22-300x199.jpg\" alt=\"\" width=\"300\" height=\"199\" srcset=\"https:\/\/www.led-llt.eu\/wp-content\/uploads\/2020\/03\/2W\u5e94\u7528\u573a\u666f\u56fe22-300x199.jpg 300w, https:\/\/www.led-llt.eu\/wp-content\/uploads\/2020\/03\/2W\u5e94\u7528\u573a\u666f\u56fe22-480x318.jpg 480w, https:\/\/www.led-llt.eu\/wp-content\/uploads\/2020\/03\/2W\u5e94\u7528\u573a\u666f\u56fe22-600x398.jpg 600w, https:\/\/www.led-llt.eu\/wp-content\/uploads\/2020\/03\/2W\u5e94\u7528\u573a\u666f\u56fe22.jpg 670w\" sizes=\"(max-width: 300px) 100vw, 300px\" \/> <img decoding=\"async\" loading=\"lazy\" class=\"alignnone size-medium wp-image-620\" src=\"https:\/\/www.led-llt.eu\/wp-content\/uploads\/2020\/03\/2W\u5e94\u7528\u573a\u666f\u56fe6-300x200.jpg\" alt=\"\" width=\"300\" height=\"200\" srcset=\"https:\/\/www.led-llt.eu\/wp-content\/uploads\/2020\/03\/2W\u5e94\u7528\u573a\u666f\u56fe6-300x200.jpg 300w, https:\/\/www.led-llt.eu\/wp-content\/uploads\/2020\/03\/2W\u5e94\u7528\u573a\u666f\u56fe6-480x320.jpg 480w, https:\/\/www.led-llt.eu\/wp-content\/uploads\/2020\/03\/2W\u5e94\u7528\u573a\u666f\u56fe6-600x399.jpg 600w, https:\/\/www.led-llt.eu\/wp-content\/uploads\/2020\/03\/2W\u5e94\u7528\u573a\u666f\u56fe6.jpg 670w\" sizes=\"(max-width: 300px) 100vw, 300px\" \/> <img decoding=\"async\" loading=\"lazy\" class=\"alignnone size-medium wp-image-621\" src=\"https:\/\/www.led-llt.eu\/wp-content\/uploads\/2020\/03\/2W\u5e94\u7528\u573a\u666f\u56fe1-300x200.jpg\" alt=\"\" width=\"300\" height=\"200\" srcset=\"https:\/\/www.led-llt.eu\/wp-content\/uploads\/2020\/03\/2W\u5e94\u7528\u573a\u666f\u56fe1-300x200.jpg 300w, https:\/\/www.led-llt.eu\/wp-content\/uploads\/2020\/03\/2W\u5e94\u7528\u573a\u666f\u56fe1-480x320.jpg 480w, https:\/\/www.led-llt.eu\/wp-content\/uploads\/2020\/03\/2W\u5e94\u7528\u573a\u666f\u56fe1-600x400.jpg 600w, https:\/\/www.led-llt.eu\/wp-content\/uploads\/2020\/03\/2W\u5e94\u7528\u573a\u666f\u56fe1.jpg 670w\" sizes=\"(max-width: 300px) 100vw, 300px\" \/> <img decoding=\"async\" loading=\"lazy\" class=\"alignnone size-medium wp-image-622\" src=\"https:\/\/www.led-llt.eu\/wp-content\/uploads\/2020\/03\/2W\u5e94\u7528\u573a\u666f\u56fe3-1-300x200.jpg\" alt=\"\" width=\"300\" height=\"200\" srcset=\"https:\/\/www.led-llt.eu\/wp-content\/uploads\/2020\/03\/2W\u5e94\u7528\u573a\u666f\u56fe3-1-300x200.jpg 300w, https:\/\/www.led-llt.eu\/wp-content\/uploads\/2020\/03\/2W\u5e94\u7528\u573a\u666f\u56fe3-1-480x320.jpg 480w, https:\/\/www.led-llt.eu\/wp-content\/uploads\/2020\/03\/2W\u5e94\u7528\u573a\u666f\u56fe3-1-600x399.jpg 600w, https:\/\/www.led-llt.eu\/wp-content\/uploads\/2020\/03\/2W\u5e94\u7528\u573a\u666f\u56fe3-1.jpg 670w\" sizes=\"(max-width: 300px) 100vw, 300px\" \/><\/p>\n<p>&nbsp;<\/p>\n<p>&nbsp;<\/p>\n<p>&nbsp;<\/p>\n","protected":false},"excerpt":{"rendered":"<h6>Polykrystalick\u00fd k\u0159em\u00edkov\u00fd silikonov\u00fd sol\u00e1rn\u00ed panel s vysokou konverz\u00ed<br \/>\nDoba nab\u00edjen\u00ed 5-6 hodin od slune\u010dn\u00edho sv\u011btla za den<br \/>\nPracovn\u00ed doba nep\u0159etr\u017eit\u011b pracuje 3 noci, 4 ~ 7 dn\u00ed v de\u0161tiv\u00fdch dnech<br \/>\nBarva povrchu b\u00edl\u00e1, \u010dern\u00e1, st\u0159\u00edbrn\u00e1<br \/>\nRozsah sn\u00edm\u00e1n\u00ed \u22646m<br \/>\nVlhkost 5 ~ 95% R.H<br \/>\nBaterie 3,7 V \/ 1200 mAh<br \/>\nRozm\u011br 152,0 * 96,0 * 83,4 mm<br \/>\nMateri\u00e1l ABS, anti-UV, V0 neho\u0159lav\u00fd, bezpe\u010dn\u00fd a siln\u00fd<br \/>\nPracovn\u00ed teplota -20~45\u00b0C<br \/>\nPohybov\u00fd senzor<br \/>\nBezdr\u00e1tov\u00e1 instalace<\/h6>\n","protected":false},"featured_media":635,"comment_status":"open","ping_status":"closed","template":"","meta":{"_et_pb_use_builder":"","_et_pb_old_content":"","_et_gb_content_width":""},"_links":{"self":[{"href":"https:\/\/www.led-llt.eu\/index.php?rest_route=\/wp\/v2\/product\/634"}],"collection":[{"href":"https:\/\/www.led-llt.eu\/index.php?rest_route=\/wp\/v2\/product"}],"about":[{"href":"https:\/\/www.led-llt.eu\/index.php?rest_route=\/wp\/v2\/types\/product"}],"replies":[{"embeddable":true,"href":"https:\/\/www.led-llt.eu\/index.php?rest_route=%2Fwp%2Fv2%2Fcomments&post=634"}],"wp:featuredmedia":[{"embeddable":true,"href":"https:\/\/www.led-llt.eu\/index.php?rest_route=\/wp\/v2\/media\/635"}],"wp:attachment":[{"href":"https:\/\/www.led-llt.eu\/index.php?rest_route=%2Fwp%2Fv2%2Fmedia&parent=634"}],"curies":[{"name":"wp","href":"https:\/\/api.w.org\/{rel}","templated":true}]}}