{"id":588,"date":"2020-03-03T11:12:14","date_gmt":"2020-03-03T10:12:14","guid":{"rendered":"https:\/\/www.led-llt.eu\/?post_type=product&#038;p=588"},"modified":"2024-07-10T04:54:27","modified_gmt":"2024-07-10T02:54:27","slug":"706005-15w","status":"publish","type":"product","link":"https:\/\/www.led-llt.eu\/?product=706005-15w","title":{"rendered":"706005- 1,5W b\u00edl\u00e1"},"content":{"rendered":"<p>Pou\u017eit\u00ed &#8211; Sol\u00e1rn\u00ed n\u00e1st\u011bnn\u00e9 sv\u011btlo lze pou\u017e\u00edt ve v\u0161ech oblastech, kde je elekt\u0159ina nevyhovuj\u00edc\u00ed, ale pln\u00e1 slune\u010dn\u00edho sv\u011btla, jako je vstup, chodn\u00edk, gar\u00e1\u017e, balkon, ze\u010f, veranda, chodba, alej, pavilony, budova, blok, venkovn\u00ed zahradn\u00ed dekorace, venkovsk\u00fd pruh atd.<\/p>\n<p><img decoding=\"async\" loading=\"lazy\" class=\"alignnone wp-image-594\" src=\"https:\/\/www.led-llt.eu\/wp-content\/uploads\/2020\/03\/1_5WPLUS\u4f18\u52bf\u56fe7-300x138.jpg\" alt=\"\" width=\"265\" height=\"122\" srcset=\"https:\/\/www.led-llt.eu\/wp-content\/uploads\/2020\/03\/1_5WPLUS\u4f18\u52bf\u56fe7-300x138.jpg 300w, https:\/\/www.led-llt.eu\/wp-content\/uploads\/2020\/03\/1_5WPLUS\u4f18\u52bf\u56fe7-480x221.jpg 480w, https:\/\/www.led-llt.eu\/wp-content\/uploads\/2020\/03\/1_5WPLUS\u4f18\u52bf\u56fe7-600x277.jpg 600w, https:\/\/www.led-llt.eu\/wp-content\/uploads\/2020\/03\/1_5WPLUS\u4f18\u52bf\u56fe7.jpg 670w\" sizes=\"(max-width: 265px) 100vw, 265px\" \/> <img decoding=\"async\" loading=\"lazy\" class=\"alignnone wp-image-595\" src=\"https:\/\/www.led-llt.eu\/wp-content\/uploads\/2020\/03\/1_5WPLUS\u4f18\u52bf\u56fe5-300x138.jpg\" alt=\"\" width=\"270\" height=\"124\" srcset=\"https:\/\/www.led-llt.eu\/wp-content\/uploads\/2020\/03\/1_5WPLUS\u4f18\u52bf\u56fe5-300x138.jpg 300w, https:\/\/www.led-llt.eu\/wp-content\/uploads\/2020\/03\/1_5WPLUS\u4f18\u52bf\u56fe5-480x221.jpg 480w, https:\/\/www.led-llt.eu\/wp-content\/uploads\/2020\/03\/1_5WPLUS\u4f18\u52bf\u56fe5-600x276.jpg 600w, https:\/\/www.led-llt.eu\/wp-content\/uploads\/2020\/03\/1_5WPLUS\u4f18\u52bf\u56fe5.jpg 670w\" sizes=\"(max-width: 270px) 100vw, 270px\" \/> <img decoding=\"async\" loading=\"lazy\" class=\"alignnone wp-image-596\" src=\"https:\/\/www.led-llt.eu\/wp-content\/uploads\/2020\/03\/1_5WPLUS\u4f18\u52bf\u56fe3-300x112.jpg\" alt=\"\" width=\"332\" height=\"123\" srcset=\"https:\/\/www.led-llt.eu\/wp-content\/uploads\/2020\/03\/1_5WPLUS\u4f18\u52bf\u56fe3-300x112.jpg 300w, https:\/\/www.led-llt.eu\/wp-content\/uploads\/2020\/03\/1_5WPLUS\u4f18\u52bf\u56fe3.jpg 670w\" sizes=\"(max-width: 332px) 100vw, 332px\" \/><\/p>\n<p><img decoding=\"async\" loading=\"lazy\" class=\"alignnone size-medium wp-image-598\" src=\"https:\/\/www.led-llt.eu\/wp-content\/uploads\/2020\/03\/1_5WPlus\u5e94\u7528\u573a\u666f9-300x226.jpg\" alt=\"\" width=\"300\" height=\"226\" srcset=\"https:\/\/www.led-llt.eu\/wp-content\/uploads\/2020\/03\/1_5WPlus\u5e94\u7528\u573a\u666f9-300x226.jpg 300w, https:\/\/www.led-llt.eu\/wp-content\/uploads\/2020\/03\/1_5WPlus\u5e94\u7528\u573a\u666f9-510x382.jpg 510w, https:\/\/www.led-llt.eu\/wp-content\/uploads\/2020\/03\/1_5WPlus\u5e94\u7528\u573a\u666f9-480x362.jpg 480w, https:\/\/www.led-llt.eu\/wp-content\/uploads\/2020\/03\/1_5WPlus\u5e94\u7528\u573a\u666f9-600x452.jpg 600w, https:\/\/www.led-llt.eu\/wp-content\/uploads\/2020\/03\/1_5WPlus\u5e94\u7528\u573a\u666f9.jpg 670w\" sizes=\"(max-width: 300px) 100vw, 300px\" \/> <img decoding=\"async\" loading=\"lazy\" class=\"alignnone wp-image-599\" src=\"https:\/\/www.led-llt.eu\/wp-content\/uploads\/2020\/03\/1_5WPLUS\u5e94\u7528\u573a\u666f62-300x251.jpg\" alt=\"\" width=\"271\" height=\"228\" srcset=\"https:\/\/www.led-llt.eu\/wp-content\/uploads\/2020\/03\/1_5WPLUS\u5e94\u7528\u573a\u666f62-300x251.jpg 300w, https:\/\/www.led-llt.eu\/wp-content\/uploads\/2020\/03\/1_5WPLUS\u5e94\u7528\u573a\u666f62-480x402.jpg 480w, https:\/\/www.led-llt.eu\/wp-content\/uploads\/2020\/03\/1_5WPLUS\u5e94\u7528\u573a\u666f62-600x502.jpg 600w, https:\/\/www.led-llt.eu\/wp-content\/uploads\/2020\/03\/1_5WPLUS\u5e94\u7528\u573a\u666f62.jpg 670w\" sizes=\"(max-width: 271px) 100vw, 271px\" \/> <img decoding=\"async\" loading=\"lazy\" class=\"alignnone size-medium wp-image-600\" src=\"https:\/\/www.led-llt.eu\/wp-content\/uploads\/2020\/03\/1_5WPLUS\u5e94\u7528\u573a\u666f1-300x225.jpg\" alt=\"\" width=\"300\" height=\"225\" srcset=\"https:\/\/www.led-llt.eu\/wp-content\/uploads\/2020\/03\/1_5WPLUS\u5e94\u7528\u573a\u666f1-300x225.jpg 300w, https:\/\/www.led-llt.eu\/wp-content\/uploads\/2020\/03\/1_5WPLUS\u5e94\u7528\u573a\u666f1-510x382.jpg 510w, https:\/\/www.led-llt.eu\/wp-content\/uploads\/2020\/03\/1_5WPLUS\u5e94\u7528\u573a\u666f1-480x360.jpg 480w, https:\/\/www.led-llt.eu\/wp-content\/uploads\/2020\/03\/1_5WPLUS\u5e94\u7528\u573a\u666f1-600x450.jpg 600w, https:\/\/www.led-llt.eu\/wp-content\/uploads\/2020\/03\/1_5WPLUS\u5e94\u7528\u573a\u666f1.jpg 670w\" sizes=\"(max-width: 300px) 100vw, 300px\" \/><\/p>\n<p><img decoding=\"async\" loading=\"lazy\" class=\"alignnone size-medium wp-image-606\" src=\"https:\/\/www.led-llt.eu\/wp-content\/uploads\/2020\/03\/1_5WPLUS\u5e94\u7528\u573a\u666f5-300x300.jpg\" alt=\"\" width=\"300\" height=\"300\" srcset=\"https:\/\/www.led-llt.eu\/wp-content\/uploads\/2020\/03\/1_5WPLUS\u5e94\u7528\u573a\u666f5-300x300.jpg 300w, https:\/\/www.led-llt.eu\/wp-content\/uploads\/2020\/03\/1_5WPLUS\u5e94\u7528\u573a\u666f5-150x150.jpg 150w, https:\/\/www.led-llt.eu\/wp-content\/uploads\/2020\/03\/1_5WPLUS\u5e94\u7528\u573a\u666f5-480x480.jpg 480w, https:\/\/www.led-llt.eu\/wp-content\/uploads\/2020\/03\/1_5WPLUS\u5e94\u7528\u573a\u666f5-600x600.jpg 600w, https:\/\/www.led-llt.eu\/wp-content\/uploads\/2020\/03\/1_5WPLUS\u5e94\u7528\u573a\u666f5-100x100.jpg 100w, https:\/\/www.led-llt.eu\/wp-content\/uploads\/2020\/03\/1_5WPLUS\u5e94\u7528\u573a\u666f5.jpg 670w\" sizes=\"(max-width: 300px) 100vw, 300px\" \/> <img decoding=\"async\" loading=\"lazy\" class=\"alignnone size-medium wp-image-607\" src=\"https:\/\/www.led-llt.eu\/wp-content\/uploads\/2020\/03\/1_5WPLUS\u5e94\u7528\u573a\u666f71-225x300.jpg\" alt=\"\" width=\"225\" height=\"300\" srcset=\"https:\/\/www.led-llt.eu\/wp-content\/uploads\/2020\/03\/1_5WPLUS\u5e94\u7528\u573a\u666f71-225x300.jpg 225w, https:\/\/www.led-llt.eu\/wp-content\/uploads\/2020\/03\/1_5WPLUS\u5e94\u7528\u573a\u666f71-480x640.jpg 480w, https:\/\/www.led-llt.eu\/wp-content\/uploads\/2020\/03\/1_5WPLUS\u5e94\u7528\u573a\u666f71-600x800.jpg 600w, https:\/\/www.led-llt.eu\/wp-content\/uploads\/2020\/03\/1_5WPLUS\u5e94\u7528\u573a\u666f71.jpg 670w\" sizes=\"(max-width: 225px) 100vw, 225px\" \/> <img decoding=\"async\" loading=\"lazy\" class=\"alignnone size-medium wp-image-608\" src=\"https:\/\/www.led-llt.eu\/wp-content\/uploads\/2020\/03\/1_5WPLUS\u5e94\u7528\u573a\u666f41-300x300.jpg\" alt=\"\" width=\"300\" height=\"300\" srcset=\"https:\/\/www.led-llt.eu\/wp-content\/uploads\/2020\/03\/1_5WPLUS\u5e94\u7528\u573a\u666f41-300x300.jpg 300w, https:\/\/www.led-llt.eu\/wp-content\/uploads\/2020\/03\/1_5WPLUS\u5e94\u7528\u573a\u666f41-150x150.jpg 150w, https:\/\/www.led-llt.eu\/wp-content\/uploads\/2020\/03\/1_5WPLUS\u5e94\u7528\u573a\u666f41-480x480.jpg 480w, https:\/\/www.led-llt.eu\/wp-content\/uploads\/2020\/03\/1_5WPLUS\u5e94\u7528\u573a\u666f41-600x600.jpg 600w, https:\/\/www.led-llt.eu\/wp-content\/uploads\/2020\/03\/1_5WPLUS\u5e94\u7528\u573a\u666f41-100x100.jpg 100w, https:\/\/www.led-llt.eu\/wp-content\/uploads\/2020\/03\/1_5WPLUS\u5e94\u7528\u573a\u666f41.jpg 670w\" sizes=\"(max-width: 300px) 100vw, 300px\" \/> <img decoding=\"async\" loading=\"lazy\" class=\"alignnone size-medium wp-image-609\" src=\"https:\/\/www.led-llt.eu\/wp-content\/uploads\/2020\/03\/1_5WPlus\u5e94\u7528\u573a\u666f82-300x201.jpg\" alt=\"\" width=\"300\" height=\"201\" srcset=\"https:\/\/www.led-llt.eu\/wp-content\/uploads\/2020\/03\/1_5WPlus\u5e94\u7528\u573a\u666f82-300x201.jpg 300w, https:\/\/www.led-llt.eu\/wp-content\/uploads\/2020\/03\/1_5WPlus\u5e94\u7528\u573a\u666f82-480x322.jpg 480w, https:\/\/www.led-llt.eu\/wp-content\/uploads\/2020\/03\/1_5WPlus\u5e94\u7528\u573a\u666f82-600x403.jpg 600w, https:\/\/www.led-llt.eu\/wp-content\/uploads\/2020\/03\/1_5WPlus\u5e94\u7528\u573a\u666f82.jpg 670w\" sizes=\"(max-width: 300px) 100vw, 300px\" \/> <img decoding=\"async\" loading=\"lazy\" class=\"alignnone size-medium wp-image-610\" src=\"https:\/\/www.led-llt.eu\/wp-content\/uploads\/2020\/03\/1_5WPLUS\u5e94\u7528\u573a\u666f3-225x300.jpg\" alt=\"\" width=\"225\" height=\"300\" srcset=\"https:\/\/www.led-llt.eu\/wp-content\/uploads\/2020\/03\/1_5WPLUS\u5e94\u7528\u573a\u666f3-225x300.jpg 225w, https:\/\/www.led-llt.eu\/wp-content\/uploads\/2020\/03\/1_5WPLUS\u5e94\u7528\u573a\u666f3-480x640.jpg 480w, https:\/\/www.led-llt.eu\/wp-content\/uploads\/2020\/03\/1_5WPLUS\u5e94\u7528\u573a\u666f3-600x800.jpg 600w, https:\/\/www.led-llt.eu\/wp-content\/uploads\/2020\/03\/1_5WPLUS\u5e94\u7528\u573a\u666f3.jpg 670w\" sizes=\"(max-width: 225px) 100vw, 225px\" \/> <img decoding=\"async\" loading=\"lazy\" class=\"alignnone size-medium wp-image-611\" src=\"https:\/\/www.led-llt.eu\/wp-content\/uploads\/2020\/03\/1_5WPLUS\u5e94\u7528\u573a\u666f4-300x300.jpg\" alt=\"\" width=\"300\" height=\"300\" srcset=\"https:\/\/www.led-llt.eu\/wp-content\/uploads\/2020\/03\/1_5WPLUS\u5e94\u7528\u573a\u666f4-300x300.jpg 300w, https:\/\/www.led-llt.eu\/wp-content\/uploads\/2020\/03\/1_5WPLUS\u5e94\u7528\u573a\u666f4-150x150.jpg 150w, https:\/\/www.led-llt.eu\/wp-content\/uploads\/2020\/03\/1_5WPLUS\u5e94\u7528\u573a\u666f4-480x480.jpg 480w, https:\/\/www.led-llt.eu\/wp-content\/uploads\/2020\/03\/1_5WPLUS\u5e94\u7528\u573a\u666f4-600x600.jpg 600w, https:\/\/www.led-llt.eu\/wp-content\/uploads\/2020\/03\/1_5WPLUS\u5e94\u7528\u573a\u666f4-100x100.jpg 100w, https:\/\/www.led-llt.eu\/wp-content\/uploads\/2020\/03\/1_5WPLUS\u5e94\u7528\u573a\u666f4.jpg 670w\" sizes=\"(max-width: 300px) 100vw, 300px\" \/><\/p>\n<p><img decoding=\"async\" loading=\"lazy\" class=\"alignnone size-medium wp-image-601\" src=\"https:\/\/www.led-llt.eu\/wp-content\/uploads\/2020\/03\/\u8ba4\u8bc1-181211-1-160x300.jpg\" alt=\"\" width=\"160\" height=\"300\" srcset=\"https:\/\/www.led-llt.eu\/wp-content\/uploads\/2020\/03\/\u8ba4\u8bc1-181211-1-160x300.jpg 160w, https:\/\/www.led-llt.eu\/wp-content\/uploads\/2020\/03\/\u8ba4\u8bc1-181211-1-546x1024.jpg 546w, https:\/\/www.led-llt.eu\/wp-content\/uploads\/2020\/03\/\u8ba4\u8bc1-181211-1-480x901.jpg 480w, https:\/\/www.led-llt.eu\/wp-content\/uploads\/2020\/03\/\u8ba4\u8bc1-181211-1-600x1126.jpg 600w, https:\/\/www.led-llt.eu\/wp-content\/uploads\/2020\/03\/\u8ba4\u8bc1-181211-1.jpg 670w\" sizes=\"(max-width: 160px) 100vw, 160px\" \/><\/p>\n","protected":false},"excerpt":{"rendered":"<h6>Polykrystalick\u00fd k\u0159em\u00edkov\u00fd silikonov\u00fd sol\u00e1rn\u00ed panel s vysokou konverz\u00ed<br \/>\nDoba nab\u00edjen\u00ed 5-6 hodin od slune\u010dn\u00edho sv\u011btla za den<br \/>\nPracovn\u00ed doba nep\u0159etr\u017eit\u011b pracuje 3 noci, 4 ~ 7 dn\u00ed v de\u0161tiv\u00fdch dnech<br \/>\nBarva povrchu b\u00edl\u00e1, \u010dern\u00e1, st\u0159\u00edbrn\u00e1<br \/>\nRozsah sn\u00edm\u00e1n\u00ed \u22646m<br \/>\nVlhkost 5 ~ 95% R.H<br \/>\nBaterie 3,7 V \/ 1200 mAh<br \/>\nRozm\u011br 144,5 * 96 * 79 mm<br \/>\nHmotnost 0,23 kg<br \/>\nMateri\u00e1l ABS, anti-UV, V0 neho\u0159lav\u00fd, bezpe\u010dn\u00fd a siln\u00fd<br \/>\nPracovn\u00ed teplota -20 ~ 50 \u00b0 C<br \/>\nPohybov\u00fd senzor<br \/>\nBezdr\u00e1tov\u00e1 instalace<\/h6>\n","protected":false},"featured_media":592,"comment_status":"open","ping_status":"closed","template":"","meta":{"_et_pb_use_builder":"","_et_pb_old_content":"","_et_gb_content_width":""},"_links":{"self":[{"href":"https:\/\/www.led-llt.eu\/index.php?rest_route=\/wp\/v2\/product\/588"}],"collection":[{"href":"https:\/\/www.led-llt.eu\/index.php?rest_route=\/wp\/v2\/product"}],"about":[{"href":"https:\/\/www.led-llt.eu\/index.php?rest_route=\/wp\/v2\/types\/product"}],"replies":[{"embeddable":true,"href":"https:\/\/www.led-llt.eu\/index.php?rest_route=%2Fwp%2Fv2%2Fcomments&post=588"}],"wp:featuredmedia":[{"embeddable":true,"href":"https:\/\/www.led-llt.eu\/index.php?rest_route=\/wp\/v2\/media\/592"}],"wp:attachment":[{"href":"https:\/\/www.led-llt.eu\/index.php?rest_route=%2Fwp%2Fv2%2Fmedia&parent=588"}],"curies":[{"name":"wp","href":"https:\/\/api.w.org\/{rel}","templated":true}]}}