{"id":572,"date":"2020-03-03T09:45:52","date_gmt":"2020-03-03T08:45:52","guid":{"rendered":"https:\/\/www.led-llt.eu\/?post_type=product&#038;p=572"},"modified":"2020-03-03T09:55:23","modified_gmt":"2020-03-03T08:55:23","slug":"204004-ramecek","status":"publish","type":"product","link":"https:\/\/www.led-llt.eu\/?product=204004-ramecek","title":{"rendered":"204004 &#8211; R\u00e1me\u010dek"},"content":{"rendered":"<p>Pou\u017e\u00edv\u00e1 se pro panelov\u00e9 sv\u011btlo o rozm\u011brech:<\/p>\n<table style=\"height: 26px;\" border=\"1\" width=\"525\" cellspacing=\"1\" cellpadding=\"1\">\n<tbody>\n<tr>\n<td style=\"width: 78.4px;\">295 x 295<\/td>\n<td style=\"width: 78.4px;\">595 x 595<\/td>\n<td style=\"width: 88.8px;\">295 x 1195<\/td>\n<td style=\"width: 79.2px;\">620 x 620<\/td>\n<td style=\"width: 88.8px;\">595\u00a0x 1195<\/td>\n<td style=\"width: 80px;\">295 x 595<\/td>\n<\/tr>\n<\/tbody>\n<\/table>\n<p><img decoding=\"async\" loading=\"lazy\" class=\"alignnone size-medium wp-image-573\" src=\"https:\/\/www.led-llt.eu\/wp-content\/uploads\/2020\/03\/20190617045711828-300x167.jpg\" alt=\"\" width=\"300\" height=\"167\" \/><img decoding=\"async\" loading=\"lazy\" class=\"alignnone size-medium wp-image-576\" src=\"https:\/\/www.led-llt.eu\/wp-content\/uploads\/2020\/03\/ddd-300x213.png\" alt=\"\" width=\"300\" height=\"213\" \/><\/p>\n<p>&nbsp;<\/p>\n","protected":false},"excerpt":{"rendered":"<h4>Vlastnosti<\/h4>\n<p>Pro instalaci panelu sv\u011btla. Zapu\u0161t\u011bn\u00e1 mont\u00e1\u017en\u00ed konzola<br \/>\nMateri\u00e1l: Leteck\u00e1 hlin\u00edkov\u00e1 slitina<\/p>\n","protected":false},"featured_media":579,"comment_status":"open","ping_status":"closed","template":"","meta":{"_et_pb_use_builder":"","_et_pb_old_content":"","_et_gb_content_width":""},"_links":{"self":[{"href":"https:\/\/www.led-llt.eu\/index.php?rest_route=\/wp\/v2\/product\/572"}],"collection":[{"href":"https:\/\/www.led-llt.eu\/index.php?rest_route=\/wp\/v2\/product"}],"about":[{"href":"https:\/\/www.led-llt.eu\/index.php?rest_route=\/wp\/v2\/types\/product"}],"replies":[{"embeddable":true,"href":"https:\/\/www.led-llt.eu\/index.php?rest_route=%2Fwp%2Fv2%2Fcomments&post=572"}],"wp:featuredmedia":[{"embeddable":true,"href":"https:\/\/www.led-llt.eu\/index.php?rest_route=\/wp\/v2\/media\/579"}],"wp:attachment":[{"href":"https:\/\/www.led-llt.eu\/index.php?rest_route=%2Fwp%2Fv2%2Fmedia&parent=572"}],"curies":[{"name":"wp","href":"https:\/\/api.w.org\/{rel}","templated":true}]}}