{"id":559,"date":"2020-03-03T09:23:29","date_gmt":"2020-03-03T08:23:29","guid":{"rendered":"https:\/\/www.led-llt.eu\/?post_type=product&#038;p=559"},"modified":"2020-03-03T09:31:18","modified_gmt":"2020-03-03T08:31:18","slug":"204002-40w","status":"publish","type":"product","link":"https:\/\/www.led-llt.eu\/?product=204002-40w","title":{"rendered":"204002 &#8211; 40W"},"content":{"rendered":"<p>Pou\u017eit\u00ed &#8211; Pou\u017e\u00edv\u00e1 se pro venkovn\u00ed reklamy, mokr\u00e9 m\u00edsto, venkovn\u00ed chodbu, koupelnu, plaveck\u00fd klub<\/p>\n<p><img decoding=\"async\" loading=\"lazy\" class=\"alignnone size-medium wp-image-560\" src=\"https:\/\/www.led-llt.eu\/wp-content\/uploads\/2020\/03\/20190610083800985-300x106.jpg\" alt=\"\" width=\"300\" height=\"106\" \/> <img decoding=\"async\" loading=\"lazy\" class=\"alignnone size-medium wp-image-561\" src=\"https:\/\/www.led-llt.eu\/wp-content\/uploads\/2020\/03\/20190610083943309-300x85.jpg\" alt=\"\" width=\"300\" height=\"85\" \/> <img decoding=\"async\" loading=\"lazy\" class=\"alignnone size-medium wp-image-562\" src=\"https:\/\/www.led-llt.eu\/wp-content\/uploads\/2020\/03\/20190610083908855-300x108.jpg\" alt=\"\" width=\"300\" height=\"108\" \/><\/p>\n<p>&nbsp;<\/p>\n","protected":false},"excerpt":{"rendered":"<h4>Vlastnosti<\/h4>\n<p>Stupe\u0148 kryt\u00ed IP65, vodot\u011bsn\u00fd, parot\u011bsn\u00fd, prachot\u011bsn\u00fd.<\/p>\n<p>Sv\u011btlo se distribuuje rovnom\u011brn\u011b, jasn\u00e9 bez temn\u00e9ho prostoru<\/p>\n<p>CRI&gt; 80.<\/p>\n<p>Ovl\u00e1d\u00e1n\u00ed: ZAP \/ VYP, stm\u00edv\u00e1n\u00ed 0-10V, DALI, senzor<\/p>\n<p>Nouzov\u00e9 za\u0159\u00edzen\u00ed s nouzov\u00fdm nap\u00e1jen\u00edm 3 hodiny<\/p>\n<p>Instalace: Upevn\u011bn\u00ed na strop, zapu\u0161t\u011bn\u00e9 nebo zav\u011b\u0161en\u00ed<\/p>\n<p>&nbsp;<\/p>\n","protected":false},"featured_media":563,"comment_status":"open","ping_status":"closed","template":"","meta":{"_et_pb_use_builder":"","_et_pb_old_content":"","_et_gb_content_width":""},"_links":{"self":[{"href":"https:\/\/www.led-llt.eu\/index.php?rest_route=\/wp\/v2\/product\/559"}],"collection":[{"href":"https:\/\/www.led-llt.eu\/index.php?rest_route=\/wp\/v2\/product"}],"about":[{"href":"https:\/\/www.led-llt.eu\/index.php?rest_route=\/wp\/v2\/types\/product"}],"replies":[{"embeddable":true,"href":"https:\/\/www.led-llt.eu\/index.php?rest_route=%2Fwp%2Fv2%2Fcomments&post=559"}],"wp:featuredmedia":[{"embeddable":true,"href":"https:\/\/www.led-llt.eu\/index.php?rest_route=\/wp\/v2\/media\/563"}],"wp:attachment":[{"href":"https:\/\/www.led-llt.eu\/index.php?rest_route=%2Fwp%2Fv2%2Fmedia&parent=559"}],"curies":[{"name":"wp","href":"https:\/\/api.w.org\/{rel}","templated":true}]}}