{"id":551,"date":"2020-03-03T09:09:16","date_gmt":"2020-03-03T08:09:16","guid":{"rendered":"https:\/\/www.led-llt.eu\/?post_type=product&#038;p=551"},"modified":"2020-03-03T09:19:42","modified_gmt":"2020-03-03T08:19:42","slug":"204001-20w-60w","status":"publish","type":"product","link":"https:\/\/www.led-llt.eu\/?product=204001-20w-60w","title":{"rendered":"204001 &#8211; 20W &#8211; 60W"},"content":{"rendered":"<p>Pou\u017eit\u00ed &#8211; Opera\u010dn\u00ed s\u00e1l, Nemocnice, zubn\u00ed kliniky a plastick\u00e9 chirurgie, Laborato\u0159 biologie a medic\u00edny, muzeum atd.<\/p>\n<p><img decoding=\"async\" loading=\"lazy\" class=\"alignnone size-medium wp-image-552\" src=\"https:\/\/www.led-llt.eu\/wp-content\/uploads\/2020\/03\/20190606033618638-300x106.jpg\" alt=\"\" width=\"300\" height=\"106\" \/> <img decoding=\"async\" loading=\"lazy\" class=\"alignnone size-medium wp-image-553\" src=\"https:\/\/www.led-llt.eu\/wp-content\/uploads\/2020\/03\/20190606033619968-300x111.jpg\" alt=\"\" width=\"300\" height=\"111\" \/> <img decoding=\"async\" loading=\"lazy\" class=\"alignnone size-medium wp-image-554\" src=\"https:\/\/www.led-llt.eu\/wp-content\/uploads\/2020\/03\/20190606033619231-300x111.jpg\" alt=\"\" width=\"300\" height=\"111\" \/><\/p>\n<p>&nbsp;<\/p>\n","protected":false},"excerpt":{"rendered":"<h4>Vlastnosti<\/h4>\n<p>Sv\u011btlo se distribuuje rovnom\u011brn\u011b, jasn\u00e9 bez temn\u00e9ho prostoru<\/p>\n<p>CRI&gt; 80. (CRI&gt; 90 je mo\u017en\u00e9 p\u0159izp\u016fsobit.)<\/p>\n<p>UGR 15 &lt;Data &lt;19<\/p>\n<p>V\u00fdstupn\u00ed lumeny 130 lm \/ W<\/p>\n<p>Ovl\u00e1d\u00e1n\u00ed: ZAP \/ VYP, stm\u00edv\u00e1n\u00ed 0-10V, DALI, senzor<\/p>\n<p>Nouzov\u00e9 za\u0159\u00edzen\u00ed s nouzov\u00fdm nap\u00e1jen\u00edm 3 hodiny<\/p>\n<p>Instalace: Upevn\u011bn\u00ed na strop, zapu\u0161t\u011bn\u00e9 nebo zav\u011b\u0161en\u00ed<\/p>\n<p>&nbsp;<\/p>\n","protected":false},"featured_media":556,"comment_status":"open","ping_status":"closed","template":"","meta":{"_et_pb_use_builder":"","_et_pb_old_content":"","_et_gb_content_width":""},"_links":{"self":[{"href":"https:\/\/www.led-llt.eu\/index.php?rest_route=\/wp\/v2\/product\/551"}],"collection":[{"href":"https:\/\/www.led-llt.eu\/index.php?rest_route=\/wp\/v2\/product"}],"about":[{"href":"https:\/\/www.led-llt.eu\/index.php?rest_route=\/wp\/v2\/types\/product"}],"replies":[{"embeddable":true,"href":"https:\/\/www.led-llt.eu\/index.php?rest_route=%2Fwp%2Fv2%2Fcomments&post=551"}],"wp:featuredmedia":[{"embeddable":true,"href":"https:\/\/www.led-llt.eu\/index.php?rest_route=\/wp\/v2\/media\/556"}],"wp:attachment":[{"href":"https:\/\/www.led-llt.eu\/index.php?rest_route=%2Fwp%2Fv2%2Fmedia&parent=551"}],"curies":[{"name":"wp","href":"https:\/\/api.w.org\/{rel}","templated":true}]}}