{"id":534,"date":"2020-03-03T08:48:49","date_gmt":"2020-03-03T07:48:49","guid":{"rendered":"https:\/\/www.led-llt.eu\/?post_type=product&#038;p=534"},"modified":"2020-03-03T08:54:21","modified_gmt":"2020-03-03T07:54:21","slug":"203004-20w-100w","status":"publish","type":"product","link":"https:\/\/www.led-llt.eu\/?product=203004-20w-100w","title":{"rendered":"203004 &#8211; 20W &#8211; 100W"},"content":{"rendered":"<p>Pou\u017eit\u00ed -Parkovi\u0161t\u011b, supermarket, sklad, podzemn\u00ed chodba, p\u0159\u00edstav a termin\u00e1l leti\u0161t\u011b<\/p>\n<p><img decoding=\"async\" loading=\"lazy\" class=\"alignnone size-medium wp-image-535\" src=\"https:\/\/www.led-llt.eu\/wp-content\/uploads\/2020\/03\/20190605014910247-300x111.jpg\" alt=\"\" width=\"300\" height=\"111\" \/> <img decoding=\"async\" loading=\"lazy\" class=\"alignnone size-medium wp-image-537\" src=\"https:\/\/www.led-llt.eu\/wp-content\/uploads\/2020\/03\/20190930063618179-300x100.png\" alt=\"\" width=\"300\" height=\"100\" \/><img decoding=\"async\" loading=\"lazy\" class=\"alignnone size-medium wp-image-536\" src=\"https:\/\/www.led-llt.eu\/wp-content\/uploads\/2020\/03\/20190605014910759-300x106.jpg\" alt=\"\" width=\"300\" height=\"106\" \/><\/p>\n<p>&nbsp;<\/p>\n","protected":false},"excerpt":{"rendered":"<h4>Vlastnosti<\/h4>\n<p>Lze propojit do s\u00e9rie<\/p>\n<p>IK 10<\/p>\n<p>N\u00edzk\u00fd \u00fatlum sv\u011btla (1,5% ~ 3% \/ rok)<\/p>\n<p>Ovl\u00e1d\u00e1n\u00ed: ZAP \/ VYP, stm\u00edv\u00e1n\u00ed 0-10V, DALI, senzor<\/p>\n<p>Nouzov\u00e9 za\u0159\u00edzen\u00ed s nouzov\u00fdm nap\u00e1jen\u00edm 3 hodiny<\/p>\n<p>Instalace: Stropn\u00ed mont\u00e1\u017e pevn\u00e1<\/p>\n","protected":false},"featured_media":538,"comment_status":"open","ping_status":"closed","template":"","meta":{"_et_pb_use_builder":"","_et_pb_old_content":"","_et_gb_content_width":""},"_links":{"self":[{"href":"https:\/\/www.led-llt.eu\/index.php?rest_route=\/wp\/v2\/product\/534"}],"collection":[{"href":"https:\/\/www.led-llt.eu\/index.php?rest_route=\/wp\/v2\/product"}],"about":[{"href":"https:\/\/www.led-llt.eu\/index.php?rest_route=\/wp\/v2\/types\/product"}],"replies":[{"embeddable":true,"href":"https:\/\/www.led-llt.eu\/index.php?rest_route=%2Fwp%2Fv2%2Fcomments&post=534"}],"wp:featuredmedia":[{"embeddable":true,"href":"https:\/\/www.led-llt.eu\/index.php?rest_route=\/wp\/v2\/media\/538"}],"wp:attachment":[{"href":"https:\/\/www.led-llt.eu\/index.php?rest_route=%2Fwp%2Fv2%2Fmedia&parent=534"}],"curies":[{"name":"wp","href":"https:\/\/api.w.org\/{rel}","templated":true}]}}