{"id":518,"date":"2020-03-03T08:25:07","date_gmt":"2020-03-03T07:25:07","guid":{"rendered":"https:\/\/www.led-llt.eu\/?post_type=product&#038;p=518"},"modified":"2020-03-03T08:35:10","modified_gmt":"2020-03-03T07:35:10","slug":"203001-14w-60w","status":"publish","type":"product","link":"https:\/\/www.led-llt.eu\/?product=203001-14w-60w","title":{"rendered":"203001 &#8211; 14W &#8211; 60W"},"content":{"rendered":"<p>Pou\u017eit\u00ed -Supermarkety, tov\u00e1rny, d\u00edlny, sklady, gar\u00e1\u017ee, parkovi\u0161t\u011b.<\/p>\n<p><img decoding=\"async\" loading=\"lazy\" class=\"alignnone size-medium wp-image-521\" src=\"https:\/\/www.led-llt.eu\/wp-content\/uploads\/2020\/03\/20190605122928249-300x91.jpg\" alt=\"\" width=\"300\" height=\"91\" \/><img decoding=\"async\" loading=\"lazy\" class=\"alignnone size-medium wp-image-519\" src=\"https:\/\/www.led-llt.eu\/wp-content\/uploads\/2020\/03\/20190605115237512-300x111.jpg\" alt=\"\" width=\"300\" height=\"111\" \/><img decoding=\"async\" loading=\"lazy\" class=\"alignnone size-medium wp-image-520\" src=\"https:\/\/www.led-llt.eu\/wp-content\/uploads\/2020\/03\/20190605115237161-300x106.jpg\" alt=\"\" width=\"300\" height=\"106\" \/><\/p>\n<p>&nbsp;<\/p>\n","protected":false},"excerpt":{"rendered":"<h4>Vlastnosti<\/h4>\n<p>Lze propojit do s\u00e9rie<\/p>\n<p>N\u00edzk\u00fd \u00fatlum sv\u011btla (1,5% ~ 3% \/ rok)<\/p>\n<p>Ovl\u00e1d\u00e1n\u00ed: ZAP \/ VYP, stm\u00edv\u00e1n\u00ed 0-10V, DALI, senzor<\/p>\n<p>Nouzov\u00e9 za\u0159\u00edzen\u00ed s nouzov\u00fdm nap\u00e1jen\u00edm 3 hodiny<\/p>\n<p>Instalace: Stropn\u00ed mont\u00e1\u017e pevn\u00e1<\/p>\n","protected":false},"featured_media":522,"comment_status":"open","ping_status":"closed","template":"","meta":{"_et_pb_use_builder":"","_et_pb_old_content":"","_et_gb_content_width":""},"_links":{"self":[{"href":"https:\/\/www.led-llt.eu\/index.php?rest_route=\/wp\/v2\/product\/518"}],"collection":[{"href":"https:\/\/www.led-llt.eu\/index.php?rest_route=\/wp\/v2\/product"}],"about":[{"href":"https:\/\/www.led-llt.eu\/index.php?rest_route=\/wp\/v2\/types\/product"}],"replies":[{"embeddable":true,"href":"https:\/\/www.led-llt.eu\/index.php?rest_route=%2Fwp%2Fv2%2Fcomments&post=518"}],"wp:featuredmedia":[{"embeddable":true,"href":"https:\/\/www.led-llt.eu\/index.php?rest_route=\/wp\/v2\/media\/522"}],"wp:attachment":[{"href":"https:\/\/www.led-llt.eu\/index.php?rest_route=%2Fwp%2Fv2%2Fmedia&parent=518"}],"curies":[{"name":"wp","href":"https:\/\/api.w.org\/{rel}","templated":true}]}}