{"id":512,"date":"2020-03-03T08:17:43","date_gmt":"2020-03-03T07:17:43","guid":{"rendered":"https:\/\/www.led-llt.eu\/?post_type=product&#038;p=512"},"modified":"2020-03-03T08:22:49","modified_gmt":"2020-03-03T07:22:49","slug":"202002-100w-200w","status":"publish","type":"product","link":"https:\/\/www.led-llt.eu\/?product=202002-100w-200w","title":{"rendered":"202002 &#8211; 100W &#8211; 200W"},"content":{"rendered":"<p>Pou\u017eit\u00ed -T\u011blocvi\u010dny, pr\u016fmyslov\u00e9 z\u00e1vody, v\u00fdstavn\u00ed centra, prodejn\u00ed st\u0159ediska Aut, sklady s vysok\u00fdm stropem<\/p>\n<p><img decoding=\"async\" loading=\"lazy\" class=\"alignnone wp-image-504\" src=\"https:\/\/www.led-llt.eu\/wp-content\/uploads\/2020\/03\/20190605115026660-300x111.jpg\" alt=\"\" width=\"362\" height=\"134\" \/> <img decoding=\"async\" loading=\"lazy\" class=\"alignnone wp-image-505\" src=\"https:\/\/www.led-llt.eu\/wp-content\/uploads\/2020\/03\/20190605115026521-1-300x106.jpg\" alt=\"\" width=\"343\" height=\"121\" \/><\/p>\n<p><img decoding=\"async\" loading=\"lazy\" class=\"alignnone  wp-image-513\" src=\"https:\/\/www.led-llt.eu\/wp-content\/uploads\/2020\/03\/20190606122355853-300x84.jpg\" alt=\"\" width=\"375\" height=\"105\" \/><\/p>\n","protected":false},"excerpt":{"rendered":"<h4><\/h4>\n<h4>Vlastnosti<\/h4>\n<p>Vynikaj\u00edc\u00ed design odv\u00e1d\u011bn\u00ed tepla<\/p>\n<p>K dispozici je \u00fahel paprsku: 60 \u00b0, 90 \u00b0 a 120 \u00b0<\/p>\n<p>Vysok\u00e1 sv\u011bteln\u00e1 \u00fa\u010dinnost: 130 &#8211; 150 lm \/ W<\/p>\n<p>\u00daspora energie 50 ~ 80% ve srovn\u00e1n\u00ed s v\u00fdbojkov\u00fdmi sv\u00edtidly<\/p>\n<p>IP65<\/p>\n<p>5 let z\u00e1ruka<\/p>\n<p>Ovl\u00e1d\u00e1n\u00ed: ZAP \/ VYP, stm\u00edv\u00e1n\u00ed 0-10V<\/p>\n","protected":false},"featured_media":514,"comment_status":"open","ping_status":"closed","template":"","meta":{"_et_pb_use_builder":"","_et_pb_old_content":"","_et_gb_content_width":""},"_links":{"self":[{"href":"https:\/\/www.led-llt.eu\/index.php?rest_route=\/wp\/v2\/product\/512"}],"collection":[{"href":"https:\/\/www.led-llt.eu\/index.php?rest_route=\/wp\/v2\/product"}],"about":[{"href":"https:\/\/www.led-llt.eu\/index.php?rest_route=\/wp\/v2\/types\/product"}],"replies":[{"embeddable":true,"href":"https:\/\/www.led-llt.eu\/index.php?rest_route=%2Fwp%2Fv2%2Fcomments&post=512"}],"wp:featuredmedia":[{"embeddable":true,"href":"https:\/\/www.led-llt.eu\/index.php?rest_route=\/wp\/v2\/media\/514"}],"wp:attachment":[{"href":"https:\/\/www.led-llt.eu\/index.php?rest_route=%2Fwp%2Fv2%2Fmedia&parent=512"}],"curies":[{"name":"wp","href":"https:\/\/api.w.org\/{rel}","templated":true}]}}