{"id":482,"date":"2020-03-02T18:22:53","date_gmt":"2020-03-02T17:22:53","guid":{"rendered":"https:\/\/www.led-llt.eu\/?post_type=product&#038;p=482"},"modified":"2020-03-02T18:27:00","modified_gmt":"2020-03-02T17:27:00","slug":"101015-300w","status":"publish","type":"product","link":"https:\/\/www.led-llt.eu\/?product=101015-300w","title":{"rendered":"101015 &#8211; 300W"},"content":{"rendered":"<p>Pou\u017eit\u00ed &#8211; Sportovn\u00ed za\u0159\u00edzen\u00ed, hang\u00e1r letadel, leti\u0161tn\u00ed plochy, parkovi\u0161t\u011b, p\u0159\u00edstavy, dvory<\/p>\n<table style=\"height: 123px;\" border=\"0\" width=\"970\" cellspacing=\"0\" cellpadding=\"0\">\n<tbody>\n<tr>\n<td style=\"width: 515.6px;\" colspan=\"5\"><span lang=\"EN-US\">\u00a0Body : Lit\u00fd hlin\u00edk<\/span><\/td>\n<td style=\"width: 448.4px;\" colspan=\"4\">\u25a0<span lang=\"EN-US\"> Distribuce sv\u011btla: Asimetrick\u00fd<\/span><\/td>\n<\/tr>\n<tr>\n<td style=\"width: 515.6px;\" colspan=\"5\">\u25a0<span lang=\"EN-US\"> Cover : Sklo 4.0T\u00a0<\/span><\/td>\n<td style=\"width: 448.4px;\" colspan=\"4\">\u25a0<span lang=\"EN-US\"> \u0158\u00eddic\u00ed syst\u00e9m: Bezdr\u00e1tov\u00e9 (ZigBee), NEMA-7<\/span><\/td>\n<\/tr>\n<tr>\n<td style=\"width: 515.6px;\" colspan=\"5\">\u25a0<span lang=\"EN-US\"> Finish : Pr\u00e1\u0161kov\u00e9 lakov\u00e1n\u00ed<\/span><\/td>\n<\/tr>\n<tr>\n<td style=\"width: 515.6px;\" colspan=\"5\">\u25a0 Mo\u017enost mont\u00e1\u017ee: Oto\u010dn\u00fd dr\u017e\u00e1k, dr\u017e\u00e1k na ty\u010d<\/td>\n<\/tr>\n<\/tbody>\n<\/table>\n<p><img decoding=\"async\" loading=\"lazy\" class=\"alignnone size-medium wp-image-483\" src=\"https:\/\/www.led-llt.eu\/wp-content\/uploads\/2020\/03\/large_ea813e377e71651f2b8e44ee1eabcf2a3-300x134.png\" alt=\"\" width=\"300\" height=\"134\" \/> <img decoding=\"async\" loading=\"lazy\" class=\"alignnone size-medium wp-image-484\" src=\"https:\/\/www.led-llt.eu\/wp-content\/uploads\/2020\/03\/large_ea813e377e71651f2b8e44ee1eabcf2a2-300x134.png\" alt=\"\" width=\"300\" height=\"134\" \/> <img decoding=\"async\" loading=\"lazy\" class=\"alignnone size-medium wp-image-485\" src=\"https:\/\/www.led-llt.eu\/wp-content\/uploads\/2020\/03\/large_ea813e377e71651f2b8e44ee1eabcf2a1-300x134.png\" alt=\"\" width=\"300\" height=\"134\" \/> <img decoding=\"async\" loading=\"lazy\" class=\"alignnone size-medium wp-image-486\" src=\"https:\/\/www.led-llt.eu\/wp-content\/uploads\/2020\/03\/large_ea813e377e71651f2b8e44ee1eabcf2a0-300x134.png\" alt=\"\" width=\"300\" height=\"134\" \/><\/p>\n<p>&nbsp;<\/p>\n","protected":false},"excerpt":{"rendered":"<h4>Vysoce v\u00fdkonn\u00e9 LED sv\u011btlo se st\u0159edn\u00edmi v\u00fdkonov\u00fdmi LED \u010dipy a technologi\u00ed reflektor\u016f<\/h4>\n<p>Bezkonkuren\u010dn\u00ed \u00fa\u010dinnost 145 lm \/ W<br \/>\nVynikaj\u00edc\u00ed technologie chlazen\u00ed a trvanlivost<br \/>\nVynikaj\u00edc\u00ed rozlo\u017een\u00ed sv\u011btla a tepeln\u00e1 konstrukce pro p\u0159irozen\u00e9 proud\u011bn\u00ed<br \/>\n\u0158\u00edzen\u00ed stm\u00edv\u00e1n\u00ed pomoc\u00ed bezdr\u00e1tov\u00e9ho p\u0159ipojen\u00ed<\/p>\n","protected":false},"featured_media":471,"comment_status":"open","ping_status":"closed","template":"","meta":{"_et_pb_use_builder":"","_et_pb_old_content":"","_et_gb_content_width":""},"_links":{"self":[{"href":"https:\/\/www.led-llt.eu\/index.php?rest_route=\/wp\/v2\/product\/482"}],"collection":[{"href":"https:\/\/www.led-llt.eu\/index.php?rest_route=\/wp\/v2\/product"}],"about":[{"href":"https:\/\/www.led-llt.eu\/index.php?rest_route=\/wp\/v2\/types\/product"}],"replies":[{"embeddable":true,"href":"https:\/\/www.led-llt.eu\/index.php?rest_route=%2Fwp%2Fv2%2Fcomments&post=482"}],"wp:featuredmedia":[{"embeddable":true,"href":"https:\/\/www.led-llt.eu\/index.php?rest_route=\/wp\/v2\/media\/471"}],"wp:attachment":[{"href":"https:\/\/www.led-llt.eu\/index.php?rest_route=%2Fwp%2Fv2%2Fmedia&parent=482"}],"curies":[{"name":"wp","href":"https:\/\/api.w.org\/{rel}","templated":true}]}}