{"id":481,"date":"2020-03-02T18:20:05","date_gmt":"2020-03-02T17:20:05","guid":{"rendered":"https:\/\/www.led-llt.eu\/?post_type=product&#038;p=481"},"modified":"2020-03-02T18:22:27","modified_gmt":"2020-03-02T17:22:27","slug":"101014-400w","status":"publish","type":"product","link":"https:\/\/www.led-llt.eu\/?product=101014-400w","title":{"rendered":"101014 &#8211; 400W"},"content":{"rendered":"<p>Pou\u017eit\u00ed &#8211; Sportovn\u00ed za\u0159\u00edzen\u00ed &#8211; fotbal, americk\u00fd fotbal, hokej, Leti\u0161t\u011b, parkovi\u0161t\u011b, p\u0159\u00edstavy<\/p>\n<table style=\"height: 123px;\" border=\"0\" width=\"970\" cellspacing=\"0\" cellpadding=\"0\">\n<tbody>\n<tr>\n<td style=\"width: 515.6px;\" colspan=\"5\"><span lang=\"EN-US\">\u00a0Body : Lit\u00fd hlin\u00edk<\/span><\/td>\n<td style=\"width: 448.4px;\" colspan=\"4\">\u25a0<span lang=\"EN-US\"> Distribuce sv\u011btla: Asimetrick\u00fd<\/span><\/td>\n<\/tr>\n<tr>\n<td style=\"width: 515.6px;\" colspan=\"5\">\u25a0<span lang=\"EN-US\"> Cover : Sklo 4.0T (\u010dir\u00e9)<\/span><\/td>\n<td style=\"width: 448.4px;\" colspan=\"4\">\u25a0<span lang=\"EN-US\"> \u0158\u00eddic\u00ed syst\u00e9m: Kabelov\u00e9 (RS-485), bezdr\u00e1tov\u00e9, NEMA-7<\/span><\/td>\n<\/tr>\n<tr>\n<td style=\"width: 515.6px;\" colspan=\"5\">\u25a0<span lang=\"EN-US\"> Finish : Pr\u00e1\u0161kov\u00e9 lakov\u00e1n\u00ed<\/span><\/td>\n<\/tr>\n<tr>\n<td style=\"width: 515.6px;\" colspan=\"5\">\u25a0 Mo\u017enost mont\u00e1\u017ee: Oto\u010dn\u00fd dr\u017e\u00e1k<\/td>\n<\/tr>\n<\/tbody>\n<\/table>\n<p><img decoding=\"async\" loading=\"lazy\" class=\"alignnone size-medium wp-image-452\" src=\"https:\/\/www.led-llt.eu\/wp-content\/uploads\/2020\/03\/large_3bd0235a2f4ca4e7cbefa7f669bb28d70-1-300x134.png\" alt=\"\" width=\"300\" height=\"134\" \/> <img decoding=\"async\" loading=\"lazy\" class=\"alignnone size-medium wp-image-453\" src=\"https:\/\/www.led-llt.eu\/wp-content\/uploads\/2020\/03\/large_3bd0235a2f4ca4e7cbefa7f669bb28d71-300x134.png\" alt=\"\" width=\"300\" height=\"134\" \/> <img decoding=\"async\" loading=\"lazy\" class=\"alignnone size-medium wp-image-454\" src=\"https:\/\/www.led-llt.eu\/wp-content\/uploads\/2020\/03\/large_3bd0235a2f4ca4e7cbefa7f669bb28d72-300x134.png\" alt=\"\" width=\"300\" height=\"134\" \/> <img decoding=\"async\" loading=\"lazy\" class=\"alignnone size-medium wp-image-455\" src=\"https:\/\/www.led-llt.eu\/wp-content\/uploads\/2020\/03\/large_3bd0235a2f4ca4e7cbefa7f669bb28d73-300x134.png\" alt=\"\" width=\"300\" height=\"134\" \/><\/p>\n<p>&nbsp;<\/p>\n","protected":false},"excerpt":{"rendered":"<h4>M\u016f\u017ee vys\u00edlat rovnom\u011brn\u00e9 rozlo\u017een\u00ed sv\u011btla i na velk\u00e9 vzd\u00e1lenosti<\/h4>\n<p>Vysok\u00e1 sv\u011bteln\u00e1 \u00fa\u010dinnost 120 lm \/ W<br \/>\nNakl\u00e1p\u011bc\u00ed struktura pro optimalizovan\u00e9 zam\u011b\u0159ov\u00e1n\u00ed (nahoru: 10\u02da, dol\u016f: 20\u02da)<br \/>\n\u0158\u00edzen\u00ed stm\u00edv\u00e1n\u00ed pomoc\u00ed bezdr\u00e1tov\u00e9 a kabelov\u00e9 komunikace<br \/>\nVynikaj\u00edc\u00ed technologie chlazen\u00ed a trvanlivost<\/p>\n","protected":false},"featured_media":457,"comment_status":"open","ping_status":"closed","template":"","meta":{"_et_pb_use_builder":"","_et_pb_old_content":"","_et_gb_content_width":""},"_links":{"self":[{"href":"https:\/\/www.led-llt.eu\/index.php?rest_route=\/wp\/v2\/product\/481"}],"collection":[{"href":"https:\/\/www.led-llt.eu\/index.php?rest_route=\/wp\/v2\/product"}],"about":[{"href":"https:\/\/www.led-llt.eu\/index.php?rest_route=\/wp\/v2\/types\/product"}],"replies":[{"embeddable":true,"href":"https:\/\/www.led-llt.eu\/index.php?rest_route=%2Fwp%2Fv2%2Fcomments&post=481"}],"wp:featuredmedia":[{"embeddable":true,"href":"https:\/\/www.led-llt.eu\/index.php?rest_route=\/wp\/v2\/media\/457"}],"wp:attachment":[{"href":"https:\/\/www.led-llt.eu\/index.php?rest_route=%2Fwp%2Fv2%2Fmedia&parent=481"}],"curies":[{"name":"wp","href":"https:\/\/api.w.org\/{rel}","templated":true}]}}