{"id":473,"date":"2020-03-02T18:10:21","date_gmt":"2020-03-02T17:10:21","guid":{"rendered":"https:\/\/www.led-llt.eu\/?post_type=product&#038;p=473"},"modified":"2020-03-02T18:19:33","modified_gmt":"2020-03-02T17:19:33","slug":"101013-400w","status":"publish","type":"product","link":"https:\/\/www.led-llt.eu\/?product=101013-400w","title":{"rendered":"101013 &#8211; 400W"},"content":{"rendered":"<p>Pou\u017eit\u00ed &#8211; Sportovn\u00ed za\u0159\u00edzen\u00ed &#8211; basketbal, volejbal, ledn\u00ed hokej atd.<\/p>\n<table style=\"height: 123px;\" border=\"0\" width=\"970\" cellspacing=\"0\" cellpadding=\"0\">\n<tbody>\n<tr>\n<td style=\"width: 515.6px;\" colspan=\"5\"><span lang=\"EN-US\">\u00a0Body : Lit\u00fd hlin\u00edk<\/span><\/td>\n<td style=\"width: 448.4px;\" colspan=\"4\">\u25a0<span lang=\"EN-US\"> Distribuce sv\u011btla: 15\u00ba\u00a0\/ 30\u00ba\u00a0\/ 45\u00ba<\/span><\/td>\n<\/tr>\n<tr>\n<td style=\"width: 515.6px;\" colspan=\"5\">\u25a0<span lang=\"EN-US\"> Cover : Tvrzen\u00e9 sklo 3,2T (\u010dir\u00e9), anti UV<\/span><\/td>\n<td style=\"width: 448.4px;\" colspan=\"4\">\u25a0<span lang=\"EN-US\"> \u0158\u00eddic\u00ed syst\u00e9m: Kabelov\u00e9 (RS-485)<\/span><\/td>\n<\/tr>\n<tr>\n<td style=\"width: 515.6px;\" colspan=\"5\">\u25a0<span lang=\"EN-US\"> Finish : Pr\u00e1\u0161kov\u00e9 lakov\u00e1n\u00ed<\/span><\/td>\n<\/tr>\n<tr>\n<td style=\"width: 515.6px;\" colspan=\"5\">\u25a0 Mo\u017enost mont\u00e1\u017ee: Mont\u00e1\u017e na ze\u010f<\/td>\n<\/tr>\n<\/tbody>\n<\/table>\n<p><img decoding=\"async\" loading=\"lazy\" class=\"alignnone size-medium wp-image-474\" src=\"https:\/\/www.led-llt.eu\/wp-content\/uploads\/2020\/03\/large_785331246b60168dfed04c626a2e0c050-300x134.png\" alt=\"\" width=\"300\" height=\"134\" \/> <img decoding=\"async\" loading=\"lazy\" class=\"alignnone size-medium wp-image-475\" src=\"https:\/\/www.led-llt.eu\/wp-content\/uploads\/2020\/03\/large_e4326323a2fd9c2beac109f8cf46124d3-300x134.png\" alt=\"\" width=\"300\" height=\"134\" \/> <img decoding=\"async\" loading=\"lazy\" class=\"alignnone size-medium wp-image-476\" src=\"https:\/\/www.led-llt.eu\/wp-content\/uploads\/2020\/03\/large_e4326323a2fd9c2beac109f8cf46124d2-300x134.png\" alt=\"\" width=\"300\" height=\"134\" \/> <img decoding=\"async\" loading=\"lazy\" class=\"alignnone size-medium wp-image-477\" src=\"https:\/\/www.led-llt.eu\/wp-content\/uploads\/2020\/03\/large_e4326323a2fd9c2beac109f8cf46124d0-300x134.png\" alt=\"\" width=\"300\" height=\"134\" \/><\/p>\n<p>&nbsp;<\/p>\n","protected":false},"excerpt":{"rendered":"<h4>Sklopn\u00fd a oto\u010dn\u00fd pro snadn\u00e9 zam\u011b\u0159en\u00ed<\/h4>\n<p>Stabiln\u00ed chladic\u00ed struktura, kter\u00e1 ukazuje uvol\u0148ov\u00e1n\u00ed tepla<br \/>\nZv\u00fd\u0161en\u00e1 \u00fa\u010dinnost instalace d\u00edky zten\u010den\u00e9mu produktu<br \/>\nVysok\u00fd obsah CRI a R9 lep\u0161\u00ed viditelnost<br \/>\nPropojen\u00ed s kabelov\u00fdm \u0159\u00eddic\u00edm syst\u00e9mem i pro ovl\u00e1d\u00e1n\u00ed osv\u011btlen\u00ed ud\u00e1lost\u00ed<br \/>\nLaditeln\u00e9 barvy (4000K ~ 5700K)<\/p>\n","protected":false},"featured_media":478,"comment_status":"open","ping_status":"closed","template":"","meta":{"_et_pb_use_builder":"","_et_pb_old_content":"","_et_gb_content_width":""},"_links":{"self":[{"href":"https:\/\/www.led-llt.eu\/index.php?rest_route=\/wp\/v2\/product\/473"}],"collection":[{"href":"https:\/\/www.led-llt.eu\/index.php?rest_route=\/wp\/v2\/product"}],"about":[{"href":"https:\/\/www.led-llt.eu\/index.php?rest_route=\/wp\/v2\/types\/product"}],"replies":[{"embeddable":true,"href":"https:\/\/www.led-llt.eu\/index.php?rest_route=%2Fwp%2Fv2%2Fcomments&post=473"}],"wp:featuredmedia":[{"embeddable":true,"href":"https:\/\/www.led-llt.eu\/index.php?rest_route=\/wp\/v2\/media\/478"}],"wp:attachment":[{"href":"https:\/\/www.led-llt.eu\/index.php?rest_route=%2Fwp%2Fv2%2Fmedia&parent=473"}],"curies":[{"name":"wp","href":"https:\/\/api.w.org\/{rel}","templated":true}]}}