{"id":426,"date":"2020-03-02T15:34:19","date_gmt":"2020-03-02T14:34:19","guid":{"rendered":"https:\/\/www.led-llt.eu\/?post_type=product&#038;p=426"},"modified":"2020-03-02T15:43:02","modified_gmt":"2020-03-02T14:43:02","slug":"101004-1200w","status":"publish","type":"product","link":"https:\/\/www.led-llt.eu\/?product=101004-1200w","title":{"rendered":"101004 &#8211; 1200W"},"content":{"rendered":"<p>Pou\u017eit\u00ed &#8211; Sportovn\u00ed za\u0159\u00edzen\u00ed &#8211; fotbal, americk\u00fd fotbal, hokej, golf, ly\u017eov\u00e1n\u00ed atd.<\/p>\n<table style=\"height: 93px;\" border=\"0\" width=\"935\" cellspacing=\"0\" cellpadding=\"0\">\n<tbody>\n<tr>\n<td style=\"width: 497.2px;\" colspan=\"5\"><span lang=\"EN-US\">\u00a0Body : Lit\u00fd hlin\u00edk<\/span><\/td>\n<td style=\"width: 431.6px;\" colspan=\"4\">\u25a0<span lang=\"EN-US\"> Distribuce sv\u011btla: 20\u00ba, 30\u00ba<\/span><\/td>\n<\/tr>\n<tr>\n<td style=\"width: 497.2px;\" colspan=\"5\">\u25a0<span lang=\"EN-US\"> Cover : Sklo 4.0T (\u010dir\u00e9), Anti UV<\/span><\/td>\n<td style=\"width: 431.6px;\" colspan=\"4\">\u25a0<span lang=\"EN-US\"> \u0158\u00eddic\u00ed syst\u00e9m: Kabelov\u00e9 (RS-485)<\/span><\/td>\n<\/tr>\n<tr>\n<td style=\"width: 497.2px;\" colspan=\"5\">\u25a0<span lang=\"EN-US\"> Finish : Pr\u00e1\u0161kov\u00e9 lakov\u00e1n\u00ed<\/span><\/td>\n<\/tr>\n<tr>\n<td style=\"width: 497.2px;\" colspan=\"5\"><\/td>\n<\/tr>\n<\/tbody>\n<\/table>\n<p><img decoding=\"async\" loading=\"lazy\" class=\"alignnone size-medium wp-image-427\" src=\"https:\/\/www.led-llt.eu\/wp-content\/uploads\/2020\/03\/large_8a0618b02093b627d7aee2aae30046e10-300x134.png\" alt=\"\" width=\"300\" height=\"134\" \/> <img decoding=\"async\" loading=\"lazy\" class=\"alignnone size-medium wp-image-428\" src=\"https:\/\/www.led-llt.eu\/wp-content\/uploads\/2020\/03\/large_8a0618b02093b627d7aee2aae30046e11-300x134.png\" alt=\"\" width=\"300\" height=\"134\" \/><\/p>\n<p>&nbsp;<\/p>\n","protected":false},"excerpt":{"rendered":"<h4><strong>Nejlep\u0161\u00ed technologie pro dosa\u017een\u00ed vysok\u00e9 \u00fa\u010dinnosti a m\u00e9n\u011b optick\u00e9ho v\u00fdkonu odlesku<\/strong><\/h4>\n<p>Neosl\u0148uj\u00edc\u00ed z \u00fazk\u00e9ho paprsku reflektoru<br \/>\nBez blik\u00e1n\u00ed prok\u00e1z\u00e1no a\u017e 1500 sn\u00edmk\u016f\/s<br \/>\nVysok\u00fd obsah CRI a R9 lep\u0161\u00ed viditelnost<br \/>\n\u0158\u00edzen\u00ed stm\u00edv\u00e1n\u00ed pomoc\u00ed kabelov\u00e9 komunikace<\/p>\n","protected":false},"featured_media":431,"comment_status":"open","ping_status":"closed","template":"","meta":{"_et_pb_use_builder":"","_et_pb_old_content":"","_et_gb_content_width":""},"_links":{"self":[{"href":"https:\/\/www.led-llt.eu\/index.php?rest_route=\/wp\/v2\/product\/426"}],"collection":[{"href":"https:\/\/www.led-llt.eu\/index.php?rest_route=\/wp\/v2\/product"}],"about":[{"href":"https:\/\/www.led-llt.eu\/index.php?rest_route=\/wp\/v2\/types\/product"}],"replies":[{"embeddable":true,"href":"https:\/\/www.led-llt.eu\/index.php?rest_route=%2Fwp%2Fv2%2Fcomments&post=426"}],"wp:featuredmedia":[{"embeddable":true,"href":"https:\/\/www.led-llt.eu\/index.php?rest_route=\/wp\/v2\/media\/431"}],"wp:attachment":[{"href":"https:\/\/www.led-llt.eu\/index.php?rest_route=%2Fwp%2Fv2%2Fmedia&parent=426"}],"curies":[{"name":"wp","href":"https:\/\/api.w.org\/{rel}","templated":true}]}}