{"id":405,"date":"2020-03-02T14:49:59","date_gmt":"2020-03-02T13:49:59","guid":{"rendered":"https:\/\/www.led-llt.eu\/?post_type=product&#038;p=405"},"modified":"2024-07-09T09:36:55","modified_gmt":"2024-07-09T07:36:55","slug":"101002-1200w","status":"publish","type":"product","link":"https:\/\/www.led-llt.eu\/?product=101002-1200w","title":{"rendered":"101002 &#8211; 1200W"},"content":{"rendered":"<p>Sportovn\u00ed za\u0159\u00edzen\u00ed &#8211; baseball, golf, tenis, softball, kriket atd.<\/p>\n<table style=\"height: 76px;\" border=\"0\" width=\"665\" cellspacing=\"0\" cellpadding=\"0\">\n<tbody>\n<tr>\n<td style=\"width: 353.2px;\" colspan=\"5\"><span lang=\"EN-US\">\u00a0Body : Lit\u00fd hlin\u00edk<\/span><\/td>\n<td style=\"width: 306px;\" colspan=\"4\">\u25a0<span lang=\"EN-US\"> Distribuce sv\u011btla: 15 \u00b0 \/ 30 \u00b0 \/ 45 \u00b0<\/span><\/td>\n<\/tr>\n<tr>\n<td style=\"width: 353.2px;\" colspan=\"5\">\u25a0<span lang=\"EN-US\"> Cover : Tvrzen\u00e9 sklo 3.2T (\u010dir\u00e9)<\/span><\/td>\n<td style=\"width: 306px;\" colspan=\"4\">\u25a0<span lang=\"EN-US\"> \u0158\u00eddic\u00ed syst\u00e9m: Kabelov\u00e9 (RS-485)<\/span><\/td>\n<\/tr>\n<tr>\n<td style=\"width: 353.2px;\" colspan=\"5\">\u25a0<span lang=\"EN-US\"> Finish : Pr\u00e1\u0161kov\u00e9 lakov\u00e1n\u00edg<\/span><\/td>\n<\/tr>\n<\/tbody>\n<\/table>\n<p>&nbsp;<\/p>\n<p><img decoding=\"async\" loading=\"lazy\" class=\"alignnone size-medium wp-image-410\" src=\"https:\/\/www.led-llt.eu\/wp-content\/uploads\/2020\/03\/large_a813157152ddb4c21700ee94a79580d50-300x134.png\" alt=\"\" width=\"300\" height=\"134\" \/> <img decoding=\"async\" loading=\"lazy\" class=\"alignnone size-medium wp-image-411\" src=\"https:\/\/www.led-llt.eu\/wp-content\/uploads\/2020\/03\/large_a813157152ddb4c21700ee94a79580d51-300x134.png\" alt=\"\" width=\"300\" height=\"134\" \/> <img decoding=\"async\" loading=\"lazy\" class=\"alignnone size-medium wp-image-412\" src=\"https:\/\/www.led-llt.eu\/wp-content\/uploads\/2020\/03\/large_a813157152ddb4c21700ee94a79580d52-300x134.png\" alt=\"\" width=\"300\" height=\"134\" \/> <img decoding=\"async\" loading=\"lazy\" class=\"alignnone size-medium wp-image-413\" src=\"https:\/\/www.led-llt.eu\/wp-content\/uploads\/2020\/03\/large_d8492dc5c930baa21df2ddd63777250d0-300x134.png\" alt=\"\" width=\"300\" height=\"134\" \/><\/p>\n","protected":false},"excerpt":{"rendered":"<h4><strong>Nejlep\u0161\u00ed technologie pro dosa\u017een\u00ed vysok\u00e9 \u00fa\u010dinnosti a m\u00e9n\u011b optick\u00e9ho v\u00fdkonu odlesku<\/strong><\/h4>\n<p>Neosl\u0148uj\u00edc\u00ed z \u00fazk\u00e9ho paprsku reflektoru<br \/>\nBez blik\u00e1n\u00ed prok\u00e1z\u00e1no a\u017e 1500 sn\u00edmk\u016f\/s<br \/>\nVysok\u00fd obsah CRI a R9 lep\u0161\u00ed viditelnost<br \/>\nPropojen\u00ed s kabelov\u00fdm \u0159\u00eddic\u00edm syst\u00e9mem i pro ovl\u00e1d\u00e1n\u00ed osv\u011btlen\u00ed ud\u00e1lost\u00ed<\/p>\n","protected":false},"featured_media":406,"comment_status":"open","ping_status":"closed","template":"","meta":{"_et_pb_use_builder":"","_et_pb_old_content":"","_et_gb_content_width":""},"_links":{"self":[{"href":"https:\/\/www.led-llt.eu\/index.php?rest_route=\/wp\/v2\/product\/405"}],"collection":[{"href":"https:\/\/www.led-llt.eu\/index.php?rest_route=\/wp\/v2\/product"}],"about":[{"href":"https:\/\/www.led-llt.eu\/index.php?rest_route=\/wp\/v2\/types\/product"}],"replies":[{"embeddable":true,"href":"https:\/\/www.led-llt.eu\/index.php?rest_route=%2Fwp%2Fv2%2Fcomments&post=405"}],"wp:featuredmedia":[{"embeddable":true,"href":"https:\/\/www.led-llt.eu\/index.php?rest_route=\/wp\/v2\/media\/406"}],"wp:attachment":[{"href":"https:\/\/www.led-llt.eu\/index.php?rest_route=%2Fwp%2Fv2%2Fmedia&parent=405"}],"curies":[{"name":"wp","href":"https:\/\/api.w.org\/{rel}","templated":true}]}}