{"id":398,"date":"2020-03-02T14:20:58","date_gmt":"2020-03-02T13:20:58","guid":{"rendered":"https:\/\/www.led-llt.eu\/?post_type=product&#038;p=398"},"modified":"2020-03-02T14:28:08","modified_gmt":"2020-03-02T13:28:08","slug":"107003-70w","status":"publish","type":"product","link":"https:\/\/www.led-llt.eu\/?product=107003-70w","title":{"rendered":"107003 &#8211; 70W"},"content":{"rendered":"<p>Pou\u017eit\u00ed &#8211; Sportovn\u00ed za\u0159\u00edzen\u00ed, hang\u00e1ry letadel, leti\u0161tn\u00ed plochy, parkovi\u0161t\u011b, p\u0159\u00edstavy<\/p>\n<table style=\"height: 112px;\" border=\"0\" width=\"818\" cellspacing=\"0\" cellpadding=\"0\">\n<tbody>\n<tr>\n<td style=\"width: 434.8px;\" colspan=\"5\">\u25a0<span lang=\"EN-US\"> Materi\u00e1l : Lit\u00fd hlin\u00edk<\/span><\/td>\n<td style=\"width: 377.2px;\" colspan=\"4\">\u25a0 Distribuce sv\u011btla: Asymetrick\u00fd<\/td>\n<\/tr>\n<tr>\n<td style=\"width: 434.8px;\" colspan=\"5\">\u25a0 Kryt: Tvrzen\u00e9 sklo 4T (\u010dir\u00e9)<\/td>\n<td style=\"width: 377.2px;\" colspan=\"4\">\u25a0\u00a0 \u0158\u00eddic\u00ed syst\u00e9m: Wireless \/ Wired (RS-485)<\/td>\n<\/tr>\n<tr>\n<td style=\"width: 434.8px;\" colspan=\"5\">\u25a0<span lang=\"EN-US\"> Povrchov\u00e1 \u00faprava: Pr\u00e1\u0161kov\u00e9 lakov\u00e1n\u00ed<\/span><\/td>\n<td style=\"width: 377.2px;\" colspan=\"4\">\u25a0\u00a0 Mo\u017enost mont\u00e1\u017ee:Oto\u010dn\u00fd dr\u017e\u00e1k \/ dr\u017e\u00e1k na ty\u010d \/ dr\u017e\u00e1k<\/td>\n<\/tr>\n<\/tbody>\n<\/table>\n<p><img decoding=\"async\" loading=\"lazy\" class=\"alignnone size-medium wp-image-400\" src=\"https:\/\/www.led-llt.eu\/wp-content\/uploads\/2020\/03\/large_db7eccb47706d8927f8e5dd23237941f0-300x134.png\" alt=\"\" width=\"300\" height=\"134\" \/> <img decoding=\"async\" loading=\"lazy\" class=\"alignnone size-medium wp-image-401\" src=\"https:\/\/www.led-llt.eu\/wp-content\/uploads\/2020\/03\/large_db7eccb47706d8927f8e5dd23237941f1-300x134.png\" alt=\"\" width=\"300\" height=\"134\" \/> <img decoding=\"async\" loading=\"lazy\" class=\"alignnone size-medium wp-image-402\" src=\"https:\/\/www.led-llt.eu\/wp-content\/uploads\/2020\/03\/large_db7eccb47706d8927f8e5dd23237941f2-300x134.png\" alt=\"\" width=\"300\" height=\"134\" \/> <img decoding=\"async\" loading=\"lazy\" class=\"alignnone size-medium wp-image-403\" src=\"https:\/\/www.led-llt.eu\/wp-content\/uploads\/2020\/03\/large_db7eccb47706d8927f8e5dd23237941f3-300x134.png\" alt=\"\" width=\"300\" height=\"134\" \/><\/p>\n","protected":false},"excerpt":{"rendered":"<ul>\n<li>\n<h4 class=\"tit\">Vynikaj\u00edc\u00ed struktura chlazen\u00ed<\/h4>\n<p>Kabelov\u00e9 \/ bezdr\u00e1tov\u00e9 ovl\u00e1d\u00e1n\u00ed osv\u011btlen\u00ed<br \/>\nVestav\u011bn\u00e1 ochrana proti p\u0159ep\u011bt\u00ed 20 kV<\/li>\n<\/ul>\n","protected":false},"featured_media":399,"comment_status":"open","ping_status":"closed","template":"","meta":{"_et_pb_use_builder":"","_et_pb_old_content":"","_et_gb_content_width":""},"_links":{"self":[{"href":"https:\/\/www.led-llt.eu\/index.php?rest_route=\/wp\/v2\/product\/398"}],"collection":[{"href":"https:\/\/www.led-llt.eu\/index.php?rest_route=\/wp\/v2\/product"}],"about":[{"href":"https:\/\/www.led-llt.eu\/index.php?rest_route=\/wp\/v2\/types\/product"}],"replies":[{"embeddable":true,"href":"https:\/\/www.led-llt.eu\/index.php?rest_route=%2Fwp%2Fv2%2Fcomments&post=398"}],"wp:featuredmedia":[{"embeddable":true,"href":"https:\/\/www.led-llt.eu\/index.php?rest_route=\/wp\/v2\/media\/399"}],"wp:attachment":[{"href":"https:\/\/www.led-llt.eu\/index.php?rest_route=%2Fwp%2Fv2%2Fmedia&parent=398"}],"curies":[{"name":"wp","href":"https:\/\/api.w.org\/{rel}","templated":true}]}}