{"id":396,"date":"2020-03-02T14:18:40","date_gmt":"2020-03-02T13:18:40","guid":{"rendered":"https:\/\/www.led-llt.eu\/?post_type=product&#038;p=396"},"modified":"2020-03-02T14:20:06","modified_gmt":"2020-03-02T13:20:06","slug":"107002-120w","status":"publish","type":"product","link":"https:\/\/www.led-llt.eu\/?product=107002-120w","title":{"rendered":"107002 &#8211; 120W"},"content":{"rendered":"<p>Pou\u017eit\u00ed &#8211; Sportovn\u00ed stadiony, komer\u010dn\u00ed budovy, vesnice a soukrom\u00fd domy, stavebn\u00ed struktury<\/p>\n<table style=\"height: 112px;\" border=\"0\" width=\"818\" cellspacing=\"0\" cellpadding=\"0\">\n<tbody>\n<tr>\n<td style=\"width: 434.8px;\" colspan=\"5\">\u25a0<span lang=\"EN-US\"> Materi\u00e1l : Lit\u00fd hlin\u00edk<\/span><\/td>\n<td style=\"width: 377.2px;\" colspan=\"4\">\u25a0 Distribuce sv\u011btla: 15 \u00b0 \/ 30 \u00b0 \/ 45 \u00b0<\/td>\n<\/tr>\n<tr>\n<td style=\"width: 434.8px;\" colspan=\"5\">\u25a0 Kryt: Tvrzen\u00e9 sklo 3.2T (\u010dir\u00e9)<\/td>\n<td style=\"width: 377.2px;\" colspan=\"4\">\u25a0\u00a0 \u0158\u00eddic\u00ed syst\u00e9m: Kabelov\u00e9 (DMX-512 \/ RS-485)<\/td>\n<\/tr>\n<tr>\n<td style=\"width: 434.8px;\" colspan=\"5\">\u25a0<span lang=\"EN-US\"> Povrchov\u00e1 \u00faprava: Pr\u00e1\u0161kov\u00e9 lakov\u00e1n\u00ed<\/span><\/td>\n<td style=\"width: 377.2px;\" colspan=\"4\">\u25a0\u00a0 Mo\u017enost mont\u00e1\u017ee:Oto\u010dn\u00fd dr\u017e\u00e1k<\/td>\n<\/tr>\n<\/tbody>\n<\/table>\n<p><img decoding=\"async\" loading=\"lazy\" class=\"alignnone size-medium wp-image-394\" src=\"https:\/\/www.led-llt.eu\/wp-content\/uploads\/2020\/03\/large_29a81f82dd9e7e588becb210ce1b55043-300x134.png\" alt=\"\" width=\"300\" height=\"134\" \/><img decoding=\"async\" loading=\"lazy\" class=\"alignnone size-medium wp-image-393\" src=\"https:\/\/www.led-llt.eu\/wp-content\/uploads\/2020\/03\/large_29a81f82dd9e7e588becb210ce1b55042-300x134.png\" alt=\"\" width=\"300\" height=\"134\" \/><img decoding=\"async\" loading=\"lazy\" class=\"alignnone size-medium wp-image-392\" src=\"https:\/\/www.led-llt.eu\/wp-content\/uploads\/2020\/03\/large_29a81f82dd9e7e588becb210ce1b55041-300x134.png\" alt=\"\" width=\"300\" height=\"134\" \/><img decoding=\"async\" loading=\"lazy\" class=\"alignnone size-medium wp-image-391\" src=\"https:\/\/www.led-llt.eu\/wp-content\/uploads\/2020\/03\/large_29a81f82dd9e7e588becb210ce1b55040-300x134.png\" alt=\"\" width=\"300\" height=\"134\" \/><\/p>\n","protected":false},"excerpt":{"rendered":"<ul>\n<li>\n<h4 class=\"tit\">Vynikaj\u00edc\u00ed struktura chlazen\u00ed<\/h4>\n<p>Kabelov\u00e9 ovl\u00e1d\u00e1n\u00ed osv\u011btlen\u00ed<br \/>\nVestav\u011bn\u00e1 ochrana proti p\u0159ep\u011bt\u00ed 20 kV<\/li>\n<\/ul>\n","protected":false},"featured_media":397,"comment_status":"open","ping_status":"closed","template":"","meta":{"_et_pb_use_builder":"","_et_pb_old_content":"","_et_gb_content_width":""},"_links":{"self":[{"href":"https:\/\/www.led-llt.eu\/index.php?rest_route=\/wp\/v2\/product\/396"}],"collection":[{"href":"https:\/\/www.led-llt.eu\/index.php?rest_route=\/wp\/v2\/product"}],"about":[{"href":"https:\/\/www.led-llt.eu\/index.php?rest_route=\/wp\/v2\/types\/product"}],"replies":[{"embeddable":true,"href":"https:\/\/www.led-llt.eu\/index.php?rest_route=%2Fwp%2Fv2%2Fcomments&post=396"}],"wp:featuredmedia":[{"embeddable":true,"href":"https:\/\/www.led-llt.eu\/index.php?rest_route=\/wp\/v2\/media\/397"}],"wp:attachment":[{"href":"https:\/\/www.led-llt.eu\/index.php?rest_route=%2Fwp%2Fv2%2Fmedia&parent=396"}],"curies":[{"name":"wp","href":"https:\/\/api.w.org\/{rel}","templated":true}]}}