{"id":370,"date":"2020-03-02T13:37:47","date_gmt":"2020-03-02T12:37:47","guid":{"rendered":"https:\/\/www.led-llt.eu\/?post_type=product&#038;p=370"},"modified":"2020-03-02T13:39:12","modified_gmt":"2020-03-02T12:39:12","slug":"102012-100w","status":"publish","type":"product","link":"https:\/\/www.led-llt.eu\/?product=102012-100w","title":{"rendered":"102012 &#8211; 100W"},"content":{"rendered":"<p>Pou\u017eit\u00ed &#8211; Sklad, supermarket, tov\u00e1rna atd.<\/p>\n<table style=\"height: 112px;\" border=\"0\" width=\"818\" cellspacing=\"0\" cellpadding=\"0\">\n<tbody>\n<tr>\n<td style=\"width: 434.8px;\" colspan=\"5\">\u25a0<span lang=\"EN-US\"> Materi\u00e1l : Lit\u00fd hlin\u00edk<\/span><\/td>\n<td style=\"width: 377.2px;\" colspan=\"4\">\u25a0 Distribuce sv\u011btla: 120 \u00b0 (standardn\u00ed) \/ 80 \u00b0 (voliteln\u00e9)<\/td>\n<\/tr>\n<tr>\n<td style=\"width: 434.8px;\" colspan=\"5\">\u25a0 Kryt: Sklo nebo polykarbon\u00e1t (difuzor)<\/td>\n<td style=\"width: 377.2px;\" colspan=\"4\">\u25a0 \u0158\u00eddic\u00ed syst\u00e9m: Kabelov\u00e9 (1-10V)<\/td>\n<\/tr>\n<tr>\n<td style=\"width: 434.8px;\" colspan=\"5\">\u25a0<span lang=\"EN-US\"> Povrchov\u00e1 \u00faprava:Eloxovan\u00fd<\/span><\/td>\n<td style=\"width: 377.2px;\" colspan=\"4\">\u25a0\u00a0 Mo\u017enost mont\u00e1\u017ee:Mont\u00e1\u017e na strop (potrub\u00ed, \u0159et\u011bz)<\/td>\n<\/tr>\n<\/tbody>\n<\/table>\n<p><img decoding=\"async\" loading=\"lazy\" class=\"alignnone size-medium wp-image-360\" src=\"https:\/\/www.led-llt.eu\/wp-content\/uploads\/2020\/03\/large_fd9dadf2dee108b3d0578fcd81e4ddc73-300x134.png\" alt=\"\" width=\"300\" height=\"134\" \/><img decoding=\"async\" loading=\"lazy\" class=\"alignnone size-medium wp-image-361\" src=\"https:\/\/www.led-llt.eu\/wp-content\/uploads\/2020\/03\/large_fd9dadf2dee108b3d0578fcd81e4ddc72-300x134.png\" alt=\"\" width=\"300\" height=\"134\" \/><img decoding=\"async\" loading=\"lazy\" class=\"alignnone size-medium wp-image-362\" src=\"https:\/\/www.led-llt.eu\/wp-content\/uploads\/2020\/03\/large_fd9dadf2dee108b3d0578fcd81e4ddc71-300x134.png\" alt=\"\" width=\"300\" height=\"134\" \/><img decoding=\"async\" loading=\"lazy\" class=\"alignnone size-medium wp-image-363\" src=\"https:\/\/www.led-llt.eu\/wp-content\/uploads\/2020\/03\/large_fd9dadf2dee108b3d0578fcd81e4ddc70-300x134.png\" alt=\"\" width=\"300\" height=\"134\" \/><\/p>\n","protected":false},"excerpt":{"rendered":"<ul>\n<li>\n<h4 class=\"tit\">Vynikaj\u00edc\u00ed struktura chlazen\u00ed<\/h4>\n<p>\u00da\u017easn\u00e1 \u00fa\u010dinnost 150 lm \/ W<br \/>\nSnadn\u00e1 v\u00fdm\u011bna a instalace<br \/>\nRozumnou cenu<\/li>\n<\/ul>\n","protected":false},"featured_media":365,"comment_status":"open","ping_status":"closed","template":"","meta":{"_et_pb_use_builder":"","_et_pb_old_content":"","_et_gb_content_width":""},"_links":{"self":[{"href":"https:\/\/www.led-llt.eu\/index.php?rest_route=\/wp\/v2\/product\/370"}],"collection":[{"href":"https:\/\/www.led-llt.eu\/index.php?rest_route=\/wp\/v2\/product"}],"about":[{"href":"https:\/\/www.led-llt.eu\/index.php?rest_route=\/wp\/v2\/types\/product"}],"replies":[{"embeddable":true,"href":"https:\/\/www.led-llt.eu\/index.php?rest_route=%2Fwp%2Fv2%2Fcomments&post=370"}],"wp:featuredmedia":[{"embeddable":true,"href":"https:\/\/www.led-llt.eu\/index.php?rest_route=\/wp\/v2\/media\/365"}],"wp:attachment":[{"href":"https:\/\/www.led-llt.eu\/index.php?rest_route=%2Fwp%2Fv2%2Fmedia&parent=370"}],"curies":[{"name":"wp","href":"https:\/\/api.w.org\/{rel}","templated":true}]}}