{"id":352,"date":"2020-02-28T11:32:59","date_gmt":"2020-02-28T10:32:59","guid":{"rendered":"https:\/\/www.led-llt.eu\/?post_type=product&#038;p=352"},"modified":"2020-02-28T11:34:05","modified_gmt":"2020-02-28T10:34:05","slug":"102009-130w","status":"publish","type":"product","link":"https:\/\/www.led-llt.eu\/?product=102009-130w","title":{"rendered":"102009 &#8211; 130W"},"content":{"rendered":"<p>Pou\u017eit\u00ed &#8211; Sklad, supermarket, hang\u00e1r letadla, tov\u00e1rna, t\u011blocvi\u010dna atd.<\/p>\n<table style=\"height: 112px;\" border=\"0\" width=\"818\" cellspacing=\"0\" cellpadding=\"0\">\n<tbody>\n<tr>\n<td style=\"width: 434.8px;\" colspan=\"5\">\u25a0<span lang=\"EN-US\"> Materi\u00e1l : Lit\u00fd hlin\u00edk<\/span><\/td>\n<td style=\"width: 377.2px;\" colspan=\"4\">\u25a0 Distribuce sv\u011btla: <span lang=\"EN-US\">90<\/span>\u00ba\u00a0\/ 130\u00ba<\/td>\n<\/tr>\n<tr>\n<td style=\"width: 434.8px;\" colspan=\"5\">\u25a0 Kryt: Tvrzen\u00e9 sklo 3.2T (\u010dir\u00e9 \/ matn\u00e9)<\/td>\n<td style=\"width: 377.2px;\" colspan=\"4\">\u25a0 \u0158\u00eddic\u00ed syst\u00e9m: bezdr\u00e1tov\u00fd<\/td>\n<\/tr>\n<tr>\n<td style=\"width: 434.8px;\" colspan=\"5\">\u25a0<span lang=\"EN-US\"> Povrchov\u00e1 \u00faprava: Pr\u00e1\u0161kov\u00e9 lakov\u00e1n\u00ed<\/span><\/td>\n<td style=\"width: 377.2px;\" colspan=\"4\">\u25a0\u00a0 Mo\u017enost mont\u00e1\u017ee:Mont\u00e1\u017e na strop (potrub\u00ed, \u0159et\u011bz)<\/td>\n<\/tr>\n<\/tbody>\n<\/table>\n<p><img decoding=\"async\" loading=\"lazy\" class=\"alignnone size-medium wp-image-344\" src=\"https:\/\/www.led-llt.eu\/wp-content\/uploads\/2020\/02\/large_ac7c082fc4d9684afa880f0f8d5b35f13-300x134.png\" alt=\"\" width=\"300\" height=\"134\" \/> <img decoding=\"async\" loading=\"lazy\" class=\"alignnone size-medium wp-image-345\" src=\"https:\/\/www.led-llt.eu\/wp-content\/uploads\/2020\/02\/large_ac7c082fc4d9684afa880f0f8d5b35f12-300x134.png\" alt=\"\" width=\"300\" height=\"134\" \/> <img decoding=\"async\" loading=\"lazy\" class=\"alignnone size-medium wp-image-347\" src=\"https:\/\/www.led-llt.eu\/wp-content\/uploads\/2020\/02\/large_ac7c082fc4d9684afa880f0f8d5b35f10-300x134.png\" alt=\"\" width=\"300\" height=\"134\" \/><\/p>\n","protected":false},"excerpt":{"rendered":"<ul>\n<li>\n<h4 class=\"tit\">Bezkonkuren\u010dn\u00ed \u00fa\u010dinnost 145 lm \/ W, 135 lm \/ W<\/h4>\n<p>Dlouh\u00e1 \u017eivotnost s vertik\u00e1ln\u00ed tepelnou \u017eebrovou konstrukci<br \/>\nDr\u00e1tov\u00e9 i bezdr\u00e1tov\u00e9 ovl\u00e1d\u00e1n\u00ed stm\u00edv\u00e1n\u00ed spojen\u00e9 s u\u017e\u00edv\u00e1n\u00edm \/ \u0159\u00eddic\u00edho syst\u00e9mu osv\u011btlen\u00ed<\/li>\n<\/ul>\n","protected":false},"featured_media":341,"comment_status":"open","ping_status":"closed","template":"","meta":{"_et_pb_use_builder":"","_et_pb_old_content":"","_et_gb_content_width":""},"_links":{"self":[{"href":"https:\/\/www.led-llt.eu\/index.php?rest_route=\/wp\/v2\/product\/352"}],"collection":[{"href":"https:\/\/www.led-llt.eu\/index.php?rest_route=\/wp\/v2\/product"}],"about":[{"href":"https:\/\/www.led-llt.eu\/index.php?rest_route=\/wp\/v2\/types\/product"}],"replies":[{"embeddable":true,"href":"https:\/\/www.led-llt.eu\/index.php?rest_route=%2Fwp%2Fv2%2Fcomments&post=352"}],"wp:featuredmedia":[{"embeddable":true,"href":"https:\/\/www.led-llt.eu\/index.php?rest_route=\/wp\/v2\/media\/341"}],"wp:attachment":[{"href":"https:\/\/www.led-llt.eu\/index.php?rest_route=%2Fwp%2Fv2%2Fmedia&parent=352"}],"curies":[{"name":"wp","href":"https:\/\/api.w.org\/{rel}","templated":true}]}}