{"id":333,"date":"2020-02-28T10:08:34","date_gmt":"2020-02-28T09:08:34","guid":{"rendered":"https:\/\/www.led-llt.eu\/?post_type=product&#038;p=333"},"modified":"2020-02-28T10:31:23","modified_gmt":"2020-02-28T09:31:23","slug":"102004","status":"publish","type":"product","link":"https:\/\/www.led-llt.eu\/?product=102004","title":{"rendered":"102004 &#8211; 400W"},"content":{"rendered":"<p>Pou\u017eit\u00ed &#8211; Sklad, supermarket, hang\u00e1r letadla, tov\u00e1rna, t\u011blocvi\u010dna atd.<\/p>\n<table style=\"height: 112px;\" border=\"0\" width=\"818\" cellspacing=\"0\" cellpadding=\"0\">\n<tbody>\n<tr>\n<td style=\"width: 434.8px;\" colspan=\"5\">\u25a0<span lang=\"EN-US\"> Materi\u00e1l : Hlin\u00edk<\/span><\/td>\n<td style=\"width: 377.2px;\" colspan=\"4\">\u25a0 Distribuce sv\u011btla: \u00a080\u00ba \/\u00a0130\u00ba<\/td>\n<\/tr>\n<tr>\n<td style=\"width: 434.8px;\" colspan=\"5\">\u25a0 Kryt: Polykarbon\u00e1t (\u010dir\u00fd)<\/td>\n<td style=\"width: 377.2px;\" colspan=\"4\">\u25a0 \u0158\u00eddic\u00ed syst\u00e9m: bezdr\u00e1tov\u00fd<\/td>\n<\/tr>\n<tr>\n<td style=\"width: 434.8px;\" colspan=\"5\">\u25a0<span lang=\"EN-US\"> Povrchov\u00e1 \u00faprava: Eloxovan\u00e9<\/span><\/td>\n<td style=\"width: 377.2px;\" colspan=\"4\">\u25a0\u00a0 Mo\u017enost mont\u00e1\u017ee: Z\u00e1v\u011bsn\u00e9<\/td>\n<\/tr>\n<\/tbody>\n<\/table>\n<p><img decoding=\"async\" loading=\"lazy\" class=\"alignnone size-medium wp-image-335\" src=\"https:\/\/www.led-llt.eu\/wp-content\/uploads\/2020\/02\/large_27282f06f98e946020bb5dea5e3cccce3-300x134.png\" alt=\"\" width=\"300\" height=\"134\" \/> <img decoding=\"async\" loading=\"lazy\" class=\"alignnone size-medium wp-image-336\" src=\"https:\/\/www.led-llt.eu\/wp-content\/uploads\/2020\/02\/large_27282f06f98e946020bb5dea5e3cccce2-300x134.png\" alt=\"\" width=\"300\" height=\"134\" \/> <img decoding=\"async\" loading=\"lazy\" class=\"alignnone size-medium wp-image-337\" src=\"https:\/\/www.led-llt.eu\/wp-content\/uploads\/2020\/02\/large_27282f06f98e946020bb5dea5e3cccce1-300x134.png\" alt=\"\" width=\"300\" height=\"134\" \/> <img decoding=\"async\" loading=\"lazy\" class=\"alignnone size-medium wp-image-338\" src=\"https:\/\/www.led-llt.eu\/wp-content\/uploads\/2020\/02\/large_27282f06f98e946020bb5dea5e3cccce0-300x134.png\" alt=\"\" width=\"300\" height=\"134\" \/><\/p>\n","protected":false},"excerpt":{"rendered":"<ul>\n<li>\n<h4 class=\"tit\">Pohodln\u00e9 a m\u011bkk\u00e9 ark\u00fd\u0159ov\u00e9 sv\u011btlo<\/h4>\n<p>Osv\u011btlen\u00ed neosl\u0148uj\u00edc\u00ed a vysok\u00e1 \u00fa\u010dinnost<br \/>\nSnadn\u00e1 v\u00fdm\u011bna a instalace<\/li>\n<\/ul>\n","protected":false},"featured_media":334,"comment_status":"open","ping_status":"closed","template":"","meta":{"_et_pb_use_builder":"","_et_pb_old_content":"","_et_gb_content_width":""},"_links":{"self":[{"href":"https:\/\/www.led-llt.eu\/index.php?rest_route=\/wp\/v2\/product\/333"}],"collection":[{"href":"https:\/\/www.led-llt.eu\/index.php?rest_route=\/wp\/v2\/product"}],"about":[{"href":"https:\/\/www.led-llt.eu\/index.php?rest_route=\/wp\/v2\/types\/product"}],"replies":[{"embeddable":true,"href":"https:\/\/www.led-llt.eu\/index.php?rest_route=%2Fwp%2Fv2%2Fcomments&post=333"}],"wp:featuredmedia":[{"embeddable":true,"href":"https:\/\/www.led-llt.eu\/index.php?rest_route=\/wp\/v2\/media\/334"}],"wp:attachment":[{"href":"https:\/\/www.led-llt.eu\/index.php?rest_route=%2Fwp%2Fv2%2Fmedia&parent=333"}],"curies":[{"name":"wp","href":"https:\/\/api.w.org\/{rel}","templated":true}]}}