{"id":331,"date":"2020-02-28T09:46:41","date_gmt":"2020-02-28T08:46:41","guid":{"rendered":"https:\/\/www.led-llt.eu\/?post_type=product&#038;p=331"},"modified":"2020-02-28T10:30:55","modified_gmt":"2020-02-28T09:30:55","slug":"102003","status":"publish","type":"product","link":"https:\/\/www.led-llt.eu\/?product=102003","title":{"rendered":"102003 &#8211; 400W"},"content":{"rendered":"<p>Pou\u017eit\u00ed &#8211; Sklad, supermarket, hang\u00e1r letadla, tov\u00e1rna, t\u011blocvi\u010dna atd.<\/p>\n<table style=\"height: 112px;\" border=\"0\" width=\"818\" cellspacing=\"0\" cellpadding=\"0\">\n<tbody>\n<tr>\n<td style=\"width: 434.8px;\" colspan=\"5\">\u25a0<span lang=\"EN-US\"> Materi\u00e1l : Hlin\u00edk<\/span><\/td>\n<td style=\"width: 377.2px;\" colspan=\"4\">\u25a0 Distribuce sv\u011btla: 80\u00ba<\/td>\n<\/tr>\n<tr>\n<td style=\"width: 434.8px;\" colspan=\"5\">\u25a0 Kryt: tvrzen\u00e9 sklo 4.0T(Matn\u00e9)<\/td>\n<td style=\"width: 377.2px;\" colspan=\"4\">\u25a0 \u0158\u00eddic\u00ed syst\u00e9m: bezdr\u00e1tov\u00fd \/ kabelov\u00fd (1-10V)<\/td>\n<\/tr>\n<tr>\n<td style=\"width: 434.8px;\" colspan=\"5\">\u25a0<span lang=\"EN-US\"> Povrchov\u00e1 \u00faprava: Pr\u00e1\u0161kov\u00e9 lakov\u00e1n\u00ed<\/span><\/td>\n<td style=\"width: 377.2px;\" colspan=\"4\"><\/td>\n<\/tr>\n<\/tbody>\n<\/table>\n<p><img decoding=\"async\" loading=\"lazy\" class=\"alignnone size-medium wp-image-329\" src=\"https:\/\/www.led-llt.eu\/wp-content\/uploads\/2020\/02\/large_0f254f60b6132c8879be5c370e2d53452-300x134.png\" alt=\"\" width=\"300\" height=\"134\" \/><img decoding=\"async\" loading=\"lazy\" class=\"alignnone size-medium wp-image-328\" src=\"https:\/\/www.led-llt.eu\/wp-content\/uploads\/2020\/02\/large_0f254f60b6132c8879be5c370e2d53453-300x134.png\" alt=\"\" width=\"300\" height=\"134\" \/><img decoding=\"async\" loading=\"lazy\" class=\"alignnone size-medium wp-image-326\" src=\"https:\/\/www.led-llt.eu\/wp-content\/uploads\/2020\/02\/large_0f254f60b6132c8879be5c370e2d53451-300x134.png\" alt=\"\" width=\"300\" height=\"134\" \/><\/p>\n","protected":false},"excerpt":{"rendered":"<ul>\n<li>\n<h4 class=\"tit\">Vysoce v\u00fdkonn\u00e9 osv\u011btlen\u00ed s vysok\u00fdm v\u00fdkonem<\/h4>\n<p>\u00da\u010dinnost 135 lm \/ W<br \/>\nOptimalizovan\u00e9 rozlo\u017een\u00ed sv\u011btla<br \/>\nMaximalizovan\u00fd odvod tepla d\u00edky jedine\u010dn\u00e9 vertik\u00e1ln\u00ed chladic\u00ed struktu\u0159e<br \/>\nBezdr\u00e1tov\u00e9 a kabelov\u00e9 ovl\u00e1d\u00e1n\u00ed sv\u011btla<\/li>\n<\/ul>\n","protected":false},"featured_media":321,"comment_status":"open","ping_status":"closed","template":"","meta":{"_et_pb_use_builder":"","_et_pb_old_content":"","_et_gb_content_width":""},"_links":{"self":[{"href":"https:\/\/www.led-llt.eu\/index.php?rest_route=\/wp\/v2\/product\/331"}],"collection":[{"href":"https:\/\/www.led-llt.eu\/index.php?rest_route=\/wp\/v2\/product"}],"about":[{"href":"https:\/\/www.led-llt.eu\/index.php?rest_route=\/wp\/v2\/types\/product"}],"replies":[{"embeddable":true,"href":"https:\/\/www.led-llt.eu\/index.php?rest_route=%2Fwp%2Fv2%2Fcomments&post=331"}],"wp:featuredmedia":[{"embeddable":true,"href":"https:\/\/www.led-llt.eu\/index.php?rest_route=\/wp\/v2\/media\/321"}],"wp:attachment":[{"href":"https:\/\/www.led-llt.eu\/index.php?rest_route=%2Fwp%2Fv2%2Fmedia&parent=331"}],"curies":[{"name":"wp","href":"https:\/\/api.w.org\/{rel}","templated":true}]}}