{"id":310,"date":"2020-02-27T17:23:01","date_gmt":"2020-02-27T16:23:01","guid":{"rendered":"https:\/\/www.led-llt.eu\/?post_type=product&#038;p=310"},"modified":"2020-03-02T18:38:47","modified_gmt":"2020-03-02T17:38:47","slug":"101018","status":"publish","type":"product","link":"https:\/\/www.led-llt.eu\/?product=101018","title":{"rendered":"101018 &#8211; 200W"},"content":{"rendered":"<p>Pou\u017eit\u00ed &#8211; Sportovn\u00ed za\u0159\u00edzen\u00ed &#8211; Baseball, Softball, Kriket, Golf, Tennis atd.<\/p>\n<table style=\"height: 115px;\" border=\"0\" width=\"722\" cellspacing=\"0\" cellpadding=\"0\">\n<tbody>\n<tr>\n<td style=\"width: 383.6px;\" colspan=\"5\">\u25a0<span lang=\"EN-US\"> Materi\u00e1l : Hlin\u00edk<\/span><\/td>\n<td style=\"width: 332.4px;\" colspan=\"4\">\u25a0 Distribuce sv\u011btla: 15 \u00b0 \/ 30 \u00b0 \/ 45 \u00b0<\/td>\n<\/tr>\n<tr>\n<td style=\"width: 383.6px;\" colspan=\"5\">\u25a0 Kryt: tvrzen\u00e9 sklo 3,2T (\u010dir\u00e9), anti UV a prach<\/td>\n<td style=\"width: 332.4px;\" colspan=\"4\">\u25a0 \u0158\u00eddic\u00ed syst\u00e9m: bezdr\u00e1tov\u00fd \/ kabelov\u00fd (RS-485)<\/td>\n<\/tr>\n<tr>\n<td style=\"width: 383.6px;\" colspan=\"5\">\u25a0<span lang=\"EN-US\"> Povrchov\u00e1 \u00faprava: Pr\u00e1\u0161kov\u00e9 lakov\u00e1n\u00ed<\/span><\/td>\n<td style=\"width: 332.4px;\" colspan=\"4\"><span style=\"font-size: medium;\">\u00a0<\/span><\/td>\n<\/tr>\n<\/tbody>\n<\/table>\n<p><img decoding=\"async\" loading=\"lazy\" class=\"alignnone size-medium wp-image-491\" src=\"https:\/\/www.led-llt.eu\/wp-content\/uploads\/2020\/02\/large_32d85d273e70b98a658d73ae4b0e0b453-300x134.png\" alt=\"\" width=\"300\" height=\"134\" \/> <img decoding=\"async\" loading=\"lazy\" class=\"alignnone size-medium wp-image-492\" src=\"https:\/\/www.led-llt.eu\/wp-content\/uploads\/2020\/02\/large_32d85d273e70b98a658d73ae4b0e0b452-300x134.png\" alt=\"\" width=\"300\" height=\"134\" \/> <img decoding=\"async\" loading=\"lazy\" class=\"alignnone size-medium wp-image-493\" src=\"https:\/\/www.led-llt.eu\/wp-content\/uploads\/2020\/02\/large_32d85d273e70b98a658d73ae4b0e0b451-300x134.png\" alt=\"\" width=\"300\" height=\"134\" \/> <img decoding=\"async\" loading=\"lazy\" class=\"alignnone size-medium wp-image-494\" src=\"https:\/\/www.led-llt.eu\/wp-content\/uploads\/2020\/02\/large_32d85d273e70b98a658d73ae4b0e0b450-300x134.png\" alt=\"\" width=\"300\" height=\"134\" \/><\/p>\n","protected":false},"excerpt":{"rendered":"<ul>\n<li>\n<h4 class=\"tit\">Nejlep\u0161\u00ed technologie pro dosa\u017een\u00ed vysok\u00e9 \u00fa\u010dinnosti a m\u00e9n\u011b optick\u00e9ho v\u00fdkonu odlesku<\/h4>\n<div class=\"desc\"><\/div>\n<p>Neosl\u0148uj\u00edc\u00ed z \u00fazk\u00e9ho paprsku reflektoru<br \/>\nBez blik\u00e1n\u00ed prok\u00e1z\u00e1no a\u017e do 1500 fps,\u00a0 ultra zpomalen\u00e9<br \/>\nVysok\u00fd obsah CRI a R9 lep\u0161\u00ed viditelnost<br \/>\nPropojen\u00ed s kabelov\u00fdm a bezdr\u00e1tov\u00fdm \u0159\u00eddic\u00edm syst\u00e9mem i pro ovl\u00e1d\u00e1n\u00ed osv\u011btlen\u00ed ud\u00e1lost\u00ed<\/li>\n<\/ul>\n","protected":false},"featured_media":311,"comment_status":"open","ping_status":"closed","template":"","meta":{"_et_pb_use_builder":"","_et_pb_old_content":"","_et_gb_content_width":""},"_links":{"self":[{"href":"https:\/\/www.led-llt.eu\/index.php?rest_route=\/wp\/v2\/product\/310"}],"collection":[{"href":"https:\/\/www.led-llt.eu\/index.php?rest_route=\/wp\/v2\/product"}],"about":[{"href":"https:\/\/www.led-llt.eu\/index.php?rest_route=\/wp\/v2\/types\/product"}],"replies":[{"embeddable":true,"href":"https:\/\/www.led-llt.eu\/index.php?rest_route=%2Fwp%2Fv2%2Fcomments&post=310"}],"wp:featuredmedia":[{"embeddable":true,"href":"https:\/\/www.led-llt.eu\/index.php?rest_route=\/wp\/v2\/media\/311"}],"wp:attachment":[{"href":"https:\/\/www.led-llt.eu\/index.php?rest_route=%2Fwp%2Fv2%2Fmedia&parent=310"}],"curies":[{"name":"wp","href":"https:\/\/api.w.org\/{rel}","templated":true}]}}