{"id":1215,"date":"2020-03-25T19:13:07","date_gmt":"2020-03-25T18:13:07","guid":{"rendered":"https:\/\/www.led-llt.eu\/?post_type=product&#038;p=1215"},"modified":"2020-03-25T19:13:21","modified_gmt":"2020-03-25T18:13:21","slug":"604015-3w-4w-6w-9w-12w-15w-18w","status":"publish","type":"product","link":"https:\/\/www.led-llt.eu\/?product=604015-3w-4w-6w-9w-12w-15w-18w","title":{"rendered":"604015 &#8211; 3W\/4W\/6W\/9W\/12W\/15W\/18W"},"content":{"rendered":"<p>Pou\u017eit\u00ed &#8211; Opera\u010dn\u00ed s\u00e1l, Nemocnice, zubn\u00ed kliniky a plastick\u00e9 chirurgie, Laborato\u0159 biologie a medic\u00edny, muzeum atd.<\/p>\n<p>&nbsp;<\/p>\n<p>&nbsp;<\/p>\n","protected":false},"excerpt":{"rendered":"<h4>Kl\u00ed\u010dov\u00e9 vlastnosti<\/h4>\n<h6>&#8211; P\u0159ijet\u00ed vysoce kvalitn\u00edho \u010dipu, st\u00e1l\u00fd proudov\u00fd ovlada\u010d LED, stabiln\u00ed v\u00fdkon, \u017eivotnost p\u0159es 35 tis\u00edc hodin.<br \/>\n&#8211; P\u0159ijet\u00ed vysoce kvalitn\u00ed sv\u011btlovodn\u00e9 desky a vysoce kvalitn\u00ed difuzn\u00ed desky, CRI&gt; 80, efektivn\u00ed a pohodln\u00e9.<br \/>\n&#8211; \u00da\u010dinek \u00faspory energie je mnohem v\u00edce ne\u017e 60% ve srovn\u00e1n\u00ed s b\u011b\u017en\u00fdmi lampami.<br \/>\n&#8211; M\u00e1 zapu\u0161t\u011bn\u00e9, povrchov\u00e9 a z\u00e1v\u011bsn\u00e9 za\u0159\u00edzen\u00ed.<\/h6>\n","protected":false},"featured_media":1212,"comment_status":"open","ping_status":"closed","template":"","meta":{"_et_pb_use_builder":"","_et_pb_old_content":"","_et_gb_content_width":""},"_links":{"self":[{"href":"https:\/\/www.led-llt.eu\/index.php?rest_route=\/wp\/v2\/product\/1215"}],"collection":[{"href":"https:\/\/www.led-llt.eu\/index.php?rest_route=\/wp\/v2\/product"}],"about":[{"href":"https:\/\/www.led-llt.eu\/index.php?rest_route=\/wp\/v2\/types\/product"}],"replies":[{"embeddable":true,"href":"https:\/\/www.led-llt.eu\/index.php?rest_route=%2Fwp%2Fv2%2Fcomments&post=1215"}],"wp:featuredmedia":[{"embeddable":true,"href":"https:\/\/www.led-llt.eu\/index.php?rest_route=\/wp\/v2\/media\/1212"}],"wp:attachment":[{"href":"https:\/\/www.led-llt.eu\/index.php?rest_route=%2Fwp%2Fv2%2Fmedia&parent=1215"}],"curies":[{"name":"wp","href":"https:\/\/api.w.org\/{rel}","templated":true}]}}