{"id":1173,"date":"2020-03-25T15:00:10","date_gmt":"2020-03-25T14:00:10","guid":{"rendered":"https:\/\/www.led-llt.eu\/?post_type=product&#038;p=1173"},"modified":"2020-03-25T15:03:13","modified_gmt":"2020-03-25T14:03:13","slug":"603005-12w-20w-40w","status":"publish","type":"product","link":"https:\/\/www.led-llt.eu\/?product=603005-12w-20w-40w","title":{"rendered":"603005 &#8211; 12W\/20W\/40W"},"content":{"rendered":"<p>Pou\u017eit\u00ed -Osv\u011btlen\u00ed chladic\u00edch sklad\u016f a osv\u011btlen\u00ed chladn\u00fdch \u0159et\u011bz\u016f, parkovi\u0161t\u011b, supermarket, potravin\u00e1\u0159sk\u00e1 tov\u00e1rna<\/p>\n<p><img decoding=\"async\" loading=\"lazy\" class=\"alignnone size-medium wp-image-545\" src=\"https:\/\/www.led-llt.eu\/wp-content\/uploads\/2020\/03\/20190605015458247-300x144.jpg\" alt=\"\" width=\"300\" height=\"144\" \/> <img decoding=\"async\" loading=\"lazy\" class=\"alignnone size-medium wp-image-546\" src=\"https:\/\/www.led-llt.eu\/wp-content\/uploads\/2020\/03\/20190605015458944-300x111.jpg\" alt=\"\" width=\"300\" height=\"111\" \/><img decoding=\"async\" loading=\"lazy\" class=\"alignnone size-medium wp-image-544\" src=\"https:\/\/www.led-llt.eu\/wp-content\/uploads\/2020\/03\/20190605015458192-300x106.jpg\" alt=\"\" width=\"300\" height=\"106\" \/><\/p>\n<p>&nbsp;<\/p>\n","protected":false},"excerpt":{"rendered":"<h4>Vlastnosti<\/h4>\n<p>&#8211; Na obou stran\u00e1ch t\u011bla sv\u00edtilny jsou dv\u011b z\u00e1str\u010dky. Ka\u017ed\u00e1 z\u00e1str\u010dka je vybavena dobr\u00fdm vodot\u011bsn\u00fdm silikonem, aby se dos\u00e1hlo dvojit\u00e9 vodot\u011bsn\u00e9 funkce.<br \/>\n&#8211; Materi\u00e1l vodot\u011bsn\u00e9 kabelov\u00e9 pr\u016fchodky je z nerezov\u00e9 oceli a materi\u00e1l t\u011bla je hlin\u00edkov\u00e1 slitina. P\u0159\u00edprava povrchu je eloxovan\u00e1 st\u0159\u00edbrn\u00e1 hmota.<br \/>\n&#8211; Hlin\u00edkov\u00e1 deska a nastavovac\u00ed deska jsou kontaktov\u00e1ny s nulovou vzd\u00e1lenost\u00ed. Tento dobr\u00fd design m\u016f\u017ee zlep\u0161it p\u0159enos tepla a vhodn\u00fd pro v\u00fdrobu vysok\u00e9 energie.<br \/>\n&#8211; prizmatick\u00fd difuzor s jedine\u010dn\u00fdm tvarov\u00fdm designem pro z\u00edsk\u00e1n\u00ed pr\u016fm\u011brn\u00e9ho paprsku, efektivn\u00ed vyu\u017eit\u00ed sv\u011btla a dobr\u00fd efekt osln\u011bn\u00ed.<br \/>\n&#8211; Snadn\u00e1 a rychl\u00e1 instalace pod strop nebo zav\u011b\u0161en\u00ed.<\/p>\n","protected":false},"featured_media":1174,"comment_status":"open","ping_status":"closed","template":"","meta":{"_et_pb_use_builder":"","_et_pb_old_content":"","_et_gb_content_width":""},"_links":{"self":[{"href":"https:\/\/www.led-llt.eu\/index.php?rest_route=\/wp\/v2\/product\/1173"}],"collection":[{"href":"https:\/\/www.led-llt.eu\/index.php?rest_route=\/wp\/v2\/product"}],"about":[{"href":"https:\/\/www.led-llt.eu\/index.php?rest_route=\/wp\/v2\/types\/product"}],"replies":[{"embeddable":true,"href":"https:\/\/www.led-llt.eu\/index.php?rest_route=%2Fwp%2Fv2%2Fcomments&post=1173"}],"wp:featuredmedia":[{"embeddable":true,"href":"https:\/\/www.led-llt.eu\/index.php?rest_route=\/wp\/v2\/media\/1174"}],"wp:attachment":[{"href":"https:\/\/www.led-llt.eu\/index.php?rest_route=%2Fwp%2Fv2%2Fmedia&parent=1173"}],"curies":[{"name":"wp","href":"https:\/\/api.w.org\/{rel}","templated":true}]}}