{"id":1170,"date":"2020-03-25T14:52:12","date_gmt":"2020-03-25T13:52:12","guid":{"rendered":"https:\/\/www.led-llt.eu\/?post_type=product&#038;p=1170"},"modified":"2020-03-25T18:48:51","modified_gmt":"2020-03-25T17:48:51","slug":"603004-30w-40w-60w-80w","status":"publish","type":"product","link":"https:\/\/www.led-llt.eu\/?product=603004-30w-40w-60w-80w","title":{"rendered":"603004 &#8211; 30W\/40W\/60W\/80W"},"content":{"rendered":"<p>Pou\u017eit\u00ed &#8211; Supermarkety, tov\u00e1rny, d\u00edlny, sklady, gar\u00e1\u017ee, parkovi\u0161t\u011b.<\/p>\n<p>&nbsp;<\/p>\n","protected":false},"excerpt":{"rendered":"<h4>Vlastnosti<\/h4>\n<p>&#8211; Na obou stran\u00e1ch t\u011bla sv\u00edtilny jsou dv\u011b z\u00e1str\u010dky. Ka\u017ed\u00e1 z\u00e1str\u010dka je vybavena dobr\u00fdm vodot\u011bsn\u00fdm silikonem, aby se dos\u00e1hlo dvojit\u00e9 vodot\u011bsn\u00e9 funkce.<br \/>\n&#8211; Materi\u00e1l vodot\u011bsn\u00e9 kabelov\u00e9 pr\u016fchodky je z nerezov\u00e9 oceli a materi\u00e1l t\u011bla je hlin\u00edkov\u00e1 slitina. P\u0159\u00edprava povrchu je eloxovan\u00e1 st\u0159\u00edbrn\u00e1 hmota.<br \/>\n&#8211; Hlin\u00edkov\u00e1 deska a nastavovac\u00ed deska jsou kontaktov\u00e1ny s nulovou vzd\u00e1lenost\u00ed. Tento dobr\u00fd design m\u016f\u017ee zlep\u0161it p\u0159enos tepla a vhodn\u00fd pro v\u00fdrobu vysok\u00e9 energie.<br \/>\n&#8211; prizmatick\u00fd difuzor s jedine\u010dn\u00fdm tvarov\u00fdm designem pro z\u00edsk\u00e1n\u00ed pr\u016fm\u011brn\u00e9ho paprsku, efektivn\u00ed vyu\u017eit\u00ed sv\u011btla a dobr\u00fd efekt osln\u011bn\u00ed.<br \/>\n&#8211; Snadn\u00e1 a rychl\u00e1 instalace pod strop nebo zav\u011b\u0161en\u00ed.<\/p>\n","protected":false},"featured_media":1171,"comment_status":"open","ping_status":"closed","template":"","meta":{"_et_pb_use_builder":"","_et_pb_old_content":"","_et_gb_content_width":""},"_links":{"self":[{"href":"https:\/\/www.led-llt.eu\/index.php?rest_route=\/wp\/v2\/product\/1170"}],"collection":[{"href":"https:\/\/www.led-llt.eu\/index.php?rest_route=\/wp\/v2\/product"}],"about":[{"href":"https:\/\/www.led-llt.eu\/index.php?rest_route=\/wp\/v2\/types\/product"}],"replies":[{"embeddable":true,"href":"https:\/\/www.led-llt.eu\/index.php?rest_route=%2Fwp%2Fv2%2Fcomments&post=1170"}],"wp:featuredmedia":[{"embeddable":true,"href":"https:\/\/www.led-llt.eu\/index.php?rest_route=\/wp\/v2\/media\/1171"}],"wp:attachment":[{"href":"https:\/\/www.led-llt.eu\/index.php?rest_route=%2Fwp%2Fv2%2Fmedia&parent=1170"}],"curies":[{"name":"wp","href":"https:\/\/api.w.org\/{rel}","templated":true}]}}