{"id":1166,"date":"2020-03-25T14:39:35","date_gmt":"2020-03-25T13:39:35","guid":{"rendered":"https:\/\/www.led-llt.eu\/?post_type=product&#038;p=1166"},"modified":"2020-03-25T18:47:28","modified_gmt":"2020-03-25T17:47:28","slug":"603001-9w-12w-18w-22w","status":"publish","type":"product","link":"https:\/\/www.led-llt.eu\/?product=603001-9w-12w-18w-22w","title":{"rendered":"603001 &#8211; 9W\/12W\/18W\/22W"},"content":{"rendered":"<p>Pou\u017eit\u00ed &#8211; Supermarkety, tov\u00e1rny, d\u00edlny, sklady, gar\u00e1\u017ee, parkovi\u0161t\u011b.<\/p>\n<p>&nbsp;<\/p>\n","protected":false},"excerpt":{"rendered":"<h4>Vlastnosti<\/h4>\n<p>&#8211; P\u0159ijet\u00ed SMD jako plastu zdroje sv\u011btla s hlin\u00edkov\u00fdm t\u011blem a ml\u00e9\u010dn\u00fdm krytem.<br \/>\n&#8211; Polovodi\u010dov\u00e9 osv\u011btlovac\u00ed za\u0159\u00edzen\u00ed, funguje dob\u0159e v drsn\u00fdch podm\u00ednk\u00e1ch hork\u00e9 nebo chladn\u00e9 teploty.<br \/>\n&#8211; Okam\u017eit\u011b zapnuto, nevy\u017eaduje se zah\u0159\u00edvac\u00ed doba.<br \/>\n&#8211; Vysok\u00e1 \u00fa\u010dinnost osv\u011btlen\u00ed a n\u00edzk\u00e1 spot\u0159eba energie.<br \/>\n&#8211; Navr\u017eeno jako n\u00e1hrada b\u011b\u017en\u00fdch z\u00e1\u0159ivek.<br \/>\n&#8211; \u017d\u00e1dn\u00e9 emise EMI, bez r\u00e1diov\u00e9ho ru\u0161en\u00ed.<br \/>\n&#8211; \u017d\u00e1dn\u00e9 blik\u00e1n\u00ed, \u017e\u00e1dn\u00e1 facula.<br \/>\n&#8211; Bez rtuti, bez olova.<br \/>\n&#8211; Izolovan\u00fd ovlada\u010d konstantn\u00edho proudu.<\/p>\n","protected":false},"featured_media":1167,"comment_status":"open","ping_status":"closed","template":"","meta":{"_et_pb_use_builder":"","_et_pb_old_content":"","_et_gb_content_width":""},"_links":{"self":[{"href":"https:\/\/www.led-llt.eu\/index.php?rest_route=\/wp\/v2\/product\/1166"}],"collection":[{"href":"https:\/\/www.led-llt.eu\/index.php?rest_route=\/wp\/v2\/product"}],"about":[{"href":"https:\/\/www.led-llt.eu\/index.php?rest_route=\/wp\/v2\/types\/product"}],"replies":[{"embeddable":true,"href":"https:\/\/www.led-llt.eu\/index.php?rest_route=%2Fwp%2Fv2%2Fcomments&post=1166"}],"wp:featuredmedia":[{"embeddable":true,"href":"https:\/\/www.led-llt.eu\/index.php?rest_route=\/wp\/v2\/media\/1167"}],"wp:attachment":[{"href":"https:\/\/www.led-llt.eu\/index.php?rest_route=%2Fwp%2Fv2%2Fmedia&parent=1166"}],"curies":[{"name":"wp","href":"https:\/\/api.w.org\/{rel}","templated":true}]}}