{"id":1049,"date":"2020-03-15T13:32:31","date_gmt":"2020-03-15T12:32:31","guid":{"rendered":"https:\/\/www.led-llt.eu\/?post_type=product&#038;p=1049"},"modified":"2020-03-15T13:40:08","modified_gmt":"2020-03-15T12:40:08","slug":"802001-100w-160w-200w-300w","status":"publish","type":"product","link":"https:\/\/www.led-llt.eu\/?product=802001-100w-160w-200w-300w","title":{"rendered":"802001 &#8211; 100W\/160W\/200W\/300W"},"content":{"rendered":"<p>Pou\u017eit\u00ed &#8211; \u0158ada LED High Bay\u00a0 sv\u00edtidla m\u016f\u017eou b\u00fdt \u0161iroce pou\u017e\u00edv\u00e1na ve venkovn\u00edch nebo vnit\u0159n\u00edch prostor\u00e1ch, jako jsou mechanick\u00e9 nebo elektronick\u00e9 zpracovatelsk\u00e9 d\u00edlny, sklady, ocel\u00e1rny, benzinov\u00e9 stanice, m\u00fdtn\u00e9 st\u00e1nky, \u010dek\u00e1rny, n\u00e1stupi\u0161t\u011b \u017eelezni\u010dn\u00ed stanice,\u00a0 stadiony a stany na p\u011bstov\u00e1n\u00ed kv\u011btin atd.<\/p>\n<p><img decoding=\"async\" loading=\"lazy\" class=\"alignnone size-medium wp-image-826\" src=\"https:\/\/www.led-llt.eu\/wp-content\/uploads\/2020\/03\/UFO-1-300x261.png\" alt=\"\" width=\"300\" height=\"261\" \/><\/p>\n<p>&nbsp;<\/p>\n","protected":false},"excerpt":{"rendered":"<h4>Vlastnosti<\/h4>\n<p>\u2022 Instalace: \u0159et\u011bz \/ dr\u017e\u00e1k kabelu \/ dr\u017e\u00e1k ty\u010de<\/p>\n<p>\u2022 Stm\u00edv\u00e1n\u00ed: 0 ~ 10v<\/p>\n<p>\u2022 130 lm \/ w a \u017eivotnost 50 000H<\/p>\n<p>\u2022 Jmenovit\u00fd v\u00fdkon: 110 ~ 300w<\/p>\n","protected":false},"featured_media":1050,"comment_status":"open","ping_status":"closed","template":"","meta":{"_et_pb_use_builder":"","_et_pb_old_content":"","_et_gb_content_width":""},"_links":{"self":[{"href":"https:\/\/www.led-llt.eu\/index.php?rest_route=\/wp\/v2\/product\/1049"}],"collection":[{"href":"https:\/\/www.led-llt.eu\/index.php?rest_route=\/wp\/v2\/product"}],"about":[{"href":"https:\/\/www.led-llt.eu\/index.php?rest_route=\/wp\/v2\/types\/product"}],"replies":[{"embeddable":true,"href":"https:\/\/www.led-llt.eu\/index.php?rest_route=%2Fwp%2Fv2%2Fcomments&post=1049"}],"wp:featuredmedia":[{"embeddable":true,"href":"https:\/\/www.led-llt.eu\/index.php?rest_route=\/wp\/v2\/media\/1050"}],"wp:attachment":[{"href":"https:\/\/www.led-llt.eu\/index.php?rest_route=%2Fwp%2Fv2%2Fmedia&parent=1049"}],"curies":[{"name":"wp","href":"https:\/\/api.w.org\/{rel}","templated":true}]}}