{"id":1012,"date":"2020-03-12T16:06:16","date_gmt":"2020-03-12T15:06:16","guid":{"rendered":"https:\/\/www.led-llt.eu\/?post_type=product&#038;p=1012"},"modified":"2020-03-12T16:10:21","modified_gmt":"2020-03-12T15:10:21","slug":"805006-9w-12w","status":"publish","type":"product","link":"https:\/\/www.led-llt.eu\/?product=805006-9w-12w","title":{"rendered":"805007 &#8211; 9W\/12W"},"content":{"rendered":"<p>Pou\u017eit\u00ed &#8211;\u00a0kancel\u00e1\u0159, zasedac\u00ed m\u00edstnost, hala, hotel, supermarket, obchod atd.<\/p>\n<p>&nbsp;<\/p>\n<p>&nbsp;<\/p>\n","protected":false},"excerpt":{"rendered":"<h4>Vlastnosti<\/h4>\n<p>\u2022 Struktura je nov\u00e1 a vzhled je kr\u00e1sn\u00fd<\/p>\n<p>\u2022 vysok\u00e1 \u00fa\u010dinnost a \u00faspora energie, sv\u011bteln\u00e1 \u00fa\u010dinnost a\u017e 85LM \/ W<\/p>\n<p>\u2022 \u017divotnost n\u00e1vrhu je a\u017e 50000H nebo v\u00edce<\/p>\n<p>\u2022 sv\u011btlo je m\u011bkk\u00e9, \u017e\u00e1dn\u00e9 stroboskopick\u00e9<\/p>\n<p>\u2022 Produkt je ekologick\u00fd a \u0161etrn\u00fd k \u017eivotn\u00edmu prost\u0159ed\u00ed<\/p>\n<p>\u2022 funkce stm\u00edv\u00e1n\u00ed tyristor\u016f, funkce barevn\u00e9 teploty p\u0159ep\u00edna\u010de \u010d\u00edseln\u00edku<\/p>\n","protected":false},"featured_media":1013,"comment_status":"open","ping_status":"closed","template":"","meta":{"_et_pb_use_builder":"","_et_pb_old_content":"","_et_gb_content_width":""},"_links":{"self":[{"href":"https:\/\/www.led-llt.eu\/index.php?rest_route=\/wp\/v2\/product\/1012"}],"collection":[{"href":"https:\/\/www.led-llt.eu\/index.php?rest_route=\/wp\/v2\/product"}],"about":[{"href":"https:\/\/www.led-llt.eu\/index.php?rest_route=\/wp\/v2\/types\/product"}],"replies":[{"embeddable":true,"href":"https:\/\/www.led-llt.eu\/index.php?rest_route=%2Fwp%2Fv2%2Fcomments&post=1012"}],"wp:featuredmedia":[{"embeddable":true,"href":"https:\/\/www.led-llt.eu\/index.php?rest_route=\/wp\/v2\/media\/1013"}],"wp:attachment":[{"href":"https:\/\/www.led-llt.eu\/index.php?rest_route=%2Fwp%2Fv2%2Fmedia&parent=1012"}],"curies":[{"name":"wp","href":"https:\/\/api.w.org\/{rel}","templated":true}]}}