{"id":10180,"date":"2021-11-11T18:22:03","date_gmt":"2021-11-11T17:22:03","guid":{"rendered":"https:\/\/www.led-llt.eu\/?page_id=10180"},"modified":"2021-11-11T18:26:54","modified_gmt":"2021-11-11T17:26:54","slug":"10180-2","status":"publish","type":"page","link":"https:\/\/www.led-llt.eu\/?page_id=10180","title":{"rendered":"Zpracov\u00e1ni osobnich \u00fadaj\u016f"},"content":{"rendered":"\n[et_pb_section fb_built=&#8220;1&#8243; _builder_version=&#8220;4.3.1&#8243;][et_pb_row _builder_version=&#8220;4.3.1&#8243;][et_pb_column _builder_version=&#8220;4.3.1&#8243; type=&#8220;4_4&#8243;][et_pb_text _builder_version=&#8220;4.3.1&#8243; hover_enabled=&#8220;0&#8243;]<p class=\"-wm-MsoNormal\"><span>P\u0159e\u010dt\u011bte si, jak zpracov\u00e1v\u00e1me osobn\u00ed \u00fadaje v souvislosti s provozem na\u0161ich webov\u00fdch str\u00e1nek:<\/span> <span><a href=\"https:\/\/www.led-llt.eu\/\">https:\/\/www.led-llt.eu\/<\/a><\/span><\/p>\n<p class=\"-wm-MsoNormal\"><b><span>Spr\u00e1vce osobn\u00edch \u00fadaj\u016f<\/span><\/b><span><\/span><\/p>\n<p class=\"-wm-MsoNormal\"><span>Provozovatelem webov\u00e9 str\u00e1nky a spr\u00e1vcem osobn\u00edch \u00fadaj\u016f je spole\u010dnost Lamp Lighting Technology s.r.o., I\u010c: 03610101, s\u00eddlem Ko\u0148sk\u00e1 599, 739 61 T\u0159inec \u00a0(d\u00e1le tak\u00e9 jen \u201e<b>Spole\u010dnost<\/b>\u201c).<\/span><span><\/span><\/p>\n<p class=\"-wm-MsoNormal\"><b><span>Kontaktn\u00ed formul\u00e1\u0159<\/span><\/b><span><\/span><\/p>\n<p class=\"-wm-MsoNormal\"><span>Pokud jste n\u00e1m poslali zpr\u00e1vu p\u0159es formul\u00e1\u0159 na na\u0161ich webov\u00fdch str\u00e1nk\u00e1ch, m\u016f\u017eeme v\u00e1s kontaktovat v\u00a0souvislosti s\u00a0obsahem va\u0161\u00ed zpr\u00e1vy. Za t\u00edmto \u00fa\u010delem zpracov\u00e1v\u00e1me va\u0161e jm\u00e9no, kontaktn\u00ed \u00fadaje a obsah na\u0161\u00ed komunikace.<\/span><\/p>\n<p class=\"-wm-MsoNormal\"><span>Pr\u00e1vn\u00edm z\u00e1kladem zpracov\u00e1n\u00ed je bu\u010f jedn\u00e1n\u00ed o uzav\u0159en\u00ed smlouvy, nebo n\u00e1\u0161 opr\u00e1vn\u011bn\u00fd z\u00e1jem na komunikaci s\u00a0ve\u0159ejnost\u00ed, a to podle toho, \u010deho se va\u0161e zpr\u00e1va t\u00fdk\u00e1.<\/span><\/p>\n<p class=\"-wm-MsoNormal\"><span>Osobn\u00ed \u00fadaje zpracov\u00e1v\u00e1me po nezbytn\u011b nutnou dobu. Pokud nedojde k\u00a0uzav\u0159en\u00ed smlouvy, uchov\u00e1me va\u0161e osobn\u00ed \u00fadaje maxim\u00e1ln\u011b po dobu 3 m\u011bs\u00edc\u016f od vy\u0159\u00edzen\u00ed va\u0161eho dotazu \u010di po\u017eadavku.<\/span><\/p>\n<p class=\"-wm-MsoNormal\"><b><span>Komu osobn\u00ed \u00fadaje p\u0159ed\u00e1v\u00e1me<\/span><\/b><span><\/span><\/p>\n<p class=\"-wm-MsoNormal\"><span>Va\u0161e osobn\u00ed \u00fadaje m\u016f\u017eeme sd\u011blit na\u0161im dodavatel\u016fm, kte\u0159\u00ed zprost\u0159edkov\u00e1vaj\u00ed anebo poskytuj\u00ed \u010d\u00e1sti na\u0161ich slu\u017eeb, nap\u0159\u00edklad subdodavatel\u016fm. Pokud zastupujete partnera, kter\u00fd za n\u00e1s poskytuje n\u011bkter\u00e1 pln\u011bn\u00ed, m\u016f\u017eeme va\u0161e osobn\u00ed \u00fadaje sd\u011blovat na\u0161im klient\u016fm. V\u00a0p\u0159\u00edpad\u011b problematick\u00fdch pohled\u00e1vek m\u016f\u017eeme p\u0159\u00edpady a s\u00a0t\u00edm souvisej\u00edc\u00ed osobn\u00ed \u00fadaje p\u0159edat extern\u00edm agentur\u00e1m nebo pr\u00e1vn\u00edm z\u00e1stupc\u016fm.<\/span><\/p>\n<p class=\"-wm-MsoNormal\"><span>K osobn\u00edm \u00fadaj\u016fm budou m\u00edt p\u0159\u00edstup na\u0161i zam\u011bstnanci v\u00a0nezbytn\u00e9 m\u00ed\u0159e. Osobn\u00ed \u00fadaje tak\u00e9 m\u016f\u017eeme sd\u00edlet se spolehliv\u00fdmi zpracovateli.<\/span><\/p>\n<p class=\"-wm-MsoNormal\"><b><span>Kde osobn\u00ed \u00fadaje uchov\u00e1v\u00e1me<\/span><\/b><span><\/span><\/p>\n<p class=\"-wm-MsoNormal\"><span>Pou\u017e\u00edv\u00e1me elektronick\u00e1 \u00falo\u017ei\u0161t\u011b nach\u00e1zej\u00edc\u00ed se v\u00a0\u010dlensk\u00fdch zem\u00edch Evropsk\u00e9 Unie. To je d\u016fle\u017eit\u00e9 proto, \u017ee\u00a0zem\u011b EU poskytuj\u00ed osobn\u00edm \u00fadaj\u016fm jednotn\u00fd vysok\u00fd stupe\u0148 ochrany. T\u00edm je pos\u00edlena bezpe\u010dnost va\u0161ich \u00fadaj\u016f.<\/span><\/p>\n<p class=\"-wm-MsoNormal\"><b><span>Jak\u00e1 m\u00e1te pr\u00e1va<\/span><\/b><span><\/span><\/p>\n<p class=\"-wm-MsoNormal\"><span>Podle pr\u00e1vn\u00edch p\u0159edpis\u016f m\u00e1te pr\u00e1vo n\u00e1s po\u017e\u00e1dat o to, abychom v\u00e1m poskytli informace \u010di provedli n\u011bkter\u00e9 operace s\u00a0osobn\u00edmi \u00fadaji.<\/span><\/p>\n<p class=\"-wm-MsoNormal\"><b><span>Pr\u00e1vo na p\u0159\u00edstup:<\/span><\/b><span>\u00a0M\u00e1te pr\u00e1vo na kopii osobn\u00edch \u00fadaje, kter\u00e9 o v\u00e1s uchov\u00e1v\u00e1me, a na ur\u010dit\u00e9 informace o\u00a0tom, jak je vyu\u017e\u00edv\u00e1me.<\/span><\/p>\n<p class=\"-wm-MsoNormal\"><b><span>Pr\u00e1vo na opravu:\u00a0<\/span><\/b><span>Pokud se domn\u00edv\u00e1te, \u017ee jsou informace, kter\u00e9 o v\u00e1s m\u00e1me, nep\u0159esn\u00e9, m\u016f\u017eete n\u00e1s po\u017e\u00e1dat o jejich aktualizaci \u010di zm\u011bnu.<\/span><\/p>\n<p class=\"-wm-MsoNormal\"><b><span>Pr\u00e1vo vzn\u00e9st n\u00e1mitku:\u00a0<\/span><\/b><span>M\u00e1te pr\u00e1vo vzn\u00e9st n\u00e1mitku proti zpracov\u00e1n\u00ed, kter\u00e9 prov\u00e1d\u00edme za \u00fa\u010delem opr\u00e1vn\u011bn\u00e9ho z\u00e1jmu. Pokud nem\u00e1me s\u00a0va\u0161\u00ed spole\u010dnost\u00ed aktu\u00e1ln\u00ed obchodn\u00ed vztah, m\u016f\u017eete nap\u0159\u00edklad kdykoliv po\u017e\u00e1dat, \u017ee v\u00e1s ji\u017e nem\u00e1me kontaktovat.<\/span><\/p>\n<p class=\"-wm-MsoNormal\"><b><span>Pr\u00e1vo odvolat souhlas:\u00a0<\/span><\/b><span>Pokud osobn\u00ed \u00fadaje zpracov\u00e1v\u00e1me s\u00a0va\u0161\u00edm souhlasem, m\u016f\u017eete souhlas s\u00a0dal\u0161\u00edm u\u017eit\u00edm kdykoliv odvolat. Ke zpracov\u00e1n\u00ed osobn\u00edch \u00fadaj\u016f v\u0161ak zpravidla souhlas nepot\u0159ebujeme.<\/span><\/p>\n<p class=\"-wm-MsoNormal\"><b><span>Pr\u00e1vo na v\u00fdmaz:\u00a0<\/span><\/b><span>Za ur\u010dit\u00fdch okolnost\u00ed m\u00e1te pr\u00e1vo n\u00e1s po\u017e\u00e1dat, abychom va\u0161e \u00fadaje vymazali, nap\u0159\u00edklad pokud ji\u017e osobn\u00ed \u00fadaje nejsou nutn\u00e9 pro p\u016fvodn\u00ed \u00fa\u010del.<\/span><\/p>\n<p class=\"-wm-MsoNormal\"><b><span>Pr\u00e1vo na p\u0159enositelnost \u00fadaj\u016f:<\/span><\/b><span>\u00a0Jde o pr\u00e1vo na poskytnut\u00ed osobn\u00edch \u00fadaj\u016f ve strojov\u011b \u010diteln\u00e9m form\u00e1tu, kter\u00e9 se uplatn\u00ed u osobn\u00edch \u00fadaj\u016f, kter\u00e9 jste n\u00e1m poskytli a kter\u00e9 zpracov\u00e1v\u00e1me pro pln\u011bn\u00ed smlouvy uzav\u0159en\u00e9 s\u00a0v\u00e1mi. S\u00a0ohledem na p\u0159edm\u011bt podnik\u00e1n\u00ed na\u0161\u00ed spole\u010dnosti, bude toto pr\u00e1vo aplikovateln\u00e9 jen omezen\u011b.<\/span><\/p>\n<p class=\"-wm-MsoNormal\"><b><span>Pr\u00e1vo na omezen\u00ed zpracov\u00e1n\u00ed:<\/span><\/b><span>\u00a0Za ur\u010dit\u00fdch okolnost\u00ed m\u00e1te pr\u00e1vo n\u00e1s po\u017e\u00e1dat, abychom p\u0159estali va\u0161e osobn\u00ed informace vyu\u017e\u00edvat, nap\u0159\u00edklad pokud se domn\u00edv\u00e1te, \u017ee osobn\u00ed informace, kter\u00e9 o v\u00e1s uchov\u00e1v\u00e1me, nejsou p\u0159esn\u00e9 nebo pokud se domn\u00edv\u00e1te, \u017ee nen\u00ed pot\u0159eba, abychom va\u0161e osobn\u00ed informace nad\u00e1le vyu\u017e\u00edvali.<\/span><\/p>\n<p class=\"-wm-MsoNormal\"><span>\u017d\u00e1dost m\u016f\u017eete podat pouze vy, pop\u0159\u00edpad\u011b v\u00e1\u0161 zmocn\u011bnec. Pokud si nebudeme jisti identitou \u017eadatele, m\u016f\u017eeme v\u00e1s po\u017e\u00e1dat o dal\u0161\u00ed informace, abychom si va\u0161i toto\u017enost ov\u011b\u0159ili.<\/span><\/p>\n<p class=\"-wm-MsoNormal\"><span>Na\u0161e povinnost \u017e\u00e1dosti vyhov\u011bt v\u00a0n\u011bkter\u00fdch p\u0159\u00edpadech z\u00e1vis\u00ed na tom, pro jak\u00fd \u00fa\u010del va\u0161e \u00fadaje zpracov\u00e1v\u00e1me. N\u011bkter\u00e1 pr\u00e1va lze uplatnit jen pro ur\u010dit\u00e9 \u00fa\u010dely zpracov\u00e1n\u00ed, nebo existuj\u00ed v\u00fdjimky.<\/span><\/p>\n<p class=\"-wm-MsoNormal\"><b><span>Kontaktn\u00ed \u00fadaje<\/span><\/b><span><\/span><\/p>\n<p class=\"-wm-MsoNormal\"><span>V\u00a0p\u0159\u00edpad\u011b dotaz\u016f nebo \u017e\u00e1dost\u00ed ohledn\u011b zpracov\u00e1n\u00ed osobn\u00edch \u00fadaj\u016f n\u00e1s m\u016f\u017eete kontaktovat na emailov\u00e9 adrese <a href=\"mailto:urbanek753@gmail.com\">urbanek753@gmail.com<\/a>. M\u016f\u017eete n\u00e1s tak\u00e9 kontaktovat na adrese na\u0161eho s\u00eddla nebo telefonn\u00edch \u010d\u00edslech uveden\u00fdch na na\u0161ich webov\u00fdch str\u00e1nk\u00e1ch.<\/span><\/p>\n<p class=\"-wm-MsoNormal\"><span>INFORMACE O COOKIES<\/span><\/p>\n<p class=\"-wm-MsoNormal\"><span><br \/>Tento dokument popisuje, jak provozovatel webov\u00e9 str\u00e1nky <a href=\"https:\/\/ciste-mesto.cz\/\">https:\/\/ciste-mesto.cz\/<\/a> pou\u017e\u00edv\u00e1 cookies, kdy\u017e pou\u017e\u00edv\u00e1te na\u0161e webov\u00e9 str\u00e1nky. Provozovatelem webov\u00e9 str\u00e1nky je spole\u010dnost <\/span><span>Lamp Lighting Technology s.r.o., I\u010c: 03610101, s\u00eddlem Ko\u0148sk\u00e1 599, 739 61 T\u0159inec \u00a0(d\u00e1le tak\u00e9 jen \u201e<b>Spole\u010dnost<\/b>\u201c).<\/span><span><\/span><\/p>\n<p class=\"-wm-MsoNormal\"><b><span>\u00a0Co jsou to cookies?\u00a0<\/span><\/b><span><\/span><\/p>\n<p class=\"-wm-MsoNormal\"><span>Cookies jsou mal\u00e9 textov\u00e9 soubory, kter\u00e9 se ulo\u017e\u00ed ve va\u0161em po\u010d\u00edta\u010di, smartphonu nebo jin\u00e9m za\u0159\u00edzen\u00ed p\u0159i\u00a0prohl\u00ed\u017een\u00ed internetov\u00fdch str\u00e1nek nebo aplikac\u00ed, kter\u00e9 umo\u017e\u0148uj\u00ed rozpozn\u00e1n\u00ed u\u017eivatele. Informace ulo\u017een\u00e9 v\u00a0cookies se mohou vztahovat k\u00a0va\u0161im zvyk\u016fm p\u0159i prohl\u00ed\u017een\u00ed internetov\u00fdch str\u00e1nek nebo mohou obsahovat unik\u00e1tn\u00ed identifika\u010dn\u00ed k\u00f3d, kter\u00fd umo\u017e\u0148uje internetov\u00e9 str\u00e1nce rozpoznat v\u00e1s p\u0159i dal\u0161\u00ed n\u00e1v\u0161t\u011bv\u011b.<\/span><\/p>\n<p class=\"-wm-MsoNormal\"><b><span>Jak mohou b\u00fdt soubory cookies pou\u017eity?<\/span><\/b><span><\/span><\/p>\n<p class=\"-wm-MsoNormal\"><span>P\u0159i n\u00e1v\u0161t\u011bv\u011b na\u0161\u00ed webov\u00e9 str\u00e1nky ukl\u00e1d\u00e1me do va\u0161eho prohl\u00ed\u017ee\u010de informace souvisej\u00edc\u00ed s\u00a0va\u0161\u00ed n\u00e1v\u0161t\u011bvou, v\u011bt\u0161inou ve form\u011b soubor\u016f cookie. Jde zejm\u00e9na o informace o va\u0161ich preferenc\u00edch, za\u0159\u00edzen\u00ed, nebo o tom, co jste si prohl\u00ed\u017eeli. Tyto informace pou\u017e\u00edv\u00e1me k\u00a0tomu, abychom n\u00e1\u0161 web vyladili k\u00a0va\u0161\u00ed spokojenosti, k\u00a0vytv\u00e1\u0159en\u00ed relevantn\u00edch marketingov\u00fdch kampan\u00ed a sd\u00edlen\u00ed obsahu na soci\u00e1ln\u00edch s\u00edt\u00edch. Zde si m\u016f\u017eete zvolit, jak\u00e9 soubory cookies m\u016f\u017eeme od va\u0161eho prohl\u00ed\u017ee\u010de ulo\u017eit<\/span><\/p>\n<p class=\"-wm-MsoNormal\"><b><span>Nezbytn\u00e9 cookies<\/span><\/b><span><\/span><\/p>\n<p class=\"-wm-MsoNormal\"><span>Tyto cookies jsou\u00a0nezbytn\u00e9 pro spr\u00e1vn\u00e9 fungov\u00e1n\u00ed str\u00e1nek, umo\u017e\u0148uj\u00ed v\u00e1m pohyb po str\u00e1nk\u00e1ch a zaji\u0161\u0165uj\u00ed spr\u00e1vnou funk\u010dnost. Zahrnuj\u00ed nap\u0159\u00edklad zabepze\u010den\u00ed formul\u00e1\u0159\u016f Google Captchou.<\/span><\/p>\n<p class=\"-wm-MsoNormal\"><b><span>\u00a0Preferen\u010dn\u00ed cookies<\/span><\/b><span><\/span><\/p>\n<p class=\"-wm-MsoNormal\"><span>Preferen\u010dn\u00ed cookies pom\u00e1haj\u00ed na\u0161\u00ed str\u00e1nce personalizovat obsah str\u00e1nky pro v\u00e1s a str\u00e1nka je s\u00a0nimi v\u00fdkonn\u011bj\u0161\u00ed. M\u016f\u017eeme je nastavovat my nebo poskytovatel\u00e9 t\u0159et\u00ed strany, jejich\u017e slu\u017eby na str\u00e1nk\u00e1ch pou\u017e\u00edv\u00e1me. Pokud soubory cookie nepovol\u00edte, je mo\u017en\u00e9, \u017ee n\u011bkter\u00e9 nebo v\u0161echny tyto slu\u017eby nebudou fungovat spr\u00e1vn\u011b.<\/span><\/p>\n<p class=\"-wm-MsoNormal\"><span>V souvislosti s preferen\u010dn\u00edmi cookies shroma\u017e\u010fujeme a zpracov\u00e1v\u00e1me typicky tyto druhy \u00fadaj\u016f: obsah a zm\u011bny v\u00a0ko\u0161\u00edku, volba jazyka.<\/span><\/p>\n<p class=\"-wm-MsoNormal\"><span>Pokud doch\u00e1z\u00ed ke zpracov\u00e1n\u00ed osobn\u00edch \u00fadaj\u016f, je z\u00e1kladem zpracov\u00e1n\u00ed n\u00e1\u0161 opr\u00e1vn\u011bn\u00fd z\u00e1jem.<\/span><\/p>\n<p class=\"-wm-MsoNormal\"><b><span>Analytick\u00e9 cookies<\/span><\/b><span><\/span><\/p>\n<p class=\"-wm-MsoNormal\"><span>Pom\u00e1haj\u00ed sledovat po\u010det n\u00e1v\u0161t\u011bvn\u00edk\u016f a tak\u00e9 z jak\u00e9ho zdroje provoz poch\u00e1z\u00ed, co\u017e n\u00e1m umo\u017e\u0148uje zlep\u0161ovat v\u00fdkon str\u00e1nky. M\u016f\u017eeme s nimi ur\u010dovat, kter\u00e9 str\u00e1nky jsou nejobl\u00edben\u011bj\u0161\u00ed a kter\u00e9 nejsou obl\u00edben\u00e9, a tak\u00e9 sledovat, jak\u00fdm zp\u016fsobem se n\u00e1v\u0161t\u011bvn\u00edci na webu pohybuj\u00ed. Pou\u017e\u00edv\u00e1me pouze agregovan\u00e9 \u00fadaje, ze\u00a0kter\u00fdch nepozn\u00e1me va\u0161i identitu. Pokud pou\u017e\u00edv\u00e1me cookies t\u0159et\u00edch stran, m\u016f\u017ee n\u00e1\u0161 partner tyto informace propojit s\u00a0jin\u00fdmi \u00fadaji, kter\u00e9 o v\u00e1s m\u00e1 t\u0159eba proto, \u017ee vyu\u017e\u00edv\u00e1te jejich slu\u017eby. Pokud soubory cookie nepovol\u00edte, nebudeme v\u011bd\u011bt, kdy jste nav\u0161t\u00edvili na\u0161i str\u00e1nku.<\/span><\/p>\n<p class=\"-wm-MsoNormal\"><span>Pro \u00fa\u010dely analytiky shroma\u017e\u010fujeme a zpracov\u00e1v\u00e1me typicky tyto druhy \u00fadaj\u016f: \u010detnost n\u00e1v\u0161t\u011bvnosti, dobu str\u00e1venou na konkr\u00e9tn\u00ed str\u00e1nce.<\/span><\/p>\n<p class=\"-wm-MsoNormal\"><span>Pokud doch\u00e1z\u00ed ke zpracov\u00e1n\u00ed osobn\u00edch \u00fadaj\u016f, je z\u00e1kladem zpracov\u00e1n\u00ed n\u00e1\u0161 opr\u00e1vn\u011bn\u00fd z\u00e1jem. Pokud v\u0161ak m\u016f\u017ee doj\u00edt k\u00a0propojen\u00ed s\u00a0\u00fadaji na\u0161eho partnera, je pr\u00e1vn\u00edm d\u016fvodem souhlas, kter\u00fd jste ud\u011blili p\u0159i povolen\u00ed dan\u00e9ho druhu cookie.<\/span><\/p>\n<p class=\"-wm-MsoNormal\"><b><span>Reklamn\u00ed cookies<\/span><\/b><span><\/span><\/p>\n<p class=\"-wm-MsoNormal\"><span>Tyto soubory cookie mohou na na\u0161\u00ed str\u00e1nce nastavovat partne\u0159i z reklamy. Mohou je pou\u017e\u00edvat na vytv\u00e1\u0159en\u00ed profil\u016f o va\u0161ich z\u00e1jmech a podle nich v\u00e1m zobrazovat reklamy i na jin\u00fdch str\u00e1nk\u00e1ch. Neukl\u00e1daj\u00ed ale va\u0161e osobn\u00ed informace p\u0159\u00edmo, n\u00fdbr\u017e p\u0159es jedine\u010dn\u00e9 identifik\u00e1tory prohl\u00ed\u017ee\u010de a internetov\u00e9ho za\u0159\u00edzen\u00ed. Pokud je nepovol\u00edte, bude se v\u00e1m zobrazovat na str\u00e1nk\u00e1ch m\u00e9n\u011b c\u00edlen\u00e1 propagace.<\/span><\/p>\n<p class=\"-wm-MsoNormal\"><span>V souvislosti s reklamn\u00edmi cookies shroma\u017e\u010fujeme a zpracov\u00e1v\u00e1me typicky tyto druhy \u00fadaj\u016f: nav\u0161t\u00edven\u00e9 podstr\u00e1nky, pro relevantn\u011bj\u0161\u00ed zobrazov\u00e1n\u00ed reklam.<\/span><\/p>\n<p class=\"-wm-MsoNormal\"><span>Z\u00e1kladem zpracov\u00e1n\u00ed osobn\u00edch \u00fadaj\u016f pro \u00fa\u010dely marketingu je souhlas, kter\u00fd jste ud\u011blili p\u0159i povolen\u00ed dan\u00e9ho druhu cookie.<\/span><\/p>\n<p class=\"-wm-MsoNormal\"><b><span>Tla\u010d\u00edtka soci\u00e1ln\u00edch s\u00edt\u00ed<\/span><\/b><span><\/span><\/p>\n<p class=\"-wm-MsoNormal\"><span>Umo\u017e\u0148uj\u00ed v\u00e1m sd\u00edlet obsah na soci\u00e1ln\u00edch s\u00edt\u00edch jako je Facebook a Twitter nebo spou\u0161t\u011bt videa. Pokud kliknete na tla\u010d\u00edtko soci\u00e1ln\u00ed s\u00edt\u011b nebo na video, m\u016f\u017ee soci\u00e1ln\u00ed s\u00ed\u0165 ulo\u017eit cookie do va\u0161eho prohl\u00ed\u017ee\u010de. Tyto cookies nijak nevyu\u017e\u00edv\u00e1me. Shroma\u017e\u010fov\u00e1n\u00ed informac\u00ed a jejich pou\u017eit\u00ed se \u0159\u00edd\u00ed podm\u00ednkami provozovatele p\u0159\u00edslu\u0161n\u00e9 s\u00edt\u011b.<\/span><\/p>\n<p class=\"-wm-MsoNormal\"><span>Z\u00e1kladem zpracov\u00e1n\u00ed osobn\u00edch \u00fadaj\u016f pro sd\u00edlen\u00ed obsahu se soci\u00e1ln\u00edmi s\u00edt\u011bmi je souhlas, kter\u00fd jste ud\u011blili p\u0159i povolen\u00ed dan\u00e9ho druhu cookie.<\/span><\/p>\n<p class=\"-wm-MsoNormal\"><span>V n\u00e1sleduj\u00edc\u00ed tabulce jsou pops\u00e1ny typy, kategorie a \u00fa\u010dely cookies na t\u011bchto webov\u00fdch str\u00e1nk\u00e1ch.<\/span><\/p>\n<p class=\"-wm-MsoNormal\"><span><a href=\"https:\/\/ciste-mesto.cz\/wp-content\/uploads\/2021\/08\/tabulka-cookies.pdf\"><b>Soubory cookies ve form\u00e1tu PDF<\/b><\/a><\/span><span><\/span><\/p>\n<p class=\"-wm-MsoNormal\"><span>Upozorn\u011bn\u00ed: I t\u0159et\u00ed strany mohou p\u0159i provozu sv\u00fdch str\u00e1nek nebo aplikac\u00ed rovn\u011b\u017e pou\u017e\u00edvat cookies. Pokud kliknete na extern\u00ed odkaz na na\u0161ich str\u00e1nk\u00e1ch, neneseme odpov\u011bdnost za pou\u017eit\u00ed cookies na\u00a0takov\u00fdch str\u00e1nk\u00e1ch.<\/span><\/p>\n<p class=\"-wm-MsoNormal\"><b><span>Nastaven\u00ed cookies<\/span><\/b><span><\/span><\/p>\n<p class=\"-wm-MsoNormal\"><span>Sv\u00e9 nastaven\u00ed cookies m\u016f\u017eete v\u017edy upravit kliknut\u00edm na tla\u010d\u00edtko \u201eSpravovat cookies\u201c v prav\u00e9m doln\u00edm rohu webov\u00fdch str\u00e1nek.<\/span><\/p>\n<p class=\"-wm-MsoNormal\"><b><span>Pr\u00e1va subjekt\u016f \u00fadaj\u016f\u00a0<\/span><\/b><span><\/span><\/p>\n<p class=\"-wm-MsoNormal\"><span>Informace o sv\u00fdch pr\u00e1vech, kter\u00e1 m\u00e1te v\u00a0souvislosti se zpracov\u00e1n\u00edm osobn\u00edch \u00fadaj\u016f p\u0159i pou\u017e\u00edv\u00e1n\u00ed cookies, najdete na t\u00e9to str\u00e1nce viz hlavn\u00ed nadpis Z\u00e1sady ochrany osobn\u00edch \u00fadaj\u016f.<\/span><\/p>\n<p class=\"-wm-MsoNormal\"><b><span>\u00da\u010dinnost dokumentu<\/span><\/b><span><\/span><\/p>\n<p class=\"-wm-MsoNormal\"><span>Tento dokument je \u00fa\u010dinn\u00fd od 26.4.2021.<\/span><\/p>\n[\/et_pb_text][\/et_pb_column][\/et_pb_row][\/et_pb_section]\n","protected":false},"excerpt":{"rendered":"","protected":false},"author":1,"featured_media":0,"parent":0,"menu_order":0,"comment_status":"closed","ping_status":"closed","template":"","meta":{"_et_pb_use_builder":"on","_et_pb_old_content":"","_et_gb_content_width":""},"_links":{"self":[{"href":"https:\/\/www.led-llt.eu\/index.php?rest_route=\/wp\/v2\/pages\/10180"}],"collection":[{"href":"https:\/\/www.led-llt.eu\/index.php?rest_route=\/wp\/v2\/pages"}],"about":[{"href":"https:\/\/www.led-llt.eu\/index.php?rest_route=\/wp\/v2\/types\/page"}],"author":[{"embeddable":true,"href":"https:\/\/www.led-llt.eu\/index.php?rest_route=\/wp\/v2\/users\/1"}],"replies":[{"embeddable":true,"href":"https:\/\/www.led-llt.eu\/index.php?rest_route=%2Fwp%2Fv2%2Fcomments&post=10180"}],"version-history":[{"count":3,"href":"https:\/\/www.led-llt.eu\/index.php?rest_route=\/wp\/v2\/pages\/10180\/revisions"}],"predecessor-version":[{"id":10184,"href":"https:\/\/www.led-llt.eu\/index.php?rest_route=\/wp\/v2\/pages\/10180\/revisions\/10184"}],"wp:attachment":[{"href":"https:\/\/www.led-llt.eu\/index.php?rest_route=%2Fwp%2Fv2%2Fmedia&parent=10180"}],"curies":[{"name":"wp","href":"https:\/\/api.w.org\/{rel}","templated":true}]}}